{"id":666,"date":"2015-05-17T18:23:02","date_gmt":"2015-05-17T18:23:02","guid":{"rendered":"http:\/\/corcia.org\/Imitations\/?page_id=19"},"modified":"2024-11-21T08:46:31","modified_gmt":"2024-11-21T07:46:31","slug":"new-york-city","status":"publish","type":"page","link":"http:\/\/corcia.org\/Im2020\/new-york-city\/","title":{"rendered":"New York City"},"content":{"rendered":"\t\t<div data-elementor-type=\"wp-page\" data-elementor-id=\"666\" class=\"elementor elementor-666\">\n\t\t\t\t\t\t<div class=\"elementor-inner\">\n\t\t\t\t<div class=\"elementor-section-wrap\">\n\t\t\t\t\t\t\t\t\t<section class=\"elementor-section elementor-top-section elementor-element elementor-element-2a35d8c elementor-section-boxed elementor-section-height-default elementor-section-height-default\" data-id=\"2a35d8c\" data-element_type=\"section\">\n\t\t\t\t\t\t<div class=\"elementor-container elementor-column-gap-default\">\n\t\t\t\t\t\t\t<div class=\"elementor-row\">\n\t\t\t\t\t<div class=\"elementor-column elementor-col-100 elementor-top-column elementor-element elementor-element-4a3626b1\" data-id=\"4a3626b1\" data-element_type=\"column\">\n\t\t\t<div class=\"elementor-column-wrap elementor-element-populated\">\n\t\t\t\t\t\t\t<div class=\"elementor-widget-wrap\">\n\t\t\t\t\t\t<div class=\"elementor-element elementor-element-55351a04 elementor-widget elementor-widget-text-editor\" data-id=\"55351a04\" data-element_type=\"widget\" data-widget_type=\"text-editor.default\">\n\t\t\t\t<div class=\"elementor-widget-container\">\n\t\t\t\t\t\t\t\t<div class=\"elementor-text-editor elementor-clearfix\">\n\t\t\t\t<h3><strong>New York,<\/strong> C&rsquo;est la ville de l&rsquo;extr\u00eame, ici tout est PLUS.<\/h3><p>L&rsquo;opulence de immeubles avec concierges en uniforme et limousines en double file autour de central park contre la mis\u00e8re des HLM en brique rouge de Harlem,<br \/>La recherche permanente du d\u00e9passement: l&#8217;empire state building a \u00e9t\u00e9 construit en 11 mois, le \u00ab\u00a0Financial district\u00a0\u00bb h\u00e9berge les plus grosses capitalisations du monde\u00a0 et les faillites les plus retentissantes.<br \/>La hauteur et la densit\u00e9 des immeubles, la profusion des taxis, la foule \u00e0\u00a0 Time square&#8230;.<br \/>&#8230; le prix des h\u00f4tels et des restaurants dans Manhattan.<\/p><p>\u00a0<\/p><p>\u00a0<\/p>\t\t\t\t\t<\/div>\n\t\t\t\t\t\t<\/div>\n\t\t\t\t<\/div>\n\t\t\t\t\t\t<\/div>\n\t\t\t\t\t<\/div>\n\t\t<\/div>\n\t\t\t\t\t\t\t\t<\/div>\n\t\t\t\t\t<\/div>\n\t\t<\/section>\n\t\t\t\t<section class=\"elementor-section elementor-top-section elementor-element elementor-element-3f433dd elementor-section-boxed elementor-section-height-default elementor-section-height-default\" data-id=\"3f433dd\" data-element_type=\"section\">\n\t\t\t\t\t\t<div class=\"elementor-container elementor-column-gap-default\">\n\t\t\t\t\t\t\t<div class=\"elementor-row\">\n\t\t\t\t\t<div class=\"elementor-column elementor-col-100 elementor-top-column elementor-element elementor-element-8e35b2e\" data-id=\"8e35b2e\" data-element_type=\"column\">\n\t\t\t<div class=\"elementor-column-wrap elementor-element-populated\">\n\t\t\t\t\t\t\t<div class=\"elementor-widget-wrap\">\n\t\t\t\t\t\t<div class=\"elementor-element elementor-element-753246f elementor-grid-eael-col-2 elementor-widget__width-inherit elementor-grid-tablet-eael-col-2 elementor-grid-mobile-eael-col-1 elementor-invisible elementor-widget elementor-widget-eael-post-grid\" data-id=\"753246f\" data-element_type=\"widget\" data-settings=\"{&quot;eael_post_grid_columns&quot;:&quot;eael-col-2&quot;,&quot;_animation&quot;:&quot;fadeIn&quot;,&quot;eael_post_grid_columns_tablet&quot;:&quot;eael-col-2&quot;,&quot;eael_post_grid_columns_mobile&quot;:&quot;eael-col-1&quot;}\" data-widget_type=\"eael-post-grid.default\">\n\t\t\t\t<div class=\"elementor-widget-container\">\n\t\t\t<div id=\"eael-post-grid-753246f\" class=\"eael-post-grid-container\">\n            <div class=\"eael-post-grid eael-post-appender eael-post-appender-753246f eael-post-grid-style-one\" data-layout-mode=\"masonry\"><article class=\"eael-grid-post eael-post-grid-column\" data-id=\"195\">\n        <div class=\"eael-grid-post-holder\">\n            <div class=\"eael-grid-post-holder-inner\"><div class=\"eael-entry-media\"><div class=\"eael-entry-overlay fade-in\"><i class=\"fab fa-yammer\" aria-hidden=\"true\"><\/i><a href=\"http:\/\/corcia.org\/Im2020\/nyc-chevalier-eglise\/\"><\/a><\/div><div class=\"eael-entry-thumbnail \">\n                <img loading=\"lazy\" decoding=\"async\" width=\"169\" height=\"300\" src=\"http:\/\/corcia.org\/Im2020\/wp-content\/uploads\/2015\/12\/NYC-Chevalier-eglise-1-169x300.jpg\" class=\"attachment-medium size-medium wp-image-196\" alt=\"\" srcset=\"http:\/\/corcia.org\/Im2020\/wp-content\/uploads\/2015\/12\/NYC-Chevalier-eglise-1-169x300.jpg 169w, http:\/\/corcia.org\/Im2020\/wp-content\/uploads\/2015\/12\/NYC-Chevalier-eglise-1.jpg 394w\" sizes=\"auto, (max-width: 169px) 100vw, 169px\" \/>\n            <\/div>\n        <\/div><div class=\"eael-entry-wrapper\"><header class=\"eael-entry-header\"><h2 class=\"eael-entry-title\"><a\n                        class=\"eael-grid-post-link\"\n                        href=\"http:\/\/corcia.org\/Im2020\/nyc-chevalier-eglise\/\"\n                        title=\"New York  &#8211; Chevalier Riverside Church\">New York  &#8211; Chevalier Riverside Church<\/a><\/h2><\/header><div class=\"eael-entry-content\">\n                        <div class=\"eael-grid-post-excerpt\"><p>Au nord de Harlem, au bord de l&rsquo;Hudson river, la Riverside Church n&rsquo;est pas le.....<\/p><\/div>\n                    <\/div><\/div><\/div>\n        <\/div>\n    <\/article><article class=\"eael-grid-post eael-post-grid-column\" data-id=\"108\">\n        <div class=\"eael-grid-post-holder\">\n            <div class=\"eael-grid-post-holder-inner\"><div class=\"eael-entry-media\"><div class=\"eael-entry-overlay fade-in\"><i class=\"fab fa-yammer\" aria-hidden=\"true\"><\/i><a href=\"http:\/\/corcia.org\/Im2020\/georges-washington-a-federal-building\/\"><\/a><\/div><div class=\"eael-entry-thumbnail \">\n                <img loading=\"lazy\" decoding=\"async\" width=\"204\" height=\"300\" src=\"http:\/\/corcia.org\/Im2020\/wp-content\/uploads\/2015\/05\/Wall-ST-NYC-G-Washington-copie-1-204x300.jpg\" class=\"attachment-medium size-medium wp-image-102\" alt=\"\" srcset=\"http:\/\/corcia.org\/Im2020\/wp-content\/uploads\/2015\/05\/Wall-ST-NYC-G-Washington-copie-1-204x300.jpg 204w, http:\/\/corcia.org\/Im2020\/wp-content\/uploads\/2015\/05\/Wall-ST-NYC-G-Washington-copie-1.jpg 475w\" sizes=\"auto, (max-width: 204px) 100vw, 204px\" \/>\n            <\/div>\n        <\/div><div class=\"eael-entry-wrapper\"><header class=\"eael-entry-header\"><h2 class=\"eael-entry-title\"><a\n                        class=\"eael-grid-post-link\"\n                        href=\"http:\/\/corcia.org\/Im2020\/georges-washington-a-federal-building\/\"\n                        title=\"New York &#8211; Georges Washington a federal building\">New York &#8211; Georges Washington a federal building<\/a><\/h2><\/header><div class=\"eael-entry-content\">\n                        <div class=\"eael-grid-post-excerpt\"><p>!&#8211; wp:image {\u00ab\u00a0id\u00a0\u00bb:663,\u00a0\u00bbsizeSlug\u00a0\u00bb:\u00a0\u00bblarge\u00a0\u00bb} &#8211;&gt; Georges a prete serment 1789 premier president house nouvelle , contenait.....<\/p><\/div>\n                    <\/div><\/div><\/div>\n        <\/div>\n    <\/article><article class=\"eael-grid-post eael-post-grid-column\" data-id=\"106\">\n        <div class=\"eael-grid-post-holder\">\n            <div class=\"eael-grid-post-holder-inner\"><div class=\"eael-entry-media\"><div class=\"eael-entry-overlay fade-in\"><i class=\"fab fa-yammer\" aria-hidden=\"true\"><\/i><a href=\"http:\/\/corcia.org\/Im2020\/106-2\/\"><\/a><\/div><div class=\"eael-entry-thumbnail \">\n                <img loading=\"lazy\" decoding=\"async\" width=\"169\" height=\"300\" src=\"http:\/\/corcia.org\/Im2020\/wp-content\/uploads\/2015\/05\/Liberty-Island-Bartoldi-1-169x300.jpg\" class=\"attachment-medium size-medium wp-image-104\" alt=\"\" srcset=\"http:\/\/corcia.org\/Im2020\/wp-content\/uploads\/2015\/05\/Liberty-Island-Bartoldi-1-169x300.jpg 169w, http:\/\/corcia.org\/Im2020\/wp-content\/uploads\/2015\/05\/Liberty-Island-Bartoldi-1.jpg 394w\" sizes=\"auto, (max-width: 169px) 100vw, 169px\" \/>\n            <\/div>\n        <\/div><div class=\"eael-entry-wrapper\"><header class=\"eael-entry-header\"><h2 class=\"eael-entry-title\"><a\n                        class=\"eael-grid-post-link\"\n                        href=\"http:\/\/corcia.org\/Im2020\/106-2\/\"\n                        title=\"New York &#8211; Bartoldi a Liberty Island\">New York &#8211; Bartoldi a Liberty Island<\/a><\/h2><\/header><div class=\"eael-entry-content\">\n                        <div class=\"eael-grid-post-excerpt\"><p>!&#8211; wp:image {\u00ab\u00a0id\u00a0\u00bb:663,\u00a0\u00bbsizeSlug\u00a0\u00bb:\u00a0\u00bblarge\u00a0\u00bb} &#8211;&gt; Bartoldi son ami la perouse, napoleon III<\/p><\/div>\n                    <\/div><\/div><\/div>\n        <\/div>\n    <\/article><article class=\"eael-grid-post eael-post-grid-column\" data-id=\"105\">\n        <div class=\"eael-grid-post-holder\">\n            <div class=\"eael-grid-post-holder-inner\"><div class=\"eael-entry-media\"><div class=\"eael-entry-overlay fade-in\"><i class=\"fab fa-yammer\" aria-hidden=\"true\"><\/i><a href=\"http:\/\/corcia.org\/Im2020\/statue-de-la-liberte\/\"><\/a><\/div><div class=\"eael-entry-thumbnail \">\n                <img loading=\"lazy\" decoding=\"async\" width=\"228\" height=\"300\" src=\"http:\/\/corcia.org\/Im2020\/wp-content\/uploads\/2015\/05\/statue-liberte\u0301-1-1-228x300.jpg\" class=\"attachment-medium size-medium wp-image-103\" alt=\"\" srcset=\"http:\/\/corcia.org\/Im2020\/wp-content\/uploads\/2015\/05\/statue-liberte\u0301-1-1-228x300.jpg 228w, http:\/\/corcia.org\/Im2020\/wp-content\/uploads\/2015\/05\/statue-liberte\u0301-1-1.jpg 532w\" sizes=\"auto, (max-width: 228px) 100vw, 228px\" \/>\n            <\/div>\n        <\/div><div class=\"eael-entry-wrapper\"><header class=\"eael-entry-header\"><h2 class=\"eael-entry-title\"><a\n                        class=\"eael-grid-post-link\"\n                        href=\"http:\/\/corcia.org\/Im2020\/statue-de-la-liberte\/\"\n                        title=\"New York &#8211; Statue de la libert\u00e9\">New York &#8211; Statue de la libert\u00e9<\/a><\/h2><\/header><div class=\"eael-entry-content\">\n                        <div class=\"eael-grid-post-excerpt\"><p>!&#8211; wp:image {\u00ab\u00a0id\u00a0\u00bb:663,\u00a0\u00bbsizeSlug\u00a0\u00bb:\u00a0\u00bblarge\u00a0\u00bb} &#8211;&gt; Bartoldi a eu l&rsquo;id\u00e9e de cette statue &#8230; La perouse, Napoleon.....<\/p><\/div>\n                    <\/div><\/div><\/div>\n        <\/div>\n    <\/article><article class=\"eael-grid-post eael-post-grid-column\" data-id=\"87\">\n        <div class=\"eael-grid-post-holder\">\n            <div class=\"eael-grid-post-holder-inner\"><div class=\"eael-entry-media\"><div class=\"eael-entry-overlay fade-in\"><i class=\"fab fa-yammer\" aria-hidden=\"true\"><\/i><a href=\"http:\/\/corcia.org\/Im2020\/new-york-les-immigrants\/\"><\/a><\/div><div class=\"eael-entry-thumbnail \">\n                <img loading=\"lazy\" decoding=\"async\" width=\"300\" height=\"240\" src=\"http:\/\/corcia.org\/Im2020\/wp-content\/uploads\/2015\/05\/Battery-Park-NC-2-1-1-300x240.jpg\" class=\"attachment-medium size-medium wp-image-84\" alt=\"\" srcset=\"http:\/\/corcia.org\/Im2020\/wp-content\/uploads\/2015\/05\/Battery-Park-NC-2-1-1-300x240.jpg 300w, http:\/\/corcia.org\/Im2020\/wp-content\/uploads\/2015\/05\/Battery-Park-NC-2-1-1.jpg 700w\" sizes=\"auto, (max-width: 300px) 100vw, 300px\" \/>\n            <\/div>\n        <\/div><div class=\"eael-entry-wrapper\"><header class=\"eael-entry-header\"><h2 class=\"eael-entry-title\"><a\n                        class=\"eael-grid-post-link\"\n                        href=\"http:\/\/corcia.org\/Im2020\/new-york-les-immigrants\/\"\n                        title=\"New York &#8211; Les Immigrants\">New York &#8211; Les Immigrants<\/a><\/h2><\/header><div class=\"eael-entry-content\">\n                        <div class=\"eael-grid-post-excerpt\"><p>!&#8211; wp:image {\u00ab\u00a0id\u00a0\u00bb:663,\u00a0\u00bbsizeSlug\u00a0\u00bb:\u00a0\u00bblarge\u00a0\u00bb} &#8211;&gt; Le Nouveau monde c&rsquo;est l&rsquo;espoir des immigrants du vieux continent. Chass\u00e9.....<\/p><\/div>\n                    <\/div><\/div><\/div>\n        <\/div>\n    <\/article><article class=\"eael-grid-post eael-post-grid-column\" data-id=\"89\">\n        <div class=\"eael-grid-post-holder\">\n            <div class=\"eael-grid-post-holder-inner\"><div class=\"eael-entry-media\"><div class=\"eael-entry-overlay fade-in\"><i class=\"fab fa-yammer\" aria-hidden=\"true\"><\/i><a href=\"http:\/\/corcia.org\/Im2020\/new-york-les-immigrants-suite\/\"><\/a><\/div><div class=\"eael-entry-thumbnail \">\n                <img loading=\"lazy\" decoding=\"async\" width=\"300\" height=\"232\" src=\"http:\/\/corcia.org\/Im2020\/wp-content\/uploads\/2015\/05\/Battery-Park-NC-1-1-300x232.jpg\" class=\"attachment-medium size-medium wp-image-85\" alt=\"\" srcset=\"http:\/\/corcia.org\/Im2020\/wp-content\/uploads\/2015\/05\/Battery-Park-NC-1-1-300x232.jpg 300w, http:\/\/corcia.org\/Im2020\/wp-content\/uploads\/2015\/05\/Battery-Park-NC-1-1.jpg 700w\" sizes=\"auto, (max-width: 300px) 100vw, 300px\" \/>\n            <\/div>\n        <\/div><div class=\"eael-entry-wrapper\"><header class=\"eael-entry-header\"><h2 class=\"eael-entry-title\"><a\n                        class=\"eael-grid-post-link\"\n                        href=\"http:\/\/corcia.org\/Im2020\/new-york-les-immigrants-suite\/\"\n                        title=\"New York &#8211; Les immigrants.. suite\">New York &#8211; Les immigrants.. suite<\/a><\/h2><\/header><div class=\"eael-entry-content\">\n                        <div class=\"eael-grid-post-excerpt\"><p>!&#8211; wp:image {\u00ab\u00a0id\u00a0\u00bb:663,\u00a0\u00bbsizeSlug\u00a0\u00bb:\u00a0\u00bblarge\u00a0\u00bb} &#8211;&gt; Quand on a pass\u00e9 les controle sanitaires et de sant\u00e9 mentale.....<\/p><\/div>\n                    <\/div><\/div><\/div>\n        <\/div>\n    <\/article><article class=\"eael-grid-post eael-post-grid-column\" data-id=\"161\">\n        <div class=\"eael-grid-post-holder\">\n            <div class=\"eael-grid-post-holder-inner\"><div class=\"eael-entry-media\"><div class=\"eael-entry-overlay fade-in\"><i class=\"fab fa-yammer\" aria-hidden=\"true\"><\/i><a href=\"http:\/\/corcia.org\/Im2020\/nyc-integration-afro-americains\/\"><\/a><\/div><div class=\"eael-entry-thumbnail \">\n                <img loading=\"lazy\" decoding=\"async\" width=\"300\" height=\"221\" src=\"http:\/\/corcia.org\/Im2020\/wp-content\/uploads\/2015\/12\/noid-r-banc-nyc-1-300x221.jpg\" class=\"attachment-medium size-medium wp-image-162\" alt=\"\" srcset=\"http:\/\/corcia.org\/Im2020\/wp-content\/uploads\/2015\/12\/noid-r-banc-nyc-1-300x221.jpg 300w, http:\/\/corcia.org\/Im2020\/wp-content\/uploads\/2015\/12\/noid-r-banc-nyc-1.jpg 699w\" sizes=\"auto, (max-width: 300px) 100vw, 300px\" \/>\n            <\/div>\n        <\/div><div class=\"eael-entry-wrapper\"><header class=\"eael-entry-header\"><h2 class=\"eael-entry-title\"><a\n                        class=\"eael-grid-post-link\"\n                        href=\"http:\/\/corcia.org\/Im2020\/nyc-integration-afro-americains\/\"\n                        title=\"NYC -Int\u00e9gration afro am\u00e9ricains\">NYC -Int\u00e9gration afro am\u00e9ricains<\/a><\/h2><\/header><div class=\"eael-entry-content\">\n                        <div class=\"eael-grid-post-excerpt\"><p>L&rsquo;int\u00e9gration des \u00ab\u00a0afro americains\u00a0\u00bb dans la\u00a0 soci\u00e9t\u00e9 US est une longue histoire qui passe par.....<\/p><\/div>\n                    <\/div><\/div><\/div>\n        <\/div>\n    <\/article><\/div>\n            <div class=\"clearfix\"><\/div>\n        <\/div>\t\t<\/div>\n\t\t\t\t<\/div>\n\t\t\t\t\t\t<\/div>\n\t\t\t\t\t<\/div>\n\t\t<\/div>\n\t\t\t\t\t\t\t\t<\/div>\n\t\t\t\t\t<\/div>\n\t\t<\/section>\n\t\t\t\t\t\t\t\t\t<\/div>\n\t\t\t<\/div>\n\t\t\t\t\t<\/div>\n\t\t","protected":false},"excerpt":{"rendered":"<p>New York, C&rsquo;est la ville de l&rsquo;extr\u00eame, ici tout est PLUS. L&rsquo;opulence de immeubles avec concierges en uniforme et limousines en double file autour de central park contre la mis\u00e8re des HLM en brique rouge de Harlem,La recherche permanente du d\u00e9passement: l&#8217;empire state building a \u00e9t\u00e9 construit en 11 mois, le \u00ab\u00a0Financial district\u00a0\u00bb h\u00e9berge les&hellip;<\/p>\n","protected":false},"author":1,"featured_media":0,"parent":0,"menu_order":0,"comment_status":"open","ping_status":"open","template":"","meta":{"_vp_format_video_url":"","_vp_image_focal_point":[],"footnotes":"","_wp_rev_ctl_limit":""},"class_list":["post-666","page","type-page","status-publish","hentry"],"_links":{"self":[{"href":"http:\/\/corcia.org\/Im2020\/wp-json\/wp\/v2\/pages\/666","targetHints":{"allow":["GET"]}}],"collection":[{"href":"http:\/\/corcia.org\/Im2020\/wp-json\/wp\/v2\/pages"}],"about":[{"href":"http:\/\/corcia.org\/Im2020\/wp-json\/wp\/v2\/types\/page"}],"author":[{"embeddable":true,"href":"http:\/\/corcia.org\/Im2020\/wp-json\/wp\/v2\/users\/1"}],"replies":[{"embeddable":true,"href":"http:\/\/corcia.org\/Im2020\/wp-json\/wp\/v2\/comments?post=666"}],"version-history":[{"count":3,"href":"http:\/\/corcia.org\/Im2020\/wp-json\/wp\/v2\/pages\/666\/revisions"}],"predecessor-version":[{"id":2527,"href":"http:\/\/corcia.org\/Im2020\/wp-json\/wp\/v2\/pages\/666\/revisions\/2527"}],"wp:attachment":[{"href":"http:\/\/corcia.org\/Im2020\/wp-json\/wp\/v2\/media?parent=666"}],"curies":[{"name":"wp","href":"https:\/\/api.w.org\/{rel}","templated":true}]}}