{"id":618,"date":"2019-11-17T07:58:37","date_gmt":"2019-11-17T07:58:37","guid":{"rendered":"http:\/\/corcia.org\/Imitations\/?page_id=618"},"modified":"2020-02-14T17:16:18","modified_gmt":"2020-02-14T16:16:18","slug":"japon","status":"publish","type":"page","link":"http:\/\/corcia.org\/Im2020\/japon\/","title":{"rendered":"Japon"},"content":{"rendered":"\t\t<div data-elementor-type=\"wp-page\" data-elementor-id=\"618\" class=\"elementor elementor-618\">\n\t\t\t\t\t\t<div class=\"elementor-inner\">\n\t\t\t\t<div class=\"elementor-section-wrap\">\n\t\t\t\t\t\t\t\t\t<section class=\"elementor-section elementor-top-section elementor-element elementor-element-34ea767f elementor-section-boxed elementor-section-height-default elementor-section-height-default\" data-id=\"34ea767f\" data-element_type=\"section\">\n\t\t\t\t\t\t<div class=\"elementor-container elementor-column-gap-default\">\n\t\t\t\t\t\t\t<div class=\"elementor-row\">\n\t\t\t\t\t<div class=\"elementor-column elementor-col-100 elementor-top-column elementor-element elementor-element-509c7efa\" data-id=\"509c7efa\" data-element_type=\"column\">\n\t\t\t<div class=\"elementor-column-wrap elementor-element-populated\">\n\t\t\t\t\t\t\t<div class=\"elementor-widget-wrap\">\n\t\t\t\t\t\t<div class=\"elementor-element elementor-element-2ee8e00e elementor-widget elementor-widget-text-editor\" data-id=\"2ee8e00e\" data-element_type=\"widget\" data-widget_type=\"text-editor.default\">\n\t\t\t\t<div class=\"elementor-widget-container\">\n\t\t\t\t\t\t\t\t<div class=\"elementor-text-editor elementor-clearfix\">\n\t\t\t\tPays du \u00ab\u00a0Soleil Levant\u00a0\u00bb \u00e0 la fois p\u00e9tri de traditions et moderne par sa technologie.\n\nJ&rsquo;y suis all\u00e9 pour le boulot en 1995, mais \u00e0 l&rsquo;\u00e9poque je ne faisais pas d&rsquo;imitation de statues. David y est all\u00e9 avec Cammy en 2019.\n\n[portfolio_list thumb=\u00a0\u00bbmedium\u00a0\u00bb showposts=\u00a0\u00bb100&Prime; cat=\u00a0\u00bbjapon\u00a0\u00bb disable=\u00a0\u00bbdate,visit,pagination\u00a0\u00bb]\t\t\t\t\t<\/div>\n\t\t\t\t\t\t<\/div>\n\t\t\t\t<\/div>\n\t\t\t\t\t\t<\/div>\n\t\t\t\t\t<\/div>\n\t\t<\/div>\n\t\t\t\t\t\t\t\t<\/div>\n\t\t\t\t\t<\/div>\n\t\t<\/section>\n\t\t\t\t<section class=\"elementor-section elementor-top-section elementor-element elementor-element-79ea0b9 elementor-section-boxed elementor-section-height-default elementor-section-height-default\" data-id=\"79ea0b9\" data-element_type=\"section\">\n\t\t\t\t\t\t<div class=\"elementor-container elementor-column-gap-default\">\n\t\t\t\t\t\t\t<div class=\"elementor-row\">\n\t\t\t\t\t<div class=\"elementor-column elementor-col-100 elementor-top-column elementor-element elementor-element-23a98ca\" data-id=\"23a98ca\" data-element_type=\"column\">\n\t\t\t<div class=\"elementor-column-wrap elementor-element-populated\">\n\t\t\t\t\t\t\t<div class=\"elementor-widget-wrap\">\n\t\t\t\t\t\t<div class=\"elementor-element elementor-element-7839f36 elementor-grid-eael-col-2 elementor-widget__width-initial elementor-grid-tablet-eael-col-2 elementor-grid-mobile-eael-col-1 elementor-invisible elementor-widget elementor-widget-eael-post-grid\" data-id=\"7839f36\" data-element_type=\"widget\" data-settings=\"{&quot;eael_post_grid_columns&quot;:&quot;eael-col-2&quot;,&quot;_animation&quot;:&quot;fadeInRight&quot;,&quot;eael_post_grid_columns_tablet&quot;:&quot;eael-col-2&quot;,&quot;eael_post_grid_columns_mobile&quot;:&quot;eael-col-1&quot;}\" data-widget_type=\"eael-post-grid.default\">\n\t\t\t\t<div class=\"elementor-widget-container\">\n\t\t\t<div id=\"eael-post-grid-7839f36\" class=\"eael-post-grid-container\">\n            <div class=\"eael-post-grid eael-post-appender eael-post-appender-7839f36 eael-post-grid-style-one\" data-layout-mode=\"masonry\"><article class=\"eael-grid-post eael-post-grid-column\" data-id=\"616\">\n        <div class=\"eael-grid-post-holder\">\n            <div class=\"eael-grid-post-holder-inner\"><div class=\"eael-entry-media\"><div class=\"eael-entry-overlay fade-in\"><i class=\"\" aria-hidden=\"true\"><\/i><a href=\"http:\/\/corcia.org\/Im2020\/kyoto-quartier-de-gion\/\"><\/a><\/div><div class=\"eael-entry-thumbnail \">\n                <img loading=\"lazy\" decoding=\"async\" width=\"108\" height=\"120\" src=\"http:\/\/corcia.org\/Im2020\/wp-content\/uploads\/2019\/11\/Kyoto-David-Gion.png\" class=\"attachment-futurio-thumbnail size-futurio-thumbnail wp-image-617\" alt=\"\" srcset=\"http:\/\/corcia.org\/Im2020\/wp-content\/uploads\/2019\/11\/Kyoto-David-Gion.png 539w, http:\/\/corcia.org\/Im2020\/wp-content\/uploads\/2019\/11\/Kyoto-David-Gion-270x300.png 270w\" sizes=\"auto, (max-width: 108px) 100vw, 108px\" \/>\n            <\/div>\n        <\/div><div class=\"eael-entry-wrapper\"><header class=\"eael-entry-header\"><h2 class=\"eael-entry-title\"><a\n                        class=\"eael-grid-post-link\"\n                        href=\"http:\/\/corcia.org\/Im2020\/kyoto-quartier-de-gion\/\"\n                        title=\"KYOTO &#8211; Quartier de Gion\">KYOTO &#8211; Quartier de Gion<\/a><\/h2><\/header><div class=\"eael-entry-content\">\n                        <div class=\"eael-grid-post-excerpt\"><p>&nbsp; Dans le c\u0153ur de Kyoto, &nbsp;Gion (prononcez \u00ab\u00a0gui-on&#039;\u00a0\u00bb ) quartier tr\u00e8s touristique. Le quartier.....<\/p><\/div>\n                    <\/div><\/div><\/div>\n        <\/div>\n    <\/article><\/div>\n            <div class=\"clearfix\"><\/div>\n        <\/div>\t\t<\/div>\n\t\t\t\t<\/div>\n\t\t\t\t\t\t<\/div>\n\t\t\t\t\t<\/div>\n\t\t<\/div>\n\t\t\t\t\t\t\t\t<\/div>\n\t\t\t\t\t<\/div>\n\t\t<\/section>\n\t\t\t\t\t\t\t\t\t<\/div>\n\t\t\t<\/div>\n\t\t\t\t\t<\/div>\n\t\t","protected":false},"excerpt":{"rendered":"<p>Pays du \u00ab\u00a0Soleil Levant\u00a0\u00bb \u00e0 la fois p\u00e9tri de traditions et moderne par sa technologie. J&rsquo;y suis all\u00e9 pour le boulot en 1995, mais \u00e0 l&rsquo;\u00e9poque je ne faisais pas d&rsquo;imitation de statues. David y est all\u00e9 avec Cammy en 2019. [portfolio_list thumb=\u00a0\u00bbmedium\u00a0\u00bb showposts=\u00a0\u00bb100&Prime; cat=\u00a0\u00bbjapon\u00a0\u00bb disable=\u00a0\u00bbdate,visit,pagination\u00a0\u00bb] KYOTO &#8211; Quartier de Gion &nbsp; Dans le c\u0153ur&hellip;<\/p>\n","protected":false},"author":1,"featured_media":0,"parent":0,"menu_order":0,"comment_status":"closed","ping_status":"closed","template":"","meta":{"_vp_format_video_url":"","_vp_image_focal_point":[],"footnotes":"","_wp_rev_ctl_limit":""},"class_list":["post-618","page","type-page","status-publish","hentry"],"_links":{"self":[{"href":"http:\/\/corcia.org\/Im2020\/wp-json\/wp\/v2\/pages\/618","targetHints":{"allow":["GET"]}}],"collection":[{"href":"http:\/\/corcia.org\/Im2020\/wp-json\/wp\/v2\/pages"}],"about":[{"href":"http:\/\/corcia.org\/Im2020\/wp-json\/wp\/v2\/types\/page"}],"author":[{"embeddable":true,"href":"http:\/\/corcia.org\/Im2020\/wp-json\/wp\/v2\/users\/1"}],"replies":[{"embeddable":true,"href":"http:\/\/corcia.org\/Im2020\/wp-json\/wp\/v2\/comments?post=618"}],"version-history":[{"count":0,"href":"http:\/\/corcia.org\/Im2020\/wp-json\/wp\/v2\/pages\/618\/revisions"}],"wp:attachment":[{"href":"http:\/\/corcia.org\/Im2020\/wp-json\/wp\/v2\/media?parent=618"}],"curies":[{"name":"wp","href":"https:\/\/api.w.org\/{rel}","templated":true}]}}