{"id":558,"date":"2019-03-14T08:16:11","date_gmt":"2019-03-14T08:16:11","guid":{"rendered":"http:\/\/corcia.org\/Imitations\/?page_id=558"},"modified":"2020-02-14T17:24:45","modified_gmt":"2020-02-14T16:24:45","slug":"venise","status":"publish","type":"page","link":"http:\/\/corcia.org\/Im2020\/venise\/","title":{"rendered":"Venise"},"content":{"rendered":"\t\t<div data-elementor-type=\"wp-page\" data-elementor-id=\"558\" class=\"elementor elementor-558\">\n\t\t\t\t\t\t<div class=\"elementor-inner\">\n\t\t\t\t<div class=\"elementor-section-wrap\">\n\t\t\t\t\t\t\t\t\t<section class=\"elementor-section elementor-top-section elementor-element elementor-element-1b0671e1 elementor-section-boxed elementor-section-height-default elementor-section-height-default\" data-id=\"1b0671e1\" data-element_type=\"section\">\n\t\t\t\t\t\t<div class=\"elementor-container elementor-column-gap-default\">\n\t\t\t\t\t\t\t<div class=\"elementor-row\">\n\t\t\t\t\t<div class=\"elementor-column elementor-col-100 elementor-top-column elementor-element elementor-element-cde28af\" data-id=\"cde28af\" data-element_type=\"column\">\n\t\t\t<div class=\"elementor-column-wrap elementor-element-populated\">\n\t\t\t\t\t\t\t<div class=\"elementor-widget-wrap\">\n\t\t\t\t\t\t<div class=\"elementor-element elementor-element-3276479c elementor-widget elementor-widget-text-editor\" data-id=\"3276479c\" data-element_type=\"widget\" data-widget_type=\"text-editor.default\">\n\t\t\t\t<div class=\"elementor-widget-container\">\n\t\t\t\t\t\t\t\t<div class=\"elementor-text-editor elementor-clearfix\">\n\t\t\t\t<h3>La ville sur l&rsquo;eau.<\/h3><p>Vile mythique et sans cesse menac\u00e9e par la submersion, s&rsquo;\u00e9tend sur un ensemble de 121 petites \u00eeles s\u00e9par\u00e9es par un r\u00e9seau de canaux et reli\u00e9es par 435 ponts.<\/p>\t\t\t\t\t<\/div>\n\t\t\t\t\t\t<\/div>\n\t\t\t\t<\/div>\n\t\t\t\t\t\t<\/div>\n\t\t\t\t\t<\/div>\n\t\t<\/div>\n\t\t\t\t\t\t\t\t<\/div>\n\t\t\t\t\t<\/div>\n\t\t<\/section>\n\t\t\t\t<section class=\"elementor-section elementor-top-section elementor-element elementor-element-67f978e elementor-section-boxed elementor-section-height-default elementor-section-height-default\" data-id=\"67f978e\" data-element_type=\"section\">\n\t\t\t\t\t\t<div class=\"elementor-container elementor-column-gap-default\">\n\t\t\t\t\t\t\t<div class=\"elementor-row\">\n\t\t\t\t\t<div class=\"elementor-column elementor-col-100 elementor-top-column elementor-element elementor-element-63d34b7\" data-id=\"63d34b7\" data-element_type=\"column\">\n\t\t\t<div class=\"elementor-column-wrap elementor-element-populated\">\n\t\t\t\t\t\t\t<div class=\"elementor-widget-wrap\">\n\t\t\t\t\t\t<div class=\"elementor-element elementor-element-b93507a elementor-grid-eael-col-2 elementor-widget__width-initial elementor-grid-tablet-eael-col-2 elementor-grid-mobile-eael-col-1 elementor-invisible elementor-widget elementor-widget-eael-post-grid\" data-id=\"b93507a\" data-element_type=\"widget\" data-settings=\"{&quot;eael_post_grid_columns&quot;:&quot;eael-col-2&quot;,&quot;_animation&quot;:&quot;fadeInRight&quot;,&quot;eael_post_grid_columns_tablet&quot;:&quot;eael-col-2&quot;,&quot;eael_post_grid_columns_mobile&quot;:&quot;eael-col-1&quot;}\" data-widget_type=\"eael-post-grid.default\">\n\t\t\t\t<div class=\"elementor-widget-container\">\n\t\t\t<div id=\"eael-post-grid-b93507a\" class=\"eael-post-grid-container\">\n            <div class=\"eael-post-grid eael-post-appender eael-post-appender-b93507a eael-post-grid-style-one\" data-layout-mode=\"masonry\"><article class=\"eael-grid-post eael-post-grid-column\" data-id=\"689\">\n        <div class=\"eael-grid-post-holder\">\n            <div class=\"eael-grid-post-holder-inner\"><div class=\"eael-entry-media\"><div class=\"eael-entry-overlay fade-in\"><i class=\"\" aria-hidden=\"true\"><\/i><a href=\"http:\/\/corcia.org\/Im2020\/venise-sacha\/\"><\/a><\/div><div class=\"eael-entry-thumbnail \">\n                <img loading=\"lazy\" decoding=\"async\" width=\"160\" height=\"107\" src=\"http:\/\/corcia.org\/Im2020\/wp-content\/uploads\/2019\/03\/Venise-2-imit.jpg\" class=\"attachment-futurio-thumbnail size-futurio-thumbnail wp-image-556\" alt=\"\" srcset=\"http:\/\/corcia.org\/Im2020\/wp-content\/uploads\/2019\/03\/Venise-2-imit.jpg 1000w, http:\/\/corcia.org\/Im2020\/wp-content\/uploads\/2019\/03\/Venise-2-imit-300x200.jpg 300w, http:\/\/corcia.org\/Im2020\/wp-content\/uploads\/2019\/03\/Venise-2-imit-768x512.jpg 768w\" sizes=\"auto, (max-width: 160px) 100vw, 160px\" \/>\n            <\/div>\n        <\/div><div class=\"eael-entry-wrapper\"><header class=\"eael-entry-header\"><h2 class=\"eael-entry-title\"><a\n                        class=\"eael-grid-post-link\"\n                        href=\"http:\/\/corcia.org\/Im2020\/venise-sacha\/\"\n                        title=\"Venise &#8211; Sacha\">Venise &#8211; Sacha<\/a><\/h2><\/header><div class=\"eael-entry-content\">\n                        <div class=\"eael-grid-post-excerpt\"><p>De passage \u00e0 Venise, Sacha a choisi d&rsquo;Imiter deux statues. A gauche: Manin Les Manin.....<\/p><\/div>\n                    <\/div><\/div><\/div>\n        <\/div>\n    <\/article><\/div>\n            <div class=\"clearfix\"><\/div>\n        <\/div>\t\t<\/div>\n\t\t\t\t<\/div>\n\t\t\t\t\t\t<\/div>\n\t\t\t\t\t<\/div>\n\t\t<\/div>\n\t\t\t\t\t\t\t\t<\/div>\n\t\t\t\t\t<\/div>\n\t\t<\/section>\n\t\t\t\t\t\t\t\t\t<\/div>\n\t\t\t<\/div>\n\t\t\t\t\t<\/div>\n\t\t","protected":false},"excerpt":{"rendered":"<p>La ville sur l&rsquo;eau. Vile mythique et sans cesse menac\u00e9e par la submersion, s&rsquo;\u00e9tend sur un ensemble de 121 petites \u00eeles s\u00e9par\u00e9es par un r\u00e9seau de canaux et reli\u00e9es par 435 ponts. Venise &#8211; Sacha De passage \u00e0 Venise, Sacha a choisi d&#8217;Imiter deux statues. A gauche: Manin Les Manin&#8230;..<\/p>\n","protected":false},"author":1,"featured_media":0,"parent":0,"menu_order":0,"comment_status":"closed","ping_status":"closed","template":"","meta":{"_vp_format_video_url":"","_vp_image_focal_point":[],"footnotes":"","_wp_rev_ctl_limit":""},"class_list":["post-558","page","type-page","status-publish","hentry"],"_links":{"self":[{"href":"http:\/\/corcia.org\/Im2020\/wp-json\/wp\/v2\/pages\/558","targetHints":{"allow":["GET"]}}],"collection":[{"href":"http:\/\/corcia.org\/Im2020\/wp-json\/wp\/v2\/pages"}],"about":[{"href":"http:\/\/corcia.org\/Im2020\/wp-json\/wp\/v2\/types\/page"}],"author":[{"embeddable":true,"href":"http:\/\/corcia.org\/Im2020\/wp-json\/wp\/v2\/users\/1"}],"replies":[{"embeddable":true,"href":"http:\/\/corcia.org\/Im2020\/wp-json\/wp\/v2\/comments?post=558"}],"version-history":[{"count":0,"href":"http:\/\/corcia.org\/Im2020\/wp-json\/wp\/v2\/pages\/558\/revisions"}],"wp:attachment":[{"href":"http:\/\/corcia.org\/Im2020\/wp-json\/wp\/v2\/media?parent=558"}],"curies":[{"name":"wp","href":"https:\/\/api.w.org\/{rel}","templated":true}]}}