{"id":477,"date":"2018-11-27T17:35:35","date_gmt":"2018-11-27T17:35:35","guid":{"rendered":"http:\/\/corcia.org\/Imitations\/?page_id=477"},"modified":"2024-10-31T22:08:29","modified_gmt":"2024-10-31T21:08:29","slug":"bordeaux","status":"publish","type":"page","link":"http:\/\/corcia.org\/Im2020\/bordeaux\/","title":{"rendered":"Bordeaux"},"content":{"rendered":"\t\t<div data-elementor-type=\"wp-page\" data-elementor-id=\"477\" class=\"elementor elementor-477\">\n\t\t\t\t\t\t<div class=\"elementor-inner\">\n\t\t\t\t<div class=\"elementor-section-wrap\">\n\t\t\t\t\t\t\t\t\t<section class=\"elementor-section elementor-top-section elementor-element elementor-element-68f5f8e7 elementor-section-boxed elementor-section-height-default elementor-section-height-default\" data-id=\"68f5f8e7\" data-element_type=\"section\">\n\t\t\t\t\t\t<div class=\"elementor-container elementor-column-gap-default\">\n\t\t\t\t\t\t\t<div class=\"elementor-row\">\n\t\t\t\t\t<div class=\"elementor-column elementor-col-100 elementor-top-column elementor-element elementor-element-3c4d0b13\" data-id=\"3c4d0b13\" data-element_type=\"column\">\n\t\t\t<div class=\"elementor-column-wrap elementor-element-populated\">\n\t\t\t\t\t\t\t<div class=\"elementor-widget-wrap\">\n\t\t\t\t\t\t<div class=\"elementor-element elementor-element-3a476e2a elementor-widget elementor-widget-text-editor\" data-id=\"3a476e2a\" data-element_type=\"widget\" data-widget_type=\"text-editor.default\">\n\t\t\t\t<div class=\"elementor-widget-container\">\n\t\t\t\t\t\t\t\t<div class=\"elementor-text-editor elementor-clearfix\">\n\t\t\t\t<h3>Ah ! Bordeaux !<\/h3><p>Le vin , les ch\u00e2teaux, LE\u00a0 Bassin&#8230;<\/p><p>C&rsquo;est aussi la grande ville pr\u00e8s de laquelle nous habitons,\u00a0 Bordeaux est \u00e0 Teste ce que Paris \u00e9tait \u00e0 Montigny.<\/p><p>Il est vrai que Julien, Amandine et Sasha habitent ici.<\/p><p>Mais Bordeaux c&rsquo;est aussi : la douceur de vivre, la d\u00e9contraction de l&rsquo;Aquitaine, la proximit\u00e9 de l&rsquo;oc\u00e9an.<\/p>\t\t\t\t\t<\/div>\n\t\t\t\t\t\t<\/div>\n\t\t\t\t<\/div>\n\t\t\t\t\t\t<\/div>\n\t\t\t\t\t<\/div>\n\t\t<\/div>\n\t\t\t\t\t\t\t\t<\/div>\n\t\t\t\t\t<\/div>\n\t\t<\/section>\n\t\t\t\t<section class=\"elementor-section elementor-top-section elementor-element elementor-element-e0f6eea elementor-section-boxed elementor-section-height-default elementor-section-height-default\" data-id=\"e0f6eea\" data-element_type=\"section\">\n\t\t\t\t\t\t<div class=\"elementor-container elementor-column-gap-default\">\n\t\t\t\t\t\t\t<div class=\"elementor-row\">\n\t\t\t\t\t<div class=\"elementor-column elementor-col-100 elementor-top-column elementor-element elementor-element-49d90d3\" data-id=\"49d90d3\" data-element_type=\"column\">\n\t\t\t<div class=\"elementor-column-wrap elementor-element-populated\">\n\t\t\t\t\t\t\t<div class=\"elementor-widget-wrap\">\n\t\t\t\t\t\t<div class=\"elementor-element elementor-element-7862697 elementor-grid-eael-col-2 elementor-widget__width-inherit elementor-grid-tablet-eael-col-2 elementor-grid-mobile-eael-col-1 elementor-invisible elementor-widget elementor-widget-eael-post-grid\" data-id=\"7862697\" data-element_type=\"widget\" data-settings=\"{&quot;eael_post_grid_columns&quot;:&quot;eael-col-2&quot;,&quot;_animation&quot;:&quot;fadeIn&quot;,&quot;eael_post_grid_columns_tablet&quot;:&quot;eael-col-2&quot;,&quot;eael_post_grid_columns_mobile&quot;:&quot;eael-col-1&quot;}\" data-widget_type=\"eael-post-grid.default\">\n\t\t\t\t<div class=\"elementor-widget-container\">\n\t\t\t<div id=\"eael-post-grid-7862697\" class=\"eael-post-grid-container\">\n            <div class=\"eael-post-grid eael-post-appender eael-post-appender-7862697 eael-post-grid-style-one\" data-layout-mode=\"masonry\"><article class=\"eael-grid-post eael-post-grid-column\" data-id=\"2545\">\n        <div class=\"eael-grid-post-holder\">\n            <div class=\"eael-grid-post-holder-inner\"><div class=\"eael-entry-media\"><div class=\"eael-entry-overlay fade-in\"><i class=\"fab fa-yammer\" aria-hidden=\"true\"><\/i><a href=\"http:\/\/corcia.org\/Im2020\/bordeaux-sasha-chez-my-khao\/\"><\/a><\/div><div class=\"eael-entry-thumbnail \">\n                <img loading=\"lazy\" decoding=\"async\" width=\"607\" height=\"700\" src=\"http:\/\/corcia.org\/Im2020\/wp-content\/uploads\/Sasha-My-Kao-1.jpg\" class=\"attachment-medium_large size-medium_large wp-image-2551\" alt=\"\" srcset=\"http:\/\/corcia.org\/Im2020\/wp-content\/uploads\/Sasha-My-Kao-1.jpg 607w, http:\/\/corcia.org\/Im2020\/wp-content\/uploads\/Sasha-My-Kao-1-260x300.jpg 260w, http:\/\/corcia.org\/Im2020\/wp-content\/uploads\/Sasha-My-Kao-1-500x577.jpg 500w\" sizes=\"auto, (max-width: 607px) 100vw, 607px\" \/>\n            <\/div>\n        <\/div><div class=\"eael-entry-wrapper\"><header class=\"eael-entry-header\"><h2 class=\"eael-entry-title\"><a\n                        class=\"eael-grid-post-link\"\n                        href=\"http:\/\/corcia.org\/Im2020\/bordeaux-sasha-chez-my-khao\/\"\n                        title=\"Bordeaux &#8211; Sasha chez My Khao\">Bordeaux &#8211; Sasha chez My Khao<\/a><\/h2><\/header><div class=\"eael-entry-content\">\n                        <div class=\"eael-grid-post-excerpt\"><p>Sasha est de sortie avec sa cousine Sacha. Rue Ste Catherine, un fast food tr\u00e8s.....<\/p><\/div>\n                    <\/div><\/div><\/div>\n        <\/div>\n    <\/article><article class=\"eael-grid-post eael-post-grid-column\" data-id=\"1906\">\n        <div class=\"eael-grid-post-holder\">\n            <div class=\"eael-grid-post-holder-inner\"><div class=\"eael-entry-media\"><div class=\"eael-entry-overlay fade-in\"><i class=\"fab fa-yammer\" aria-hidden=\"true\"><\/i><a href=\"http:\/\/corcia.org\/Im2020\/bordeaux-le-chat-pipi\/\"><\/a><\/div><div class=\"eael-entry-thumbnail \">\n                <img loading=\"lazy\" decoding=\"async\" width=\"681\" height=\"800\" src=\"http:\/\/corcia.org\/Im2020\/wp-content\/uploads\/chat-pipi.jpg\" class=\"attachment-medium_large size-medium_large wp-image-1864\" alt=\"\" srcset=\"http:\/\/corcia.org\/Im2020\/wp-content\/uploads\/chat-pipi.jpg 681w, http:\/\/corcia.org\/Im2020\/wp-content\/uploads\/chat-pipi-255x300.jpg 255w, http:\/\/corcia.org\/Im2020\/wp-content\/uploads\/chat-pipi-426x500.jpg 426w\" sizes=\"auto, (max-width: 681px) 100vw, 681px\" \/>\n            <\/div>\n        <\/div><div class=\"eael-entry-wrapper\"><header class=\"eael-entry-header\"><h2 class=\"eael-entry-title\"><a\n                        class=\"eael-grid-post-link\"\n                        href=\"http:\/\/corcia.org\/Im2020\/bordeaux-le-chat-pipi\/\"\n                        title=\"Bordeaux- Le Chat pipi\">Bordeaux- Le Chat pipi<\/a><\/h2><\/header><div class=\"eael-entry-content\">\n                        <div class=\"eael-grid-post-excerpt\"><p>Juin 2021- Lors de l&rsquo;expo sur les quais de bordeaux. Au lieu de Titi et.....<\/p><\/div>\n                    <\/div><\/div><\/div>\n        <\/div>\n    <\/article><article class=\"eael-grid-post eael-post-grid-column\" data-id=\"1895\">\n        <div class=\"eael-grid-post-holder\">\n            <div class=\"eael-grid-post-holder-inner\"><div class=\"eael-entry-media\"><div class=\"eael-entry-overlay fade-in\"><i class=\"fab fa-yammer\" aria-hidden=\"true\"><\/i><a href=\"http:\/\/corcia.org\/Im2020\/bordeaux-le-chat-balance\/\"><\/a><\/div><div class=\"eael-entry-thumbnail \">\n                <img loading=\"lazy\" decoding=\"async\" width=\"768\" height=\"431\" src=\"http:\/\/corcia.org\/Im2020\/wp-content\/uploads\/chat-balance-1-768x431.jpg\" class=\"attachment-medium_large size-medium_large wp-image-1897\" alt=\"\" srcset=\"http:\/\/corcia.org\/Im2020\/wp-content\/uploads\/chat-balance-1-768x431.jpg 768w, http:\/\/corcia.org\/Im2020\/wp-content\/uploads\/chat-balance-1-300x168.jpg 300w, http:\/\/corcia.org\/Im2020\/wp-content\/uploads\/chat-balance-1-500x281.jpg 500w, http:\/\/corcia.org\/Im2020\/wp-content\/uploads\/chat-balance-1.jpg 800w\" sizes=\"auto, (max-width: 768px) 100vw, 768px\" \/>\n            <\/div>\n        <\/div><div class=\"eael-entry-wrapper\"><header class=\"eael-entry-header\"><h2 class=\"eael-entry-title\"><a\n                        class=\"eael-grid-post-link\"\n                        href=\"http:\/\/corcia.org\/Im2020\/bordeaux-le-chat-balance\/\"\n                        title=\"Bordeaux- Le Chat balance\">Bordeaux- Le Chat balance<\/a><\/h2><\/header><div class=\"eael-entry-content\">\n                        <div class=\"eael-grid-post-excerpt\"><p>Juin 2021- Lors de l&rsquo;expo sur les quais de bordeaux. Il n y a \u00e9videmment.....<\/p><\/div>\n                    <\/div><\/div><\/div>\n        <\/div>\n    <\/article><article class=\"eael-grid-post eael-post-grid-column\" data-id=\"1859\">\n        <div class=\"eael-grid-post-holder\">\n            <div class=\"eael-grid-post-holder-inner\"><div class=\"eael-entry-media\"><div class=\"eael-entry-overlay fade-in\"><i class=\"fab fa-yammer\" aria-hidden=\"true\"><\/i><a href=\"http:\/\/corcia.org\/Im2020\/bordeaux-le-chat-discobole\/\"><\/a><\/div><div class=\"eael-entry-thumbnail \">\n                <img loading=\"lazy\" decoding=\"async\" width=\"569\" height=\"800\" src=\"http:\/\/corcia.org\/Im2020\/wp-content\/uploads\/chat-discobole.jpg\" class=\"attachment-medium_large size-medium_large wp-image-1865\" alt=\"\" srcset=\"http:\/\/corcia.org\/Im2020\/wp-content\/uploads\/chat-discobole.jpg 569w, http:\/\/corcia.org\/Im2020\/wp-content\/uploads\/chat-discobole-213x300.jpg 213w, http:\/\/corcia.org\/Im2020\/wp-content\/uploads\/chat-discobole-356x500.jpg 356w\" sizes=\"auto, (max-width: 569px) 100vw, 569px\" \/>\n            <\/div>\n        <\/div><div class=\"eael-entry-wrapper\"><header class=\"eael-entry-header\"><h2 class=\"eael-entry-title\"><a\n                        class=\"eael-grid-post-link\"\n                        href=\"http:\/\/corcia.org\/Im2020\/bordeaux-le-chat-discobole\/\"\n                        title=\"Bordeaux- Le Chat discobole\">Bordeaux- Le Chat discobole<\/a><\/h2><\/header><div class=\"eael-entry-content\">\n                        <div class=\"eael-grid-post-excerpt\"><p>Juin 2021- Lors de l&rsquo;expo sur les quais de bordeaux. Au lieu de lancer le.....<\/p><\/div>\n                    <\/div><\/div><\/div>\n        <\/div>\n    <\/article><article class=\"eael-grid-post eael-post-grid-column\" data-id=\"575\">\n        <div class=\"eael-grid-post-holder\">\n            <div class=\"eael-grid-post-holder-inner\"><div class=\"eael-entry-media\"><div class=\"eael-entry-overlay fade-in\"><i class=\"fab fa-yammer\" aria-hidden=\"true\"><\/i><a href=\"http:\/\/corcia.org\/Im2020\/arcachon-les-associes\/\"><\/a><\/div><div class=\"eael-entry-thumbnail \">\n                <img loading=\"lazy\" decoding=\"async\" width=\"595\" height=\"364\" src=\"http:\/\/corcia.org\/Im2020\/wp-content\/uploads\/2019\/05\/associes-haut.png\" class=\"attachment-medium_large size-medium_large wp-image-611\" alt=\"\" srcset=\"http:\/\/corcia.org\/Im2020\/wp-content\/uploads\/2019\/05\/associes-haut.png 595w, http:\/\/corcia.org\/Im2020\/wp-content\/uploads\/2019\/05\/associes-haut-300x184.png 300w\" sizes=\"auto, (max-width: 595px) 100vw, 595px\" \/>\n            <\/div>\n        <\/div><div class=\"eael-entry-wrapper\"><header class=\"eael-entry-header\"><h2 class=\"eael-entry-title\"><a\n                        class=\"eael-grid-post-link\"\n                        href=\"http:\/\/corcia.org\/Im2020\/arcachon-les-associes\/\"\n                        title=\"Arcachon &#8211; les associ\u00e9s\">Arcachon &#8211; les associ\u00e9s<\/a><\/h2><\/header><div class=\"eael-entry-content\">\n                        <div class=\"eael-grid-post-excerpt\"><p>Il y a une expo \u00e9ph\u00e9m\u00e8re sur le front de mer \u00e0 Arcachon. ( L&rsquo;\u00e9phem\u00e8re.....<\/p><\/div>\n                    <\/div><\/div><\/div>\n        <\/div>\n    <\/article><article class=\"eael-grid-post eael-post-grid-column\" data-id=\"490\">\n        <div class=\"eael-grid-post-holder\">\n            <div class=\"eael-grid-post-holder-inner\"><div class=\"eael-entry-media\"><div class=\"eael-entry-overlay fade-in\"><i class=\"fab fa-yammer\" aria-hidden=\"true\"><\/i><a href=\"http:\/\/corcia.org\/Im2020\/bordeaux-de-goya\/\"><\/a><\/div><div class=\"eael-entry-thumbnail \">\n                <img loading=\"lazy\" decoding=\"async\" width=\"768\" height=\"1158\" src=\"http:\/\/corcia.org\/Im2020\/wp-content\/uploads\/2018\/12\/Bordeaux-de-GOYA-768x1158.jpg\" class=\"attachment-medium_large size-medium_large wp-image-492\" alt=\"\" srcset=\"http:\/\/corcia.org\/Im2020\/wp-content\/uploads\/2018\/12\/Bordeaux-de-GOYA-768x1158.jpg 768w, http:\/\/corcia.org\/Im2020\/wp-content\/uploads\/2018\/12\/Bordeaux-de-GOYA-199x300.jpg 199w, http:\/\/corcia.org\/Im2020\/wp-content\/uploads\/2018\/12\/Bordeaux-de-GOYA-679x1024.jpg 679w, http:\/\/corcia.org\/Im2020\/wp-content\/uploads\/2018\/12\/Bordeaux-de-GOYA.jpg 800w\" sizes=\"auto, (max-width: 768px) 100vw, 768px\" \/>\n            <\/div>\n        <\/div><div class=\"eael-entry-wrapper\"><header class=\"eael-entry-header\"><h2 class=\"eael-entry-title\"><a\n                        class=\"eael-grid-post-link\"\n                        href=\"http:\/\/corcia.org\/Im2020\/bordeaux-de-goya\/\"\n                        title=\"Bordeaux &#8211; De Goya\">Bordeaux &#8211; De Goya<\/a><\/h2><\/header><div class=\"eael-entry-content\">\n                        <div class=\"eael-grid-post-excerpt\"><p>Francisco Jos\u00e9 de Goya y Lucientes, dit Francisco de Goya, n\u00e9 le 30 mars 1746.....<\/p><\/div>\n                    <\/div><\/div><\/div>\n        <\/div>\n    <\/article><article class=\"eael-grid-post eael-post-grid-column\" data-id=\"487\">\n        <div class=\"eael-grid-post-holder\">\n            <div class=\"eael-grid-post-holder-inner\"><div class=\"eael-entry-media\"><div class=\"eael-entry-overlay fade-in\"><i class=\"fab fa-yammer\" aria-hidden=\"true\"><\/i><a href=\"http:\/\/corcia.org\/Im2020\/bordeaux-fontaine-des-girondins\/\"><\/a><\/div><div class=\"eael-entry-thumbnail \">\n                <img loading=\"lazy\" decoding=\"async\" width=\"766\" height=\"873\" src=\"http:\/\/corcia.org\/Im2020\/wp-content\/uploads\/2018\/12\/Bordeaux-fontaine.jpg\" class=\"attachment-medium_large size-medium_large wp-image-488\" alt=\"\" srcset=\"http:\/\/corcia.org\/Im2020\/wp-content\/uploads\/2018\/12\/Bordeaux-fontaine.jpg 766w, http:\/\/corcia.org\/Im2020\/wp-content\/uploads\/2018\/12\/Bordeaux-fontaine-263x300.jpg 263w\" sizes=\"auto, (max-width: 766px) 100vw, 766px\" \/>\n            <\/div>\n        <\/div><div class=\"eael-entry-wrapper\"><header class=\"eael-entry-header\"><h2 class=\"eael-entry-title\"><a\n                        class=\"eael-grid-post-link\"\n                        href=\"http:\/\/corcia.org\/Im2020\/bordeaux-fontaine-des-girondins\/\"\n                        title=\"Bordeaux- Fontaine des Girondins\">Bordeaux- Fontaine des Girondins<\/a><\/h2><\/header><div class=\"eael-entry-content\">\n                        <div class=\"eael-grid-post-excerpt\"><p>La fontaine des girondins est situ\u00e9e \u00e0 l&rsquo;arri\u00e8re de la place des quinconces. Le monument.....<\/p><\/div>\n                    <\/div><\/div><\/div>\n        <\/div>\n    <\/article><article class=\"eael-grid-post eael-post-grid-column\" data-id=\"482\">\n        <div class=\"eael-grid-post-holder\">\n            <div class=\"eael-grid-post-holder-inner\"><div class=\"eael-entry-media\"><div class=\"eael-entry-overlay fade-in\"><i class=\"fab fa-yammer\" aria-hidden=\"true\"><\/i><a href=\"http:\/\/corcia.org\/Im2020\/bordeaux-chaban-delmas\/\"><\/a><\/div><div class=\"eael-entry-thumbnail \">\n                <img loading=\"lazy\" decoding=\"async\" width=\"768\" height=\"1065\" src=\"http:\/\/corcia.org\/Im2020\/wp-content\/uploads\/Chaban-bordeaux-768x1065.jpg\" class=\"attachment-medium_large size-medium_large wp-image-1874\" alt=\"\" srcset=\"http:\/\/corcia.org\/Im2020\/wp-content\/uploads\/Chaban-bordeaux-768x1065.jpg 768w, http:\/\/corcia.org\/Im2020\/wp-content\/uploads\/Chaban-bordeaux-216x300.jpg 216w, http:\/\/corcia.org\/Im2020\/wp-content\/uploads\/Chaban-bordeaux-739x1024.jpg 739w, http:\/\/corcia.org\/Im2020\/wp-content\/uploads\/Chaban-bordeaux-361x500.jpg 361w, http:\/\/corcia.org\/Im2020\/wp-content\/uploads\/Chaban-bordeaux-577x800.jpg 577w, http:\/\/corcia.org\/Im2020\/wp-content\/uploads\/Chaban-bordeaux.jpg 800w\" sizes=\"auto, (max-width: 768px) 100vw, 768px\" \/>\n            <\/div>\n        <\/div><div class=\"eael-entry-wrapper\"><header class=\"eael-entry-header\"><h2 class=\"eael-entry-title\"><a\n                        class=\"eael-grid-post-link\"\n                        href=\"http:\/\/corcia.org\/Im2020\/bordeaux-chaban-delmas\/\"\n                        title=\"Bordeaux Chaban Delmas\">Bordeaux Chaban Delmas<\/a><\/h2><\/header><div class=\"eael-entry-content\">\n                        <div class=\"eael-grid-post-excerpt\"><p>Chaban, Grand homme de Bordeaux Jacques Chaban-Delmas, souvent surnomm\u00e9 \u00ab Chaban \u00bb, n\u00e9 Jacques Delmasa.....<\/p><\/div>\n                    <\/div><\/div><\/div>\n        <\/div>\n    <\/article><\/div>\n            <div class=\"clearfix\"><\/div>\n        <\/div>\t\t<\/div>\n\t\t\t\t<\/div>\n\t\t\t\t\t\t<\/div>\n\t\t\t\t\t<\/div>\n\t\t<\/div>\n\t\t\t\t\t\t\t\t<\/div>\n\t\t\t\t\t<\/div>\n\t\t<\/section>\n\t\t\t\t\t\t\t\t\t<\/div>\n\t\t\t<\/div>\n\t\t\t\t\t<\/div>\n\t\t","protected":false},"excerpt":{"rendered":"<p>Ah ! Bordeaux ! Le vin , les ch\u00e2teaux, LE\u00a0 Bassin&#8230; C&rsquo;est aussi la grande ville pr\u00e8s de laquelle nous habitons,\u00a0 Bordeaux est \u00e0 Teste ce que Paris \u00e9tait \u00e0 Montigny. Il est vrai que Julien, Amandine et Sasha habitent ici. Mais Bordeaux c&rsquo;est aussi : la douceur de vivre, la d\u00e9contraction de l&rsquo;Aquitaine, la&hellip;<\/p>\n","protected":false},"author":1,"featured_media":0,"parent":0,"menu_order":0,"comment_status":"closed","ping_status":"closed","template":"","meta":{"_vp_format_video_url":"","_vp_image_focal_point":[],"footnotes":"","_wp_rev_ctl_limit":""},"class_list":["post-477","page","type-page","status-publish","hentry"],"_links":{"self":[{"href":"http:\/\/corcia.org\/Im2020\/wp-json\/wp\/v2\/pages\/477","targetHints":{"allow":["GET"]}}],"collection":[{"href":"http:\/\/corcia.org\/Im2020\/wp-json\/wp\/v2\/pages"}],"about":[{"href":"http:\/\/corcia.org\/Im2020\/wp-json\/wp\/v2\/types\/page"}],"author":[{"embeddable":true,"href":"http:\/\/corcia.org\/Im2020\/wp-json\/wp\/v2\/users\/1"}],"replies":[{"embeddable":true,"href":"http:\/\/corcia.org\/Im2020\/wp-json\/wp\/v2\/comments?post=477"}],"version-history":[{"count":3,"href":"http:\/\/corcia.org\/Im2020\/wp-json\/wp\/v2\/pages\/477\/revisions"}],"predecessor-version":[{"id":2406,"href":"http:\/\/corcia.org\/Im2020\/wp-json\/wp\/v2\/pages\/477\/revisions\/2406"}],"wp:attachment":[{"href":"http:\/\/corcia.org\/Im2020\/wp-json\/wp\/v2\/media?parent=477"}],"curies":[{"name":"wp","href":"https:\/\/api.w.org\/{rel}","templated":true}]}}