{"id":448,"date":"2017-09-03T16:30:07","date_gmt":"2017-09-03T16:30:07","guid":{"rendered":"http:\/\/corcia.org\/Imitations\/?page_id=448"},"modified":"2020-12-19T17:26:25","modified_gmt":"2020-12-19T16:26:25","slug":"ibiza","status":"publish","type":"page","link":"http:\/\/corcia.org\/Im2020\/ibiza\/","title":{"rendered":"Ibiza"},"content":{"rendered":"\t\t<div data-elementor-type=\"wp-page\" data-elementor-id=\"448\" class=\"elementor elementor-448\">\n\t\t\t\t\t\t<div class=\"elementor-inner\">\n\t\t\t\t<div class=\"elementor-section-wrap\">\n\t\t\t\t\t\t\t\t\t<section class=\"elementor-section elementor-top-section elementor-element elementor-element-29c24def elementor-section-boxed elementor-section-height-default elementor-section-height-default\" data-id=\"29c24def\" data-element_type=\"section\">\n\t\t\t\t\t\t<div class=\"elementor-container elementor-column-gap-default\">\n\t\t\t\t\t\t\t<div class=\"elementor-row\">\n\t\t\t\t\t<div class=\"elementor-column elementor-col-100 elementor-top-column elementor-element elementor-element-7be20ca0\" data-id=\"7be20ca0\" data-element_type=\"column\">\n\t\t\t<div class=\"elementor-column-wrap elementor-element-populated\">\n\t\t\t\t\t\t\t<div class=\"elementor-widget-wrap\">\n\t\t\t\t\t\t<div class=\"elementor-element elementor-element-5565edc elementor-widget elementor-widget-text-editor\" data-id=\"5565edc\" data-element_type=\"widget\" data-widget_type=\"text-editor.default\">\n\t\t\t\t<div class=\"elementor-widget-container\">\n\t\t\t\t\t\t\t\t<div class=\"elementor-text-editor elementor-clearfix\">\n\t\t\t\t<h3>Ibiza<\/h3><p>Aux Iles Bal\u00e9ares, Majorque est r\u00e9serv\u00e9e aux Allemands grands buveurs de bi\u00e8re, Mahon avec ses cotes de rochers aux aust\u00e8res Anglais descendants de l&rsquo;amiral Nelson. Ibiza est l&rsquo;ile la plus cosmopolite, festive et branch\u00e9e.<\/p><p>\u00a0<\/p><p>Historiquement c&rsquo;est une ile pauvre et peu peupl\u00e9e qui vit d&rsquo;une chiche agriculture avec peu de ressources naturelles.\u00a0 Dans les ann\u00e9es 60 l&rsquo;ile voisine de Formentera est un d\u00e9sert connu d&rsquo;une poign\u00e9e d&rsquo;initi\u00e9s. Les hippies se retrouvent sur cette iles retir\u00e9 de la soci\u00e9t\u00e9 de consommation et apportent de l&rsquo;animation et des clients fortun\u00e9s (nombre de hippies \u00e9tant fils et filles de parents peu d\u00e9munis).<\/p><p>Vers 1970, l&rsquo;animation \u00e9tait limit\u00e9e a la ville d&rsquo;Ibiza et San Antonio, les petites routes sillonaient une ile agricole et pauvre et quelques \u00ab\u00a0Cala\u00a0\u00bb \u00e9taient dot\u00e9es d&rsquo;hotels isol\u00e9s.<\/p><p>En 2017 une v\u00e9ritable autoroute relie l&rsquo;a\u00e9roport \u00e0 la ville d&rsquo;Ibiza, Les alentours constituent une v\u00e9ritable banlieue d\u2019h\u00f4tels de r\u00e9sidence et de boites de nuit ( les \u00ab\u00a0Clubs\u00a0\u00bb). On ach\u00e8te dans la journ\u00e9e des \u00ab\u00a0pass\u00a0\u00bb pour entrer dans les clubs comme on ach\u00e9te des billets de th\u00e9atre a Broadway.<\/p><p>Le prolongement de l&rsquo;esprit d\u00e9cal\u00e9 des hippies est maintenant la c\u00e9l\u00e9bration de la f\u00eate.<\/p>\t\t\t\t\t<\/div>\n\t\t\t\t\t\t<\/div>\n\t\t\t\t<\/div>\n\t\t\t\t\t\t<\/div>\n\t\t\t\t\t<\/div>\n\t\t<\/div>\n\t\t\t\t\t\t\t\t<\/div>\n\t\t\t\t\t<\/div>\n\t\t<\/section>\n\t\t\t\t<section class=\"elementor-section elementor-top-section elementor-element elementor-element-4b93386 elementor-section-boxed elementor-section-height-default elementor-section-height-default\" data-id=\"4b93386\" data-element_type=\"section\">\n\t\t\t\t\t\t<div class=\"elementor-container elementor-column-gap-default\">\n\t\t\t\t\t\t\t<div class=\"elementor-row\">\n\t\t\t\t\t<div class=\"elementor-column elementor-col-100 elementor-top-column elementor-element elementor-element-7e03ac1\" data-id=\"7e03ac1\" data-element_type=\"column\">\n\t\t\t<div class=\"elementor-column-wrap elementor-element-populated\">\n\t\t\t\t\t\t\t<div class=\"elementor-widget-wrap\">\n\t\t\t\t\t\t<div class=\"elementor-element elementor-element-173adee elementor-grid-eael-col-2 elementor-widget__width-inherit elementor-grid-tablet-eael-col-2 elementor-grid-mobile-eael-col-1 elementor-invisible elementor-widget elementor-widget-eael-post-grid\" data-id=\"173adee\" data-element_type=\"widget\" data-settings=\"{&quot;eael_post_grid_columns&quot;:&quot;eael-col-2&quot;,&quot;_animation&quot;:&quot;fadeIn&quot;,&quot;eael_post_grid_columns_tablet&quot;:&quot;eael-col-2&quot;,&quot;eael_post_grid_columns_mobile&quot;:&quot;eael-col-1&quot;}\" data-widget_type=\"eael-post-grid.default\">\n\t\t\t\t<div class=\"elementor-widget-container\">\n\t\t\t<div id=\"eael-post-grid-173adee\" class=\"eael-post-grid-container\">\n            <div class=\"eael-post-grid eael-post-appender eael-post-appender-173adee eael-post-grid-style-one\" data-layout-mode=\"masonry\"><article class=\"eael-grid-post eael-post-grid-column\" data-id=\"445\">\n        <div class=\"eael-grid-post-holder\">\n            <div class=\"eael-grid-post-holder-inner\"><div class=\"eael-entry-media\"><div class=\"eael-entry-overlay fade-in\"><i class=\"fab fa-yammer\" aria-hidden=\"true\"><\/i><a href=\"http:\/\/corcia.org\/Im2020\/ibiza-le-pere-et-lenfant\/\"><\/a><\/div><div class=\"eael-entry-thumbnail \">\n                <img loading=\"lazy\" decoding=\"async\" width=\"160\" height=\"108\" src=\"http:\/\/corcia.org\/Im2020\/wp-content\/uploads\/2017\/09\/ibiza-haut.png\" class=\"attachment-futurio-thumbnail size-futurio-thumbnail wp-image-610\" alt=\"\" srcset=\"http:\/\/corcia.org\/Im2020\/wp-content\/uploads\/2017\/09\/ibiza-haut.png 568w, http:\/\/corcia.org\/Im2020\/wp-content\/uploads\/2017\/09\/ibiza-haut-300x203.png 300w\" sizes=\"auto, (max-width: 160px) 100vw, 160px\" \/>\n            <\/div>\n        <\/div><div class=\"eael-entry-wrapper\"><header class=\"eael-entry-header\"><h2 class=\"eael-entry-title\"><a\n                        class=\"eael-grid-post-link\"\n                        href=\"http:\/\/corcia.org\/Im2020\/ibiza-le-pere-et-lenfant\/\"\n                        title=\"Ibiza &#8211; Les hippies.\">Ibiza &#8211; Les hippies.<\/a><\/h2><\/header><div class=\"eael-entry-content\">\n                        <div class=\"eael-grid-post-excerpt\"><p>Ibiza est depuis longtemps l&rsquo;ile du \u00ab\u00a0d\u00e9cal\u00e9\u00a0\u00bb, dans les ann\u00e9es 70 ce sont les hippies.....<\/p><\/div>\n                    <\/div><\/div><\/div>\n        <\/div>\n    <\/article><\/div>\n            <div class=\"clearfix\"><\/div>\n        <\/div>\t\t<\/div>\n\t\t\t\t<\/div>\n\t\t\t\t\t\t<\/div>\n\t\t\t\t\t<\/div>\n\t\t<\/div>\n\t\t\t\t\t\t\t\t<\/div>\n\t\t\t\t\t<\/div>\n\t\t<\/section>\n\t\t\t\t\t\t\t\t\t<\/div>\n\t\t\t<\/div>\n\t\t\t\t\t<\/div>\n\t\t","protected":false},"excerpt":{"rendered":"<p>Ibiza Aux Iles Bal\u00e9ares, Majorque est r\u00e9serv\u00e9e aux Allemands grands buveurs de bi\u00e8re, Mahon avec ses cotes de rochers aux aust\u00e8res Anglais descendants de l&rsquo;amiral Nelson. Ibiza est l&rsquo;ile la plus cosmopolite, festive et branch\u00e9e. \u00a0 Historiquement c&rsquo;est une ile pauvre et peu peupl\u00e9e qui vit d&rsquo;une chiche agriculture avec peu de ressources naturelles.\u00a0 Dans&hellip;<\/p>\n","protected":false},"author":1,"featured_media":0,"parent":0,"menu_order":0,"comment_status":"closed","ping_status":"closed","template":"","meta":{"_vp_format_video_url":"","_vp_image_focal_point":[],"footnotes":"","_wp_rev_ctl_limit":""},"class_list":["post-448","page","type-page","status-publish","hentry"],"_links":{"self":[{"href":"http:\/\/corcia.org\/Im2020\/wp-json\/wp\/v2\/pages\/448","targetHints":{"allow":["GET"]}}],"collection":[{"href":"http:\/\/corcia.org\/Im2020\/wp-json\/wp\/v2\/pages"}],"about":[{"href":"http:\/\/corcia.org\/Im2020\/wp-json\/wp\/v2\/types\/page"}],"author":[{"embeddable":true,"href":"http:\/\/corcia.org\/Im2020\/wp-json\/wp\/v2\/users\/1"}],"replies":[{"embeddable":true,"href":"http:\/\/corcia.org\/Im2020\/wp-json\/wp\/v2\/comments?post=448"}],"version-history":[{"count":0,"href":"http:\/\/corcia.org\/Im2020\/wp-json\/wp\/v2\/pages\/448\/revisions"}],"wp:attachment":[{"href":"http:\/\/corcia.org\/Im2020\/wp-json\/wp\/v2\/media?parent=448"}],"curies":[{"name":"wp","href":"https:\/\/api.w.org\/{rel}","templated":true}]}}