{"id":426,"date":"2016-06-25T12:09:14","date_gmt":"2016-06-25T12:09:14","guid":{"rendered":"http:\/\/corcia.org\/Imitations\/?page_id=426"},"modified":"2024-10-31T22:17:30","modified_gmt":"2024-10-31T21:17:30","slug":"norvege","status":"publish","type":"page","link":"http:\/\/corcia.org\/Im2020\/norvege\/","title":{"rendered":"Norv\u00e8ge"},"content":{"rendered":"\t\t<div data-elementor-type=\"wp-page\" data-elementor-id=\"426\" class=\"elementor elementor-426\">\n\t\t\t\t\t\t<div class=\"elementor-inner\">\n\t\t\t\t<div class=\"elementor-section-wrap\">\n\t\t\t\t\t\t\t\t\t<section class=\"elementor-section elementor-top-section elementor-element elementor-element-288acbb1 elementor-section-boxed elementor-section-height-default elementor-section-height-default\" data-id=\"288acbb1\" data-element_type=\"section\">\n\t\t\t\t\t\t<div class=\"elementor-container elementor-column-gap-default\">\n\t\t\t\t\t\t\t<div class=\"elementor-row\">\n\t\t\t\t\t<div class=\"elementor-column elementor-col-100 elementor-top-column elementor-element elementor-element-77c75b13\" data-id=\"77c75b13\" data-element_type=\"column\">\n\t\t\t<div class=\"elementor-column-wrap elementor-element-populated\">\n\t\t\t\t\t\t\t<div class=\"elementor-widget-wrap\">\n\t\t\t\t\t\t<div class=\"elementor-element elementor-element-583b6a25 elementor-widget elementor-widget-text-editor\" data-id=\"583b6a25\" data-element_type=\"widget\" data-widget_type=\"text-editor.default\">\n\t\t\t\t<div class=\"elementor-widget-container\">\n\t\t\t\t\t\t\t\t<div class=\"elementor-text-editor elementor-clearfix\">\n\t\t\t\t<h3>Le pays des vikings, des fjords et des trolls.<\/h3><p>Nous y sommes all\u00e9s en 2016 pour voir le soleil de minuit.<\/p><p><a href=\"http:\/\/soleildeminuit.blog4ever.com\/\" target=\"_blank\" rel=\"noopener noreferrer\">Un blog raconte ce voyage.<\/a><\/p><p>Nous sommes partis de Bergen, puis remont\u00e9s en bateau jusqu&rsquo;aux iles Lofoten.<\/p><p>En Norv\u00e8ge il y a des statues partout, nous en avons profit\u00e9 pour quelques imitations.<\/p><p>\u00a0<\/p><p>\u00a0<\/p><p>\u00a0<\/p><p>\u00a0<\/p>\t\t\t\t\t<\/div>\n\t\t\t\t\t\t<\/div>\n\t\t\t\t<\/div>\n\t\t\t\t\t\t<\/div>\n\t\t\t\t\t<\/div>\n\t\t<\/div>\n\t\t\t\t\t\t\t\t<\/div>\n\t\t\t\t\t<\/div>\n\t\t<\/section>\n\t\t\t\t<section class=\"elementor-section elementor-top-section elementor-element elementor-element-e593706 elementor-section-boxed elementor-section-height-default elementor-section-height-default\" data-id=\"e593706\" data-element_type=\"section\">\n\t\t\t\t\t\t<div class=\"elementor-container elementor-column-gap-default\">\n\t\t\t\t\t\t\t<div class=\"elementor-row\">\n\t\t\t\t\t<div class=\"elementor-column elementor-col-100 elementor-top-column elementor-element elementor-element-9d60f05\" data-id=\"9d60f05\" data-element_type=\"column\">\n\t\t\t<div class=\"elementor-column-wrap elementor-element-populated\">\n\t\t\t\t\t\t\t<div class=\"elementor-widget-wrap\">\n\t\t\t\t\t\t<div class=\"elementor-element elementor-element-e32374f elementor-grid-eael-col-2 elementor-widget__width-initial elementor-grid-tablet-eael-col-2 elementor-grid-mobile-eael-col-1 elementor-invisible elementor-widget elementor-widget-eael-post-grid\" data-id=\"e32374f\" data-element_type=\"widget\" data-settings=\"{&quot;eael_post_grid_columns&quot;:&quot;eael-col-2&quot;,&quot;_animation&quot;:&quot;fadeInRight&quot;,&quot;eael_post_grid_columns_tablet&quot;:&quot;eael-col-2&quot;,&quot;eael_post_grid_columns_mobile&quot;:&quot;eael-col-1&quot;}\" data-widget_type=\"eael-post-grid.default\">\n\t\t\t\t<div class=\"elementor-widget-container\">\n\t\t\t<div id=\"eael-post-grid-e32374f\" class=\"eael-post-grid-container\">\n            <div class=\"eael-post-grid eael-post-appender eael-post-appender-e32374f eael-post-grid-style-one\" data-layout-mode=\"masonry\"><article class=\"eael-grid-post eael-post-grid-column\" data-id=\"443\">\n        <div class=\"eael-grid-post-holder\">\n            <div class=\"eael-grid-post-holder-inner\"><div class=\"eael-entry-media\"><div class=\"eael-entry-overlay fade-in\"><i class=\"\" aria-hidden=\"true\"><\/i><a href=\"http:\/\/corcia.org\/Im2020\/trondheim-patineur\/\"><\/a><\/div><div class=\"eael-entry-thumbnail \">\n                <img loading=\"lazy\" decoding=\"async\" width=\"300\" height=\"203\" src=\"http:\/\/corcia.org\/Im2020\/wp-content\/uploads\/2016\/06\/Patineur-1-300x203.jpg\" class=\"attachment-medium size-medium wp-image-429\" alt=\"\" srcset=\"http:\/\/corcia.org\/Im2020\/wp-content\/uploads\/2016\/06\/Patineur-1-300x203.jpg 300w, http:\/\/corcia.org\/Im2020\/wp-content\/uploads\/2016\/06\/Patineur-1.jpg 700w\" sizes=\"auto, (max-width: 300px) 100vw, 300px\" \/>\n            <\/div>\n        <\/div><div class=\"eael-entry-wrapper\"><header class=\"eael-entry-header\"><h2 class=\"eael-entry-title\"><a\n                        class=\"eael-grid-post-link\"\n                        href=\"http:\/\/corcia.org\/Im2020\/trondheim-patineur\/\"\n                        title=\"Trondheim &#8211; Patineur\">Trondheim &#8211; Patineur<\/a><\/h2><\/header><div class=\"eael-entry-content\">\n                        <div class=\"eael-grid-post-excerpt\"><p>&nbsp; Le Patin a Glace est un sport national en Norv\u00e8ge, les champions de Patin.....<\/p><\/div>\n                    <\/div><\/div><\/div>\n        <\/div>\n    <\/article><article class=\"eael-grid-post eael-post-grid-column\" data-id=\"441\">\n        <div class=\"eael-grid-post-holder\">\n            <div class=\"eael-grid-post-holder-inner\"><div class=\"eael-entry-media\"><div class=\"eael-entry-overlay fade-in\"><i class=\"\" aria-hidden=\"true\"><\/i><a href=\"http:\/\/corcia.org\/Im2020\/441-2\/\"><\/a><\/div><div class=\"eael-entry-thumbnail \">\n                <img loading=\"lazy\" decoding=\"async\" width=\"300\" height=\"275\" src=\"http:\/\/corcia.org\/Im2020\/wp-content\/uploads\/2016\/06\/violonniste-1-300x275.jpg\" class=\"attachment-medium size-medium wp-image-430\" alt=\"\" srcset=\"http:\/\/corcia.org\/Im2020\/wp-content\/uploads\/2016\/06\/violonniste-1-300x275.jpg 300w, http:\/\/corcia.org\/Im2020\/wp-content\/uploads\/2016\/06\/violonniste-1.jpg 700w\" sizes=\"auto, (max-width: 300px) 100vw, 300px\" \/>\n            <\/div>\n        <\/div><div class=\"eael-entry-wrapper\"><header class=\"eael-entry-header\"><h2 class=\"eael-entry-title\"><a\n                        class=\"eael-grid-post-link\"\n                        href=\"http:\/\/corcia.org\/Im2020\/441-2\/\"\n                        title=\"Trondheim &#8211; Violoniste\">Trondheim &#8211; Violoniste<\/a><\/h2><\/header><div class=\"eael-entry-content\">\n                        <div class=\"eael-grid-post-excerpt\"><p>Un violoniste a Tromdheim<\/p><\/div>\n                    <\/div><\/div><\/div>\n        <\/div>\n    <\/article><article class=\"eael-grid-post eael-post-grid-column\" data-id=\"440\">\n        <div class=\"eael-grid-post-holder\">\n            <div class=\"eael-grid-post-holder-inner\"><div class=\"eael-entry-media\"><div class=\"eael-entry-overlay fade-in\"><i class=\"\" aria-hidden=\"true\"><\/i><a href=\"http:\/\/corcia.org\/Im2020\/440-2\/\"><\/a><\/div><div class=\"eael-entry-thumbnail \">\n                <img loading=\"lazy\" decoding=\"async\" width=\"300\" height=\"232\" src=\"http:\/\/corcia.org\/Im2020\/wp-content\/uploads\/2016\/06\/harpe-1-300x232.jpg\" class=\"attachment-medium size-medium wp-image-433\" alt=\"\" srcset=\"http:\/\/corcia.org\/Im2020\/wp-content\/uploads\/2016\/06\/harpe-1-300x232.jpg 300w, http:\/\/corcia.org\/Im2020\/wp-content\/uploads\/2016\/06\/harpe-1.jpg 700w\" sizes=\"auto, (max-width: 300px) 100vw, 300px\" \/>\n            <\/div>\n        <\/div><div class=\"eael-entry-wrapper\"><header class=\"eael-entry-header\"><h2 class=\"eael-entry-title\"><a\n                        class=\"eael-grid-post-link\"\n                        href=\"http:\/\/corcia.org\/Im2020\/440-2\/\"\n                        title=\"Bergen- le Harpiste arros\u00e9\">Bergen- le Harpiste arros\u00e9<\/a><\/h2><\/header><div class=\"eael-entry-content\">\n                        <div class=\"eael-grid-post-excerpt\"><p>Au centre de Bergen, au pieds d&rsquo;un violoniste, un joueur de Harpe. Il est de.....<\/p><\/div>\n                    <\/div><\/div><\/div>\n        <\/div>\n    <\/article><article class=\"eael-grid-post eael-post-grid-column\" data-id=\"439\">\n        <div class=\"eael-grid-post-holder\">\n            <div class=\"eael-grid-post-holder-inner\"><div class=\"eael-entry-media\"><div class=\"eael-entry-overlay fade-in\"><i class=\"\" aria-hidden=\"true\"><\/i><a href=\"http:\/\/corcia.org\/Im2020\/alesund-letudiant\/\"><\/a><\/div><div class=\"eael-entry-thumbnail \">\n                <img loading=\"lazy\" decoding=\"async\" width=\"207\" height=\"300\" src=\"http:\/\/corcia.org\/Im2020\/wp-content\/uploads\/2016\/06\/ecolier-1-207x300.jpg\" class=\"attachment-medium size-medium wp-image-431\" alt=\"\" srcset=\"http:\/\/corcia.org\/Im2020\/wp-content\/uploads\/2016\/06\/ecolier-1-207x300.jpg 207w, http:\/\/corcia.org\/Im2020\/wp-content\/uploads\/2016\/06\/ecolier-1.jpg 482w\" sizes=\"auto, (max-width: 207px) 100vw, 207px\" \/>\n            <\/div>\n        <\/div><div class=\"eael-entry-wrapper\"><header class=\"eael-entry-header\"><h2 class=\"eael-entry-title\"><a\n                        class=\"eael-grid-post-link\"\n                        href=\"http:\/\/corcia.org\/Im2020\/alesund-letudiant\/\"\n                        title=\"Alesund- l&rsquo;\u00e9tudiant\">Alesund- l&rsquo;\u00e9tudiant<\/a><\/h2><\/header><div class=\"eael-entry-content\">\n                        <div class=\"eael-grid-post-excerpt\"><p>Un \u00e9tudiant se rend joyeusement \u00e0 son cours en saluant ses copains.<\/p><\/div>\n                    <\/div><\/div><\/div>\n        <\/div>\n    <\/article><article class=\"eael-grid-post eael-post-grid-column\" data-id=\"428\">\n        <div class=\"eael-grid-post-holder\">\n            <div class=\"eael-grid-post-holder-inner\"><div class=\"eael-entry-media\"><div class=\"eael-entry-overlay fade-in\"><i class=\"\" aria-hidden=\"true\"><\/i><a href=\"http:\/\/corcia.org\/Im2020\/bergen-le-sdf\/\"><\/a><\/div><div class=\"eael-entry-thumbnail \">\n                <img loading=\"lazy\" decoding=\"async\" width=\"300\" height=\"207\" src=\"http:\/\/corcia.org\/Im2020\/wp-content\/uploads\/2016\/06\/sdf-1-300x207.jpg\" class=\"attachment-medium size-medium wp-image-432\" alt=\"\" srcset=\"http:\/\/corcia.org\/Im2020\/wp-content\/uploads\/2016\/06\/sdf-1-300x207.jpg 300w, http:\/\/corcia.org\/Im2020\/wp-content\/uploads\/2016\/06\/sdf-1.jpg 700w\" sizes=\"auto, (max-width: 300px) 100vw, 300px\" \/>\n            <\/div>\n        <\/div><div class=\"eael-entry-wrapper\"><header class=\"eael-entry-header\"><h2 class=\"eael-entry-title\"><a\n                        class=\"eael-grid-post-link\"\n                        href=\"http:\/\/corcia.org\/Im2020\/bergen-le-sdf\/\"\n                        title=\"Bergen &#8211; Le SDF\">Bergen &#8211; Le SDF<\/a><\/h2><\/header><div class=\"eael-entry-content\">\n                        <div class=\"eael-grid-post-excerpt\"><p>Au centre ville, pr\u00e8s d&rsquo;un batiment public, une statue de SDF est assise pr\u00e8s de.....<\/p><\/div>\n                    <\/div><\/div><\/div>\n        <\/div>\n    <\/article><\/div>\n            <div class=\"clearfix\"><\/div>\n        <\/div>\t\t<\/div>\n\t\t\t\t<\/div>\n\t\t\t\t\t\t<\/div>\n\t\t\t\t\t<\/div>\n\t\t<\/div>\n\t\t\t\t\t\t\t\t<\/div>\n\t\t\t\t\t<\/div>\n\t\t<\/section>\n\t\t\t\t\t\t\t\t\t<\/div>\n\t\t\t<\/div>\n\t\t\t\t\t<\/div>\n\t\t","protected":false},"excerpt":{"rendered":"<p>Le pays des vikings, des fjords et des trolls. Nous y sommes all\u00e9s en 2016 pour voir le soleil de minuit. Un blog raconte ce voyage. Nous sommes partis de Bergen, puis remont\u00e9s en bateau jusqu&rsquo;aux iles Lofoten. En Norv\u00e8ge il y a des statues partout, nous en avons profit\u00e9 pour quelques imitations. \u00a0 \u00a0&hellip;<\/p>\n","protected":false},"author":1,"featured_media":0,"parent":0,"menu_order":0,"comment_status":"closed","ping_status":"closed","template":"","meta":{"_vp_format_video_url":"","_vp_image_focal_point":[],"footnotes":"","_wp_rev_ctl_limit":""},"class_list":["post-426","page","type-page","status-publish","hentry"],"_links":{"self":[{"href":"http:\/\/corcia.org\/Im2020\/wp-json\/wp\/v2\/pages\/426","targetHints":{"allow":["GET"]}}],"collection":[{"href":"http:\/\/corcia.org\/Im2020\/wp-json\/wp\/v2\/pages"}],"about":[{"href":"http:\/\/corcia.org\/Im2020\/wp-json\/wp\/v2\/types\/page"}],"author":[{"embeddable":true,"href":"http:\/\/corcia.org\/Im2020\/wp-json\/wp\/v2\/users\/1"}],"replies":[{"embeddable":true,"href":"http:\/\/corcia.org\/Im2020\/wp-json\/wp\/v2\/comments?post=426"}],"version-history":[{"count":3,"href":"http:\/\/corcia.org\/Im2020\/wp-json\/wp\/v2\/pages\/426\/revisions"}],"predecessor-version":[{"id":2424,"href":"http:\/\/corcia.org\/Im2020\/wp-json\/wp\/v2\/pages\/426\/revisions\/2424"}],"wp:attachment":[{"href":"http:\/\/corcia.org\/Im2020\/wp-json\/wp\/v2\/media?parent=426"}],"curies":[{"name":"wp","href":"https:\/\/api.w.org\/{rel}","templated":true}]}}