{"id":406,"date":"2016-04-13T05:34:33","date_gmt":"2016-04-13T05:34:33","guid":{"rendered":"http:\/\/corcia.org\/Imitations\/?page_id=406"},"modified":"2020-02-14T17:23:42","modified_gmt":"2020-02-14T16:23:42","slug":"valencia","status":"publish","type":"page","link":"http:\/\/corcia.org\/Im2020\/valencia\/","title":{"rendered":"Valencia"},"content":{"rendered":"<h3>Valencia<\/h3>\n<p>Une ville tranquille au milieu de la c\u00f4te m\u00e9diterran\u00e9e.<br \/>\nLoin de Barcelone et de son agitation, \u00e0 l&rsquo;\u00e9cart de Madrid et son quant \u00e0 soi de la Capitale.<br \/>\nC&rsquo;est d\u00e9ja la d\u00e9contraction et la douceur de vivre au soleil comme \u00e0 Alicante.<\/p>\n<p>En 1957, La Turia, La rivi\u00e8re qui encercle la ville est sortie de son lit dans une crue m\u00e9morable qui a atteint pr\u00e8s de deux metres dans la vieille ville et caus\u00e9 des centaines de d\u00e9c\u00e8s. La Ville a d\u00e9cid\u00e9 de d\u00e9tourner le fleuve au sud.Le lit de la rivi\u00e8re ainsi lib\u00e9r\u00e9 a \u00e9t\u00e9 transform\u00e9 en jardins,terrains de jeux et lieux de promenades.<br \/>\nValencia peut etre divis\u00e9 en trois grand quartiers:<\/p>\n<ul>\n<li>La vieille ville cercl\u00e9e de boulevards en lieu des anciens remparts. A l&rsquo;ouest un peu abandon\u00e9e, A l&rsquo;est et au sud Vivante et commerciale autour de la mairie et de la cath\u00e9drale.<\/li>\n<li>L'\u00a0\u00bbensache\u00a0\u00bb, le prolongement moderne vers le sud avec des grandes avenues et des immeubles magnifiques construits entre la fin du 19 eme et le 20 eme.<\/li>\n<li>Le port. Depuis la&nbsp; tenue de la coupe America en 2007, le quartier du port a \u00e9t\u00e9 r\u00e9nov\u00e9 avec des bars branch\u00e9s, des boites de nuit et des restaurants chics &#8230; ou on ne saurait esquiver la \u00ab\u00a0Paella Valenciana.<\/li>\n<\/ul>\n<p><a href=\"http:\/\/corcia.org\/Imitations\/?page_id=591\">Voir les photos de Valence&#8230;<\/a><\/p>\n<h3><\/h3>\n","protected":false},"excerpt":{"rendered":"<p>Valencia Une ville tranquille au milieu de la c\u00f4te m\u00e9diterran\u00e9e. Loin de Barcelone et de son agitation, \u00e0 l&rsquo;\u00e9cart de Madrid et son quant \u00e0 soi de la Capitale. C&rsquo;est d\u00e9ja la d\u00e9contraction et la douceur de vivre au soleil comme \u00e0 Alicante. En 1957, La Turia, La rivi\u00e8re qui encercle la ville est sortie&hellip;<\/p>\n","protected":false},"author":1,"featured_media":0,"parent":0,"menu_order":0,"comment_status":"closed","ping_status":"closed","template":"","meta":{"_vp_format_video_url":"","_vp_image_focal_point":[],"footnotes":"","_wp_rev_ctl_limit":""},"class_list":["post-406","page","type-page","status-publish","hentry"],"_links":{"self":[{"href":"http:\/\/corcia.org\/Im2020\/wp-json\/wp\/v2\/pages\/406","targetHints":{"allow":["GET"]}}],"collection":[{"href":"http:\/\/corcia.org\/Im2020\/wp-json\/wp\/v2\/pages"}],"about":[{"href":"http:\/\/corcia.org\/Im2020\/wp-json\/wp\/v2\/types\/page"}],"author":[{"embeddable":true,"href":"http:\/\/corcia.org\/Im2020\/wp-json\/wp\/v2\/users\/1"}],"replies":[{"embeddable":true,"href":"http:\/\/corcia.org\/Im2020\/wp-json\/wp\/v2\/comments?post=406"}],"version-history":[{"count":0,"href":"http:\/\/corcia.org\/Im2020\/wp-json\/wp\/v2\/pages\/406\/revisions"}],"wp:attachment":[{"href":"http:\/\/corcia.org\/Im2020\/wp-json\/wp\/v2\/media?parent=406"}],"curies":[{"name":"wp","href":"https:\/\/api.w.org\/{rel}","templated":true}]}}