{"id":363,"date":"2016-02-07T14:25:58","date_gmt":"2016-02-07T14:25:58","guid":{"rendered":"http:\/\/corcia.org\/Imitations\/?page_id=363"},"modified":"2024-10-31T22:16:28","modified_gmt":"2024-10-31T21:16:28","slug":"malte","status":"publish","type":"page","link":"http:\/\/corcia.org\/Im2020\/malte\/","title":{"rendered":"Malte"},"content":{"rendered":"\t\t<div data-elementor-type=\"wp-page\" data-elementor-id=\"363\" class=\"elementor elementor-363\">\n\t\t\t\t\t\t<div class=\"elementor-inner\">\n\t\t\t\t<div class=\"elementor-section-wrap\">\n\t\t\t\t\t\t\t\t\t<section class=\"elementor-section elementor-top-section elementor-element elementor-element-16fc2046 elementor-section-boxed elementor-section-height-default elementor-section-height-default\" data-id=\"16fc2046\" data-element_type=\"section\">\n\t\t\t\t\t\t<div class=\"elementor-container elementor-column-gap-default\">\n\t\t\t\t\t\t\t<div class=\"elementor-row\">\n\t\t\t\t\t<div class=\"elementor-column elementor-col-100 elementor-top-column elementor-element elementor-element-18f935d5\" data-id=\"18f935d5\" data-element_type=\"column\">\n\t\t\t<div class=\"elementor-column-wrap elementor-element-populated\">\n\t\t\t\t\t\t\t<div class=\"elementor-widget-wrap\">\n\t\t\t\t\t\t<div class=\"elementor-element elementor-element-2c658f86 elementor-widget elementor-widget-text-editor\" data-id=\"2c658f86\" data-element_type=\"widget\" data-widget_type=\"text-editor.default\">\n\t\t\t\t<div class=\"elementor-widget-container\">\n\t\t\t\t\t\t\t\t<div class=\"elementor-text-editor elementor-clearfix\">\n\t\t\t\t<h3>Une ile tr\u00e8s peupl\u00e9e ou on parle Anglais en m\u00e9diterran\u00e9e.<\/h3><p>\u00a0<\/p><h3>\u00a0<\/h3>\t\t\t\t\t<\/div>\n\t\t\t\t\t\t<\/div>\n\t\t\t\t<\/div>\n\t\t\t\t\t\t<\/div>\n\t\t\t\t\t<\/div>\n\t\t<\/div>\n\t\t\t\t\t\t\t\t<\/div>\n\t\t\t\t\t<\/div>\n\t\t<\/section>\n\t\t\t\t<section class=\"elementor-section elementor-top-section elementor-element elementor-element-4f526ca elementor-section-boxed elementor-section-height-default elementor-section-height-default\" data-id=\"4f526ca\" data-element_type=\"section\">\n\t\t\t\t\t\t<div class=\"elementor-container elementor-column-gap-default\">\n\t\t\t\t\t\t\t<div class=\"elementor-row\">\n\t\t\t\t\t<div class=\"elementor-column elementor-col-100 elementor-top-column elementor-element elementor-element-ca40597\" data-id=\"ca40597\" data-element_type=\"column\">\n\t\t\t<div class=\"elementor-column-wrap elementor-element-populated\">\n\t\t\t\t\t\t\t<div class=\"elementor-widget-wrap\">\n\t\t\t\t\t\t<div class=\"elementor-element elementor-element-8377162 elementor-grid-eael-col-2 elementor-widget__width-inherit elementor-grid-tablet-eael-col-2 elementor-grid-mobile-eael-col-1 elementor-invisible elementor-widget elementor-widget-eael-post-grid\" data-id=\"8377162\" data-element_type=\"widget\" data-settings=\"{&quot;eael_post_grid_columns&quot;:&quot;eael-col-2&quot;,&quot;_animation&quot;:&quot;fadeIn&quot;,&quot;eael_post_grid_columns_tablet&quot;:&quot;eael-col-2&quot;,&quot;eael_post_grid_columns_mobile&quot;:&quot;eael-col-1&quot;}\" data-widget_type=\"eael-post-grid.default\">\n\t\t\t\t<div class=\"elementor-widget-container\">\n\t\t\t<div id=\"eael-post-grid-8377162\" class=\"eael-post-grid-container\">\n            <div class=\"eael-post-grid eael-post-appender eael-post-appender-8377162 eael-post-grid-style-one\" data-layout-mode=\"masonry\"><article class=\"eael-grid-post eael-post-grid-column\" data-id=\"177\">\n        <div class=\"eael-grid-post-holder\">\n            <div class=\"eael-grid-post-holder-inner\"><div class=\"eael-entry-media\"><div class=\"eael-entry-overlay fade-in\"><i class=\"fab fa-yammer\" aria-hidden=\"true\"><\/i><a href=\"http:\/\/corcia.org\/Im2020\/malte-reine-victoria-2\/\"><\/a><\/div><div class=\"eael-entry-thumbnail \">\n                <img loading=\"lazy\" decoding=\"async\" width=\"300\" height=\"221\" src=\"http:\/\/corcia.org\/Im2020\/wp-content\/uploads\/2015\/12\/victoria-une-1-300x221.png\" class=\"attachment-medium size-medium wp-image-181\" alt=\"\" srcset=\"http:\/\/corcia.org\/Im2020\/wp-content\/uploads\/2015\/12\/victoria-une-1-300x221.png 300w, http:\/\/corcia.org\/Im2020\/wp-content\/uploads\/2015\/12\/victoria-une-1.png 390w\" sizes=\"auto, (max-width: 300px) 100vw, 300px\" \/>\n            <\/div>\n        <\/div><div class=\"eael-entry-wrapper\"><header class=\"eael-entry-header\"><h2 class=\"eael-entry-title\"><a\n                        class=\"eael-grid-post-link\"\n                        href=\"http:\/\/corcia.org\/Im2020\/malte-reine-victoria-2\/\"\n                        title=\"Malte &#8211; Reine Victoria\">Malte &#8211; Reine Victoria<\/a><\/h2><\/header><div class=\"eael-entry-content\">\n                        <div class=\"eael-grid-post-excerpt\"><p>Malte a \u00e9t\u00e9 annex\u00e9 a l&#8217;empire britannique en 1816, suite a une m\u00e9sentente entre Fran\u00e7ais.....<\/p><\/div>\n                    <\/div><\/div><\/div>\n        <\/div>\n    <\/article><article class=\"eael-grid-post eael-post-grid-column\" data-id=\"147\">\n        <div class=\"eael-grid-post-holder\">\n            <div class=\"eael-grid-post-holder-inner\"><div class=\"eael-entry-media\"><div class=\"eael-entry-overlay fade-in\"><i class=\"fab fa-yammer\" aria-hidden=\"true\"><\/i><a href=\"http:\/\/corcia.org\/Im2020\/147-2\/\"><\/a><\/div><div class=\"eael-entry-thumbnail \">\n                <img loading=\"lazy\" decoding=\"async\" width=\"300\" height=\"219\" src=\"http:\/\/corcia.org\/Im2020\/wp-content\/uploads\/2015\/05\/malte-angelot-Une-1-300x219.jpg\" class=\"attachment-medium size-medium wp-image-152\" alt=\"\" srcset=\"http:\/\/corcia.org\/Im2020\/wp-content\/uploads\/2015\/05\/malte-angelot-Une-1-300x219.jpg 300w, http:\/\/corcia.org\/Im2020\/wp-content\/uploads\/2015\/05\/malte-angelot-Une-1.jpg 445w\" sizes=\"auto, (max-width: 300px) 100vw, 300px\" \/>\n            <\/div>\n        <\/div><div class=\"eael-entry-wrapper\"><header class=\"eael-entry-header\"><h2 class=\"eael-entry-title\"><a\n                        class=\"eael-grid-post-link\"\n                        href=\"http:\/\/corcia.org\/Im2020\/147-2\/\"\n                        title=\"Malte- Angelot\">Malte- Angelot<\/a><\/h2><\/header><div class=\"eael-entry-content\">\n                        <div class=\"eael-grid-post-excerpt\"><p>L&rsquo;angelot est la figure pieuse typique de l&rsquo;innocence. D&rsquo;ailleurs si innocent qu&rsquo;un ange n&rsquo;a pas.....<\/p><\/div>\n                    <\/div><\/div><\/div>\n        <\/div>\n    <\/article><article class=\"eael-grid-post eael-post-grid-column\" data-id=\"146\">\n        <div class=\"eael-grid-post-holder\">\n            <div class=\"eael-grid-post-holder-inner\"><div class=\"eael-entry-media\"><div class=\"eael-entry-overlay fade-in\"><i class=\"fab fa-yammer\" aria-hidden=\"true\"><\/i><a href=\"http:\/\/corcia.org\/Im2020\/malte-hotel-excelsior\/\"><\/a><\/div><div class=\"eael-entry-thumbnail \">\n                <img loading=\"lazy\" decoding=\"async\" width=\"193\" height=\"300\" src=\"http:\/\/corcia.org\/Im2020\/wp-content\/uploads\/2015\/05\/Malte-Entre\u0301e-hotel1-1-193x300.jpg\" class=\"attachment-medium size-medium wp-image-123\" alt=\"\" srcset=\"http:\/\/corcia.org\/Im2020\/wp-content\/uploads\/2015\/05\/Malte-Entre\u0301e-hotel1-1-193x300.jpg 193w, http:\/\/corcia.org\/Im2020\/wp-content\/uploads\/2015\/05\/Malte-Entre\u0301e-hotel1-1.jpg 451w\" sizes=\"auto, (max-width: 193px) 100vw, 193px\" \/>\n            <\/div>\n        <\/div><div class=\"eael-entry-wrapper\"><header class=\"eael-entry-header\"><h2 class=\"eael-entry-title\"><a\n                        class=\"eael-grid-post-link\"\n                        href=\"http:\/\/corcia.org\/Im2020\/malte-hotel-excelsior\/\"\n                        title=\"Malte- Hotel excelsior\">Malte- Hotel excelsior<\/a><\/h2><\/header><div class=\"eael-entry-content\">\n                        <div class=\"eael-grid-post-excerpt\"><p>L&rsquo;hotel Excelsior est un excellent 5 etoiles de bord de mer avec grande piscine ext\u00e9rieure.....<\/p><\/div>\n                    <\/div><\/div><\/div>\n        <\/div>\n    <\/article><article class=\"eael-grid-post eael-post-grid-column\" data-id=\"682\">\n        <div class=\"eael-grid-post-holder\">\n            <div class=\"eael-grid-post-holder-inner\"><div class=\"eael-entry-media\"><div class=\"eael-entry-overlay fade-in\"><i class=\"fab fa-yammer\" aria-hidden=\"true\"><\/i><a href=\"http:\/\/corcia.org\/Im2020\/malte-soldat-romain\/\"><\/a><\/div><div class=\"eael-entry-thumbnail \">\n                <img loading=\"lazy\" decoding=\"async\" width=\"183\" height=\"300\" src=\"http:\/\/corcia.org\/Im2020\/wp-content\/uploads\/2015\/05\/Malte-Entre\u0301e-hotel-21-1-183x300.jpg\" class=\"attachment-medium size-medium wp-image-122\" alt=\"\" srcset=\"http:\/\/corcia.org\/Im2020\/wp-content\/uploads\/2015\/05\/Malte-Entre\u0301e-hotel-21-1-183x300.jpg 183w, http:\/\/corcia.org\/Im2020\/wp-content\/uploads\/2015\/05\/Malte-Entre\u0301e-hotel-21-1.jpg 428w\" sizes=\"auto, (max-width: 183px) 100vw, 183px\" \/>\n            <\/div>\n        <\/div><div class=\"eael-entry-wrapper\"><header class=\"eael-entry-header\"><h2 class=\"eael-entry-title\"><a\n                        class=\"eael-grid-post-link\"\n                        href=\"http:\/\/corcia.org\/Im2020\/malte-soldat-romain\/\"\n                        title=\"Malte &#8211; Hotel excelsior 2\">Malte &#8211; Hotel excelsior 2<\/a><\/h2><\/header><div class=\"eael-entry-content\">\n                        <div class=\"eael-grid-post-excerpt\"><p>A droite de l&rsquo;entr\u00e9e, face au tribun une autre statue repr\u00e9sente certainement un soldat Romain,.....<\/p><\/div>\n                    <\/div><\/div><\/div>\n        <\/div>\n    <\/article><article class=\"eael-grid-post eael-post-grid-column\" data-id=\"681\">\n        <div class=\"eael-grid-post-holder\">\n            <div class=\"eael-grid-post-holder-inner\"><div class=\"eael-entry-media\"><div class=\"eael-entry-overlay fade-in\"><i class=\"fab fa-yammer\" aria-hidden=\"true\"><\/i><a href=\"http:\/\/corcia.org\/Im2020\/malte-pecheur-marsaxlok\/\"><\/a><\/div><div class=\"eael-entry-thumbnail \">\n                <img loading=\"lazy\" decoding=\"async\" width=\"300\" height=\"212\" src=\"http:\/\/corcia.org\/Im2020\/wp-content\/uploads\/2015\/05\/Malte-Port-Marsaxlok1-1-300x212.jpg\" class=\"attachment-medium size-medium wp-image-124\" alt=\"\" srcset=\"http:\/\/corcia.org\/Im2020\/wp-content\/uploads\/2015\/05\/Malte-Port-Marsaxlok1-1-300x212.jpg 300w, http:\/\/corcia.org\/Im2020\/wp-content\/uploads\/2015\/05\/Malte-Port-Marsaxlok1-1.jpg 700w\" sizes=\"auto, (max-width: 300px) 100vw, 300px\" \/>\n            <\/div>\n        <\/div><div class=\"eael-entry-wrapper\"><header class=\"eael-entry-header\"><h2 class=\"eael-entry-title\"><a\n                        class=\"eael-grid-post-link\"\n                        href=\"http:\/\/corcia.org\/Im2020\/malte-pecheur-marsaxlok\/\"\n                        title=\"Malte P\u00eacheur Marsaxlok\">Malte P\u00eacheur Marsaxlok<\/a><\/h2><\/header><div class=\"eael-entry-content\">\n                        <div class=\"eael-grid-post-excerpt\"><p><\/p><\/div>\n                    <\/div><\/div><\/div>\n        <\/div>\n    <\/article><article class=\"eael-grid-post eael-post-grid-column\" data-id=\"680\">\n        <div class=\"eael-grid-post-holder\">\n            <div class=\"eael-grid-post-holder-inner\"><div class=\"eael-entry-media\"><div class=\"eael-entry-overlay fade-in\"><i class=\"fab fa-yammer\" aria-hidden=\"true\"><\/i><a href=\"http:\/\/corcia.org\/Im2020\/malte-vierge-marie\/\"><\/a><\/div><div class=\"eael-entry-thumbnail \">\n                <img loading=\"lazy\" decoding=\"async\" width=\"187\" height=\"300\" src=\"http:\/\/corcia.org\/Im2020\/wp-content\/uploads\/2015\/05\/Malte-La-vierge-Marie1-1-187x300.jpg\" class=\"attachment-medium size-medium wp-image-125\" alt=\"\" srcset=\"http:\/\/corcia.org\/Im2020\/wp-content\/uploads\/2015\/05\/Malte-La-vierge-Marie1-1-187x300.jpg 187w, http:\/\/corcia.org\/Im2020\/wp-content\/uploads\/2015\/05\/Malte-La-vierge-Marie1-1.jpg 436w\" sizes=\"auto, (max-width: 187px) 100vw, 187px\" \/>\n            <\/div>\n        <\/div><div class=\"eael-entry-wrapper\"><header class=\"eael-entry-header\"><h2 class=\"eael-entry-title\"><a\n                        class=\"eael-grid-post-link\"\n                        href=\"http:\/\/corcia.org\/Im2020\/malte-vierge-marie\/\"\n                        title=\"Malte- Vierge Marie\">Malte- Vierge Marie<\/a><\/h2><\/header><div class=\"eael-entry-content\">\n                        <div class=\"eael-grid-post-excerpt\"><p><\/p><\/div>\n                    <\/div><\/div><\/div>\n        <\/div>\n    <\/article><article class=\"eael-grid-post eael-post-grid-column\" data-id=\"679\">\n        <div class=\"eael-grid-post-holder\">\n            <div class=\"eael-grid-post-holder-inner\"><div class=\"eael-entry-media\"><div class=\"eael-entry-overlay fade-in\"><i class=\"fab fa-yammer\" aria-hidden=\"true\"><\/i><a href=\"http:\/\/corcia.org\/Im2020\/malte-st-jean-baptiste\/\"><\/a><\/div><div class=\"eael-entry-thumbnail \">\n                <img loading=\"lazy\" decoding=\"async\" width=\"169\" height=\"300\" src=\"http:\/\/corcia.org\/Im2020\/wp-content\/uploads\/2015\/05\/Malte-St-Jean-baptiste1-1-169x300.jpg\" class=\"attachment-medium size-medium wp-image-126\" alt=\"\" srcset=\"http:\/\/corcia.org\/Im2020\/wp-content\/uploads\/2015\/05\/Malte-St-Jean-baptiste1-1-169x300.jpg 169w, http:\/\/corcia.org\/Im2020\/wp-content\/uploads\/2015\/05\/Malte-St-Jean-baptiste1-1.jpg 394w\" sizes=\"auto, (max-width: 169px) 100vw, 169px\" \/>\n            <\/div>\n        <\/div><div class=\"eael-entry-wrapper\"><header class=\"eael-entry-header\"><h2 class=\"eael-entry-title\"><a\n                        class=\"eael-grid-post-link\"\n                        href=\"http:\/\/corcia.org\/Im2020\/malte-st-jean-baptiste\/\"\n                        title=\"Malte- St Jean baptiste\">Malte- St Jean baptiste<\/a><\/h2><\/header><div class=\"eael-entry-content\">\n                        <div class=\"eael-grid-post-excerpt\"><p><\/p><\/div>\n                    <\/div><\/div><\/div>\n        <\/div>\n    <\/article><article class=\"eael-grid-post eael-post-grid-column\" data-id=\"132\">\n        <div class=\"eael-grid-post-holder\">\n            <div class=\"eael-grid-post-holder-inner\"><div class=\"eael-entry-media\"><div class=\"eael-entry-overlay fade-in\"><i class=\"fab fa-yammer\" aria-hidden=\"true\"><\/i><a href=\"http:\/\/corcia.org\/Im2020\/132-2\/\"><\/a><\/div><div class=\"eael-entry-thumbnail \">\n                <img loading=\"lazy\" decoding=\"async\" width=\"198\" height=\"300\" src=\"http:\/\/corcia.org\/Im2020\/wp-content\/uploads\/2015\/05\/Malte-rue-La-Valette1-1-198x300.jpg\" class=\"attachment-medium size-medium wp-image-127\" alt=\"\" srcset=\"http:\/\/corcia.org\/Im2020\/wp-content\/uploads\/2015\/05\/Malte-rue-La-Valette1-1-198x300.jpg 198w, http:\/\/corcia.org\/Im2020\/wp-content\/uploads\/2015\/05\/Malte-rue-La-Valette1-1.jpg 527w\" sizes=\"auto, (max-width: 198px) 100vw, 198px\" \/>\n            <\/div>\n        <\/div><div class=\"eael-entry-wrapper\"><header class=\"eael-entry-header\"><h2 class=\"eael-entry-title\"><a\n                        class=\"eael-grid-post-link\"\n                        href=\"http:\/\/corcia.org\/Im2020\/132-2\/\"\n                        title=\"Malte &#8211; Coin de rue\">Malte &#8211; Coin de rue<\/a><\/h2><\/header><div class=\"eael-entry-content\">\n                        <div class=\"eael-grid-post-excerpt\"><p><\/p><\/div>\n                    <\/div><\/div><\/div>\n        <\/div>\n    <\/article><article class=\"eael-grid-post eael-post-grid-column\" data-id=\"128\">\n        <div class=\"eael-grid-post-holder\">\n            <div class=\"eael-grid-post-holder-inner\"><div class=\"eael-entry-media\"><div class=\"eael-entry-overlay fade-in\"><i class=\"fab fa-yammer\" aria-hidden=\"true\"><\/i><a href=\"http:\/\/corcia.org\/Im2020\/128-2\/\"><\/a><\/div><div class=\"eael-entry-thumbnail \">\n                <img loading=\"lazy\" decoding=\"async\" width=\"300\" height=\"187\" src=\"http:\/\/corcia.org\/Im2020\/wp-content\/uploads\/2015\/05\/pelerin-avant1-1-300x187.jpg\" class=\"attachment-medium size-medium wp-image-130\" alt=\"\" srcset=\"http:\/\/corcia.org\/Im2020\/wp-content\/uploads\/2015\/05\/pelerin-avant1-1-300x187.jpg 300w, http:\/\/corcia.org\/Im2020\/wp-content\/uploads\/2015\/05\/pelerin-avant1-1.jpg 526w\" sizes=\"auto, (max-width: 300px) 100vw, 300px\" \/>\n            <\/div>\n        <\/div><div class=\"eael-entry-wrapper\"><header class=\"eael-entry-header\"><h2 class=\"eael-entry-title\"><a\n                        class=\"eael-grid-post-link\"\n                        href=\"http:\/\/corcia.org\/Im2020\/128-2\/\"\n                        title=\"Malte &#8211; Pelerin\">Malte &#8211; Pelerin<\/a><\/h2><\/header><div class=\"eael-entry-content\">\n                        <div class=\"eael-grid-post-excerpt\"><p><\/p><\/div>\n                    <\/div><\/div><\/div>\n        <\/div>\n    <\/article><\/div>\n            <div class=\"clearfix\"><\/div>\n        <\/div>\t\t<\/div>\n\t\t\t\t<\/div>\n\t\t\t\t\t\t<\/div>\n\t\t\t\t\t<\/div>\n\t\t<\/div>\n\t\t\t\t\t\t\t\t<\/div>\n\t\t\t\t\t<\/div>\n\t\t<\/section>\n\t\t\t\t\t\t\t\t\t<\/div>\n\t\t\t<\/div>\n\t\t\t\t\t<\/div>\n\t\t","protected":false},"excerpt":{"rendered":"<p>Une ile tr\u00e8s peupl\u00e9e ou on parle Anglais en m\u00e9diterran\u00e9e. \u00a0 \u00a0 Malte &#8211; Reine Victoria Malte a \u00e9t\u00e9 annex\u00e9 a l&#8217;empire britannique en 1816, suite a une m\u00e9sentente entre Fran\u00e7ais&#8230;.. Malte- Angelot L&#8217;angelot est la figure pieuse typique de l&#8217;innocence. D&#8217;ailleurs si innocent qu&#8217;un ange n&#8217;a pas&#8230;.. Malte- Hotel excelsior L&#8217;hotel Excelsior est un&hellip;<\/p>\n","protected":false},"author":1,"featured_media":0,"parent":0,"menu_order":0,"comment_status":"closed","ping_status":"closed","template":"","meta":{"_vp_format_video_url":"","_vp_image_focal_point":[],"footnotes":"","_wp_rev_ctl_limit":""},"class_list":["post-363","page","type-page","status-publish","hentry"],"_links":{"self":[{"href":"http:\/\/corcia.org\/Im2020\/wp-json\/wp\/v2\/pages\/363","targetHints":{"allow":["GET"]}}],"collection":[{"href":"http:\/\/corcia.org\/Im2020\/wp-json\/wp\/v2\/pages"}],"about":[{"href":"http:\/\/corcia.org\/Im2020\/wp-json\/wp\/v2\/types\/page"}],"author":[{"embeddable":true,"href":"http:\/\/corcia.org\/Im2020\/wp-json\/wp\/v2\/users\/1"}],"replies":[{"embeddable":true,"href":"http:\/\/corcia.org\/Im2020\/wp-json\/wp\/v2\/comments?post=363"}],"version-history":[{"count":3,"href":"http:\/\/corcia.org\/Im2020\/wp-json\/wp\/v2\/pages\/363\/revisions"}],"predecessor-version":[{"id":2421,"href":"http:\/\/corcia.org\/Im2020\/wp-json\/wp\/v2\/pages\/363\/revisions\/2421"}],"wp:attachment":[{"href":"http:\/\/corcia.org\/Im2020\/wp-json\/wp\/v2\/media?parent=363"}],"curies":[{"name":"wp","href":"https:\/\/api.w.org\/{rel}","templated":true}]}}