{"id":358,"date":"2016-02-07T14:04:46","date_gmt":"2016-02-07T14:04:46","guid":{"rendered":"http:\/\/corcia.org\/Imitations\/?page_id=358"},"modified":"2024-10-31T22:14:18","modified_gmt":"2024-10-31T21:14:18","slug":"rome","status":"publish","type":"page","link":"http:\/\/corcia.org\/Im2020\/rome\/","title":{"rendered":"Rome"},"content":{"rendered":"\t\t<div data-elementor-type=\"wp-page\" data-elementor-id=\"358\" class=\"elementor elementor-358\">\n\t\t\t\t\t\t<div class=\"elementor-inner\">\n\t\t\t\t<div class=\"elementor-section-wrap\">\n\t\t\t\t\t\t\t\t\t<section class=\"elementor-section elementor-top-section elementor-element elementor-element-7edcfb3b elementor-section-boxed elementor-section-height-default elementor-section-height-default\" data-id=\"7edcfb3b\" data-element_type=\"section\">\n\t\t\t\t\t\t<div class=\"elementor-container elementor-column-gap-default\">\n\t\t\t\t\t\t\t<div class=\"elementor-row\">\n\t\t\t\t\t<div class=\"elementor-column elementor-col-100 elementor-top-column elementor-element elementor-element-61ac9222\" data-id=\"61ac9222\" data-element_type=\"column\">\n\t\t\t<div class=\"elementor-column-wrap elementor-element-populated\">\n\t\t\t\t\t\t\t<div class=\"elementor-widget-wrap\">\n\t\t\t\t\t\t<div class=\"elementor-element elementor-element-6929fee0 elementor-widget elementor-widget-text-editor\" data-id=\"6929fee0\" data-element_type=\"widget\" data-widget_type=\"text-editor.default\">\n\t\t\t\t<div class=\"elementor-widget-container\">\n\t\t\t\t\t\t\t\t<div class=\"elementor-text-editor elementor-clearfix\">\n\t\t\t\t<h3>La ville \u00e9ternelle des \u00e9glises et des statues.<\/h3><p>Peut \u00eatre plus d&rsquo;\u00e9glises que de boulangeries et\u00a0 surement plus de statues que de pharmacies.<\/p><p>C&rsquo;est l\u00e0 ou les plus\u00a0 grands peintres, sculpteurs et architectes sont venus t\u00e9moigner de leur g\u00e9nie.<\/p><p>\u00a0<\/p>\t\t\t\t\t<\/div>\n\t\t\t\t\t\t<\/div>\n\t\t\t\t<\/div>\n\t\t\t\t\t\t<\/div>\n\t\t\t\t\t<\/div>\n\t\t<\/div>\n\t\t\t\t\t\t\t\t<\/div>\n\t\t\t\t\t<\/div>\n\t\t<\/section>\n\t\t\t\t<section class=\"elementor-section elementor-top-section elementor-element elementor-element-e2c706d elementor-section-boxed elementor-section-height-default elementor-section-height-default\" data-id=\"e2c706d\" data-element_type=\"section\">\n\t\t\t\t\t\t<div class=\"elementor-container elementor-column-gap-default\">\n\t\t\t\t\t\t\t<div class=\"elementor-row\">\n\t\t\t\t\t<div class=\"elementor-column elementor-col-100 elementor-top-column elementor-element elementor-element-e597966\" data-id=\"e597966\" data-element_type=\"column\">\n\t\t\t<div class=\"elementor-column-wrap elementor-element-populated\">\n\t\t\t\t\t\t\t<div class=\"elementor-widget-wrap\">\n\t\t\t\t\t\t<div class=\"elementor-element elementor-element-d178261 elementor-grid-eael-col-2 elementor-widget__width-inherit elementor-grid-tablet-eael-col-2 elementor-grid-mobile-eael-col-1 elementor-invisible elementor-widget elementor-widget-eael-post-grid\" data-id=\"d178261\" data-element_type=\"widget\" data-settings=\"{&quot;eael_post_grid_columns&quot;:&quot;eael-col-2&quot;,&quot;_animation&quot;:&quot;fadeIn&quot;,&quot;eael_post_grid_columns_tablet&quot;:&quot;eael-col-2&quot;,&quot;eael_post_grid_columns_mobile&quot;:&quot;eael-col-1&quot;}\" data-widget_type=\"eael-post-grid.default\">\n\t\t\t\t<div class=\"elementor-widget-container\">\n\t\t\t<div id=\"eael-post-grid-d178261\" class=\"eael-post-grid-container\">\n            <div class=\"eael-post-grid eael-post-appender eael-post-appender-d178261 eael-post-grid-style-one\" data-layout-mode=\"masonry\"><article class=\"eael-grid-post eael-post-grid-column\" data-id=\"226\">\n        <div class=\"eael-grid-post-holder\">\n            <div class=\"eael-grid-post-holder-inner\"><div class=\"eael-entry-media\"><div class=\"eael-entry-overlay fade-in\"><i class=\"fab fa-yammer\" aria-hidden=\"true\"><\/i><a href=\"http:\/\/corcia.org\/Im2020\/rome-poseidon\/\"><\/a><\/div><div class=\"eael-entry-thumbnail \">\n                <img loading=\"lazy\" decoding=\"async\" width=\"170\" height=\"300\" src=\"http:\/\/corcia.org\/Im2020\/wp-content\/uploads\/2015\/12\/rome-poseidon-1-170x300.jpg\" class=\"attachment-medium size-medium wp-image-227\" alt=\"\" srcset=\"http:\/\/corcia.org\/Im2020\/wp-content\/uploads\/2015\/12\/rome-poseidon-1-170x300.jpg 170w, http:\/\/corcia.org\/Im2020\/wp-content\/uploads\/2015\/12\/rome-poseidon-1.jpg 397w\" sizes=\"auto, (max-width: 170px) 100vw, 170px\" \/>\n            <\/div>\n        <\/div><div class=\"eael-entry-wrapper\"><header class=\"eael-entry-header\"><h2 class=\"eael-entry-title\"><a\n                        class=\"eael-grid-post-link\"\n                        href=\"http:\/\/corcia.org\/Im2020\/rome-poseidon\/\"\n                        title=\"Rome &#8211; Fontaine quatre fleuves\">Rome &#8211; Fontaine quatre fleuves<\/a><\/h2><\/header><div class=\"eael-entry-content\">\n                        <div class=\"eael-grid-post-excerpt\"><p>A Rome, les statues relatives \u00e0 l&rsquo;eau ou \u00e0 la mer sont plus que nombreuses......<\/p><\/div>\n                    <\/div><\/div><\/div>\n        <\/div>\n    <\/article><article class=\"eael-grid-post eael-post-grid-column\" data-id=\"115\">\n        <div class=\"eael-grid-post-holder\">\n            <div class=\"eael-grid-post-holder-inner\"><div class=\"eael-entry-media\"><div class=\"eael-entry-overlay fade-in\"><i class=\"fab fa-yammer\" aria-hidden=\"true\"><\/i><a href=\"http:\/\/corcia.org\/Im2020\/rome-ephebe\/\"><\/a><\/div><div class=\"eael-entry-thumbnail \">\n                <img loading=\"lazy\" decoding=\"async\" width=\"189\" height=\"300\" src=\"http:\/\/corcia.org\/Im2020\/wp-content\/uploads\/2015\/05\/Rome-Ephebe1-1-189x300.jpg\" class=\"attachment-medium size-medium wp-image-116\" alt=\"\" srcset=\"http:\/\/corcia.org\/Im2020\/wp-content\/uploads\/2015\/05\/Rome-Ephebe1-1-189x300.jpg 189w, http:\/\/corcia.org\/Im2020\/wp-content\/uploads\/2015\/05\/Rome-Ephebe1-1.jpg 442w\" sizes=\"auto, (max-width: 189px) 100vw, 189px\" \/>\n            <\/div>\n        <\/div><div class=\"eael-entry-wrapper\"><header class=\"eael-entry-header\"><h2 class=\"eael-entry-title\"><a\n                        class=\"eael-grid-post-link\"\n                        href=\"http:\/\/corcia.org\/Im2020\/rome-ephebe\/\"\n                        title=\"Rome &#8211; Ephebe\">Rome &#8211; Ephebe<\/a><\/h2><\/header><div class=\"eael-entry-content\">\n                        <div class=\"eael-grid-post-excerpt\"><p><\/p><\/div>\n                    <\/div><\/div><\/div>\n        <\/div>\n    <\/article><article class=\"eael-grid-post eael-post-grid-column\" data-id=\"112\">\n        <div class=\"eael-grid-post-holder\">\n            <div class=\"eael-grid-post-holder-inner\"><div class=\"eael-entry-media\"><div class=\"eael-entry-overlay fade-in\"><i class=\"fab fa-yammer\" aria-hidden=\"true\"><\/i><a href=\"http:\/\/corcia.org\/Im2020\/rome-apollon\/\"><\/a><\/div><div class=\"eael-entry-thumbnail \">\n                <img loading=\"lazy\" decoding=\"async\" width=\"192\" height=\"300\" src=\"http:\/\/corcia.org\/Im2020\/wp-content\/uploads\/2015\/05\/Rome-Apollon1-1-192x300.jpg\" class=\"attachment-medium size-medium wp-image-113\" alt=\"\" srcset=\"http:\/\/corcia.org\/Im2020\/wp-content\/uploads\/2015\/05\/Rome-Apollon1-1-192x300.jpg 192w, http:\/\/corcia.org\/Im2020\/wp-content\/uploads\/2015\/05\/Rome-Apollon1-1.jpg 448w\" sizes=\"auto, (max-width: 192px) 100vw, 192px\" \/>\n            <\/div>\n        <\/div><div class=\"eael-entry-wrapper\"><header class=\"eael-entry-header\"><h2 class=\"eael-entry-title\"><a\n                        class=\"eael-grid-post-link\"\n                        href=\"http:\/\/corcia.org\/Im2020\/rome-apollon\/\"\n                        title=\"Rome &#8211; Apollon\">Rome &#8211; Apollon<\/a><\/h2><\/header><div class=\"eael-entry-content\">\n                        <div class=\"eael-grid-post-excerpt\"><p><\/p><\/div>\n                    <\/div><\/div><\/div>\n        <\/div>\n    <\/article><\/div>\n            <div class=\"clearfix\"><\/div>\n        <\/div>\t\t<\/div>\n\t\t\t\t<\/div>\n\t\t\t\t\t\t<\/div>\n\t\t\t\t\t<\/div>\n\t\t<\/div>\n\t\t\t\t\t\t\t\t<\/div>\n\t\t\t\t\t<\/div>\n\t\t<\/section>\n\t\t\t\t\t\t\t\t\t<\/div>\n\t\t\t<\/div>\n\t\t\t\t\t<\/div>\n\t\t","protected":false},"excerpt":{"rendered":"<p>La ville \u00e9ternelle des \u00e9glises et des statues. Peut \u00eatre plus d&rsquo;\u00e9glises que de boulangeries et\u00a0 surement plus de statues que de pharmacies. C&rsquo;est l\u00e0 ou les plus\u00a0 grands peintres, sculpteurs et architectes sont venus t\u00e9moigner de leur g\u00e9nie. \u00a0 Rome &#8211; Fontaine quatre fleuves A Rome, les statues relatives \u00e0 l&#8217;eau ou \u00e0 la&hellip;<\/p>\n","protected":false},"author":1,"featured_media":0,"parent":0,"menu_order":0,"comment_status":"closed","ping_status":"closed","template":"","meta":{"_vp_format_video_url":"","_vp_image_focal_point":[],"footnotes":"","_wp_rev_ctl_limit":""},"class_list":["post-358","page","type-page","status-publish","hentry"],"_links":{"self":[{"href":"http:\/\/corcia.org\/Im2020\/wp-json\/wp\/v2\/pages\/358","targetHints":{"allow":["GET"]}}],"collection":[{"href":"http:\/\/corcia.org\/Im2020\/wp-json\/wp\/v2\/pages"}],"about":[{"href":"http:\/\/corcia.org\/Im2020\/wp-json\/wp\/v2\/types\/page"}],"author":[{"embeddable":true,"href":"http:\/\/corcia.org\/Im2020\/wp-json\/wp\/v2\/users\/1"}],"replies":[{"embeddable":true,"href":"http:\/\/corcia.org\/Im2020\/wp-json\/wp\/v2\/comments?post=358"}],"version-history":[{"count":3,"href":"http:\/\/corcia.org\/Im2020\/wp-json\/wp\/v2\/pages\/358\/revisions"}],"predecessor-version":[{"id":2418,"href":"http:\/\/corcia.org\/Im2020\/wp-json\/wp\/v2\/pages\/358\/revisions\/2418"}],"wp:attachment":[{"href":"http:\/\/corcia.org\/Im2020\/wp-json\/wp\/v2\/media?parent=358"}],"curies":[{"name":"wp","href":"https:\/\/api.w.org\/{rel}","templated":true}]}}