{"id":345,"date":"2016-02-07T09:38:15","date_gmt":"2016-02-07T09:38:15","guid":{"rendered":"http:\/\/corcia.org\/Imitations\/?page_id=345"},"modified":"2020-02-28T22:00:33","modified_gmt":"2020-02-28T21:00:33","slug":"ile-de-la-reunion","status":"publish","type":"page","link":"http:\/\/corcia.org\/Im2020\/ile-de-la-reunion\/","title":{"rendered":"Ile de la R\u00e9union"},"content":{"rendered":"\t\t<div data-elementor-type=\"wp-page\" data-elementor-id=\"345\" class=\"elementor elementor-345\">\n\t\t\t\t\t\t<div class=\"elementor-inner\">\n\t\t\t\t<div class=\"elementor-section-wrap\">\n\t\t\t\t\t\t\t\t\t<section class=\"elementor-section elementor-top-section elementor-element elementor-element-4063dff2 elementor-section-boxed elementor-section-height-default elementor-section-height-default\" data-id=\"4063dff2\" data-element_type=\"section\">\n\t\t\t\t\t\t<div class=\"elementor-container elementor-column-gap-default\">\n\t\t\t\t\t\t\t<div class=\"elementor-row\">\n\t\t\t\t\t<div class=\"elementor-column elementor-col-100 elementor-top-column elementor-element elementor-element-22b70ea2\" data-id=\"22b70ea2\" data-element_type=\"column\">\n\t\t\t<div class=\"elementor-column-wrap elementor-element-populated\">\n\t\t\t\t\t\t\t<div class=\"elementor-widget-wrap\">\n\t\t\t\t\t\t<div class=\"elementor-element elementor-element-34f4a3ad elementor-widget elementor-widget-text-editor\" data-id=\"34f4a3ad\" data-element_type=\"widget\" data-widget_type=\"text-editor.default\">\n\t\t\t\t<div class=\"elementor-widget-container\">\n\t\t\t\t\t\t\t\t<div class=\"elementor-text-editor elementor-clearfix\">\n\t\t\t\t<h3>Un bout de France dans l&rsquo;oc\u00e9an Indien<\/h3><p>Le m\u00e9tissage des religions et des cultures.<\/p><p>L&rsquo;Ile de la R\u00e9union, autrefois Ile Bourbon en hommage \u00e0 la famille de Louis XIV, fait partie des Iles Mascareignes avec l&rsquo;Ile Maurice. Apr\u00e8s plusieurs batailles coloniales et force gallions coul\u00e9s, l&rsquo;Ile Maurice \u00e9choit aux Anglais et l&rsquo;Ile Bourbon \u00e0 la France.<\/p><p>B\u00e9n\u00e9ficiant d&rsquo;un climat tropical et situ\u00e9e sur la route des cyclones, c&rsquo;est une\u00a0 ile fa\u00e7onn\u00e9e par deux volcans : le piton des neiges ( 3071 m)\u00a0 maintenant \u00e9teint\u00a0 l&rsquo;un des volcans les plus actifs du monde\u00a0: le piton de la Fournaise, c\u00e9l\u00e8bre pour la randonn\u00e9e Familiale de Noel 2014. L&rsquo;\u00e9rosion des relief volcaniques a donn\u00e9 naissance a des sites uniques au monde.<\/p><p>La R\u00e9union est un d\u00e9partement Fran\u00e7ais, le conseil G\u00e9n\u00e9ral est le grand pourvoyeur de fonds publics pour les travaux et le premier employeur de l&rsquo;Ile. Saint Paul est c\u00e9l\u00e8bre pour son march\u00e9 du vendredi.<\/p><p>L&rsquo;ile a d\u2019abord \u00e9t\u00e9 occup\u00e9e par les colons Francais qui y ont import\u00e9 des esclaves africains. Ceci explique que comme en Martinique et en Guadeloupe on parle cr\u00e9ole et on partage quelques traditions culinaires.<\/p><p>\u00a0<\/p>\t\t\t\t\t<\/div>\n\t\t\t\t\t\t<\/div>\n\t\t\t\t<\/div>\n\t\t\t\t\t\t<\/div>\n\t\t\t\t\t<\/div>\n\t\t<\/div>\n\t\t\t\t\t\t\t\t<\/div>\n\t\t\t\t\t<\/div>\n\t\t<\/section>\n\t\t\t\t<section class=\"elementor-section elementor-top-section elementor-element elementor-element-6b63e38 elementor-section-boxed elementor-section-height-default elementor-section-height-default\" data-id=\"6b63e38\" data-element_type=\"section\">\n\t\t\t\t\t\t<div class=\"elementor-container elementor-column-gap-default\">\n\t\t\t\t\t\t\t<div class=\"elementor-row\">\n\t\t\t\t\t<div class=\"elementor-column elementor-col-100 elementor-top-column elementor-element elementor-element-4e78973\" data-id=\"4e78973\" data-element_type=\"column\">\n\t\t\t<div class=\"elementor-column-wrap elementor-element-populated\">\n\t\t\t\t\t\t\t<div class=\"elementor-widget-wrap\">\n\t\t\t\t\t\t<div class=\"elementor-element elementor-element-30151eb elementor-grid-eael-col-2 elementor-widget__width-inherit elementor-grid-tablet-eael-col-2 elementor-grid-mobile-eael-col-1 elementor-invisible elementor-widget elementor-widget-eael-post-grid\" data-id=\"30151eb\" data-element_type=\"widget\" data-settings=\"{&quot;eael_post_grid_columns&quot;:&quot;eael-col-2&quot;,&quot;_animation&quot;:&quot;fadeIn&quot;,&quot;eael_post_grid_columns_tablet&quot;:&quot;eael-col-2&quot;,&quot;eael_post_grid_columns_mobile&quot;:&quot;eael-col-1&quot;}\" data-widget_type=\"eael-post-grid.default\">\n\t\t\t\t<div class=\"elementor-widget-container\">\n\t\t\t<div id=\"eael-post-grid-30151eb\" class=\"eael-post-grid-container\">\n            <div class=\"eael-post-grid eael-post-appender eael-post-appender-30151eb eael-post-grid-style-one\" data-layout-mode=\"masonry\"><article class=\"eael-grid-post eael-post-grid-column\" data-id=\"192\">\n        <div class=\"eael-grid-post-holder\">\n            <div class=\"eael-grid-post-holder-inner\"><div class=\"eael-entry-media\"><div class=\"eael-entry-overlay fade-in\"><i class=\"fab fa-yammer\" aria-hidden=\"true\"><\/i><a href=\"http:\/\/corcia.org\/Im2020\/la-reunion-port-st-paul\/\"><\/a><\/div><div class=\"eael-entry-thumbnail \">\n                <img loading=\"lazy\" decoding=\"async\" width=\"160\" height=\"79\" src=\"http:\/\/corcia.org\/Im2020\/wp-content\/uploads\/2015\/12\/la-re\u0301union-port-1.jpg\" class=\"attachment-futurio-thumbnail size-futurio-thumbnail wp-image-193\" alt=\"\" srcset=\"http:\/\/corcia.org\/Im2020\/wp-content\/uploads\/2015\/12\/la-re\u0301union-port-1.jpg 700w, http:\/\/corcia.org\/Im2020\/wp-content\/uploads\/2015\/12\/la-re\u0301union-port-1-300x148.jpg 300w\" sizes=\"auto, (max-width: 160px) 100vw, 160px\" \/>\n            <\/div>\n        <\/div><div class=\"eael-entry-wrapper\"><header class=\"eael-entry-header\"><h2 class=\"eael-entry-title\"><a\n                        class=\"eael-grid-post-link\"\n                        href=\"http:\/\/corcia.org\/Im2020\/la-reunion-port-st-paul\/\"\n                        title=\"La R\u00e9union- Port St Paul\">La R\u00e9union- Port St Paul<\/a><\/h2><\/header><div class=\"eael-entry-content\">\n                        <div class=\"eael-grid-post-excerpt\"><p>Lors de la lib\u00e9ration des esclaves en 1794, les colons ont fait venir des \u00ab\u00a0Engag\u00e9s\u00a0\u00bb.....<\/p><\/div>\n                    <\/div><\/div><\/div>\n        <\/div>\n    <\/article><article class=\"eael-grid-post eael-post-grid-column\" data-id=\"378\">\n        <div class=\"eael-grid-post-holder\">\n            <div class=\"eael-grid-post-holder-inner\"><div class=\"eael-entry-media\"><div class=\"eael-entry-overlay fade-in\"><i class=\"fab fa-yammer\" aria-hidden=\"true\"><\/i><a href=\"http:\/\/corcia.org\/Im2020\/la-reunion-baie-meilleur-ancrage\/\"><\/a><\/div><div class=\"eael-entry-thumbnail \">\n                <img loading=\"lazy\" decoding=\"async\" width=\"160\" height=\"106\" src=\"http:\/\/corcia.org\/Im2020\/wp-content\/uploads\/2016\/02\/Ile-re\u0301union-ST-Paul-2-1.jpg\" class=\"attachment-futurio-thumbnail size-futurio-thumbnail wp-image-379\" alt=\"\" srcset=\"http:\/\/corcia.org\/Im2020\/wp-content\/uploads\/2016\/02\/Ile-re\u0301union-ST-Paul-2-1.jpg 800w, http:\/\/corcia.org\/Im2020\/wp-content\/uploads\/2016\/02\/Ile-re\u0301union-ST-Paul-2-1-300x199.jpg 300w, http:\/\/corcia.org\/Im2020\/wp-content\/uploads\/2016\/02\/Ile-re\u0301union-ST-Paul-2-1-768x509.jpg 768w\" sizes=\"auto, (max-width: 160px) 100vw, 160px\" \/>\n            <\/div>\n        <\/div><div class=\"eael-entry-wrapper\"><header class=\"eael-entry-header\"><h2 class=\"eael-entry-title\"><a\n                        class=\"eael-grid-post-link\"\n                        href=\"http:\/\/corcia.org\/Im2020\/la-reunion-baie-meilleur-ancrage\/\"\n                        title=\"La R\u00e9union- Baie du meilleur ancrage\">La R\u00e9union- Baie du meilleur ancrage<\/a><\/h2><\/header><div class=\"eael-entry-content\">\n                        <div class=\"eael-grid-post-excerpt\"><p>Avant sa d\u00e9couverte par les navigateurs, l&rsquo;ile ne comptait aucun habitant humain. Un navigateur portugais,.....<\/p><\/div>\n                    <\/div><\/div><\/div>\n        <\/div>\n    <\/article><\/div>\n            <div class=\"clearfix\"><\/div>\n        <\/div>\t\t<\/div>\n\t\t\t\t<\/div>\n\t\t\t\t\t\t<\/div>\n\t\t\t\t\t<\/div>\n\t\t<\/div>\n\t\t\t\t\t\t\t\t<\/div>\n\t\t\t\t\t<\/div>\n\t\t<\/section>\n\t\t\t\t\t\t\t\t\t<\/div>\n\t\t\t<\/div>\n\t\t\t\t\t<\/div>\n\t\t","protected":false},"excerpt":{"rendered":"<p>Un bout de France dans l&rsquo;oc\u00e9an Indien Le m\u00e9tissage des religions et des cultures. L&rsquo;Ile de la R\u00e9union, autrefois Ile Bourbon en hommage \u00e0 la famille de Louis XIV, fait partie des Iles Mascareignes avec l&rsquo;Ile Maurice. Apr\u00e8s plusieurs batailles coloniales et force gallions coul\u00e9s, l&rsquo;Ile Maurice \u00e9choit aux Anglais et l&rsquo;Ile Bourbon \u00e0 la&hellip;<\/p>\n","protected":false},"author":1,"featured_media":0,"parent":0,"menu_order":0,"comment_status":"closed","ping_status":"closed","template":"","meta":{"_vp_format_video_url":"","_vp_image_focal_point":[],"footnotes":"","_wp_rev_ctl_limit":""},"class_list":["post-345","page","type-page","status-publish","hentry"],"_links":{"self":[{"href":"http:\/\/corcia.org\/Im2020\/wp-json\/wp\/v2\/pages\/345","targetHints":{"allow":["GET"]}}],"collection":[{"href":"http:\/\/corcia.org\/Im2020\/wp-json\/wp\/v2\/pages"}],"about":[{"href":"http:\/\/corcia.org\/Im2020\/wp-json\/wp\/v2\/types\/page"}],"author":[{"embeddable":true,"href":"http:\/\/corcia.org\/Im2020\/wp-json\/wp\/v2\/users\/1"}],"replies":[{"embeddable":true,"href":"http:\/\/corcia.org\/Im2020\/wp-json\/wp\/v2\/comments?post=345"}],"version-history":[{"count":0,"href":"http:\/\/corcia.org\/Im2020\/wp-json\/wp\/v2\/pages\/345\/revisions"}],"wp:attachment":[{"href":"http:\/\/corcia.org\/Im2020\/wp-json\/wp\/v2\/media?parent=345"}],"curies":[{"name":"wp","href":"https:\/\/api.w.org\/{rel}","templated":true}]}}