{"id":339,"date":"2016-02-07T09:29:59","date_gmt":"2016-02-07T09:29:59","guid":{"rendered":"http:\/\/corcia.org\/Imitations\/?page_id=339"},"modified":"2020-03-01T08:45:45","modified_gmt":"2020-03-01T07:45:45","slug":"guadeloupe","status":"publish","type":"page","link":"http:\/\/corcia.org\/Im2020\/guadeloupe\/","title":{"rendered":"Guadeloupe"},"content":{"rendered":"\t\t<div data-elementor-type=\"wp-page\" data-elementor-id=\"339\" class=\"elementor elementor-339\">\n\t\t\t\t\t\t<div class=\"elementor-inner\">\n\t\t\t\t<div class=\"elementor-section-wrap\">\n\t\t\t\t\t\t\t\t\t<section class=\"elementor-section elementor-top-section elementor-element elementor-element-789125e3 elementor-section-boxed elementor-section-height-default elementor-section-height-default\" data-id=\"789125e3\" data-element_type=\"section\">\n\t\t\t\t\t\t<div class=\"elementor-container elementor-column-gap-default\">\n\t\t\t\t\t\t\t<div class=\"elementor-row\">\n\t\t\t\t\t<div class=\"elementor-column elementor-col-100 elementor-top-column elementor-element elementor-element-545a9041\" data-id=\"545a9041\" data-element_type=\"column\">\n\t\t\t<div class=\"elementor-column-wrap elementor-element-populated\">\n\t\t\t\t\t\t\t<div class=\"elementor-widget-wrap\">\n\t\t\t\t\t\t<div class=\"elementor-element elementor-element-6bb7df50 elementor-widget elementor-widget-text-editor\" data-id=\"6bb7df50\" data-element_type=\"widget\" data-widget_type=\"text-editor.default\">\n\t\t\t\t<div class=\"elementor-widget-container\">\n\t\t\t\t\t\t\t\t<div class=\"elementor-text-editor elementor-clearfix\">\n\t\t\t\t<h3>Un paradis sous les aliz\u00e8s<\/h3><p>La gwadeloup mon vieux !<\/p><p>Pa ni problem, ya du rhum ici.<\/p><p>\u00a0<\/p>\t\t\t\t\t<\/div>\n\t\t\t\t\t\t<\/div>\n\t\t\t\t<\/div>\n\t\t\t\t\t\t<\/div>\n\t\t\t\t\t<\/div>\n\t\t<\/div>\n\t\t\t\t\t\t\t\t<\/div>\n\t\t\t\t\t<\/div>\n\t\t<\/section>\n\t\t\t\t<section class=\"elementor-section elementor-top-section elementor-element elementor-element-c42f3b8 elementor-section-boxed elementor-section-height-default elementor-section-height-default\" data-id=\"c42f3b8\" data-element_type=\"section\">\n\t\t\t\t\t\t<div class=\"elementor-container elementor-column-gap-default\">\n\t\t\t\t\t\t\t<div class=\"elementor-row\">\n\t\t\t\t\t<div class=\"elementor-column elementor-col-100 elementor-top-column elementor-element elementor-element-b3f62b7\" data-id=\"b3f62b7\" data-element_type=\"column\">\n\t\t\t<div class=\"elementor-column-wrap elementor-element-populated\">\n\t\t\t\t\t\t\t<div class=\"elementor-widget-wrap\">\n\t\t\t\t\t\t<div class=\"elementor-element elementor-element-5f76957 elementor-grid-eael-col-2 elementor-widget__width-inherit elementor-grid-tablet-eael-col-2 elementor-grid-mobile-eael-col-1 elementor-invisible elementor-widget elementor-widget-eael-post-grid\" data-id=\"5f76957\" data-element_type=\"widget\" data-settings=\"{&quot;eael_post_grid_columns&quot;:&quot;eael-col-2&quot;,&quot;_animation&quot;:&quot;fadeIn&quot;,&quot;eael_post_grid_columns_tablet&quot;:&quot;eael-col-2&quot;,&quot;eael_post_grid_columns_mobile&quot;:&quot;eael-col-1&quot;}\" data-widget_type=\"eael-post-grid.default\">\n\t\t\t\t<div class=\"elementor-widget-container\">\n\t\t\t<div id=\"eael-post-grid-5f76957\" class=\"eael-post-grid-container\">\n            <div class=\"eael-post-grid eael-post-appender eael-post-appender-5f76957 eael-post-grid-style-one\" data-layout-mode=\"masonry\"><article class=\"eael-grid-post eael-post-grid-column\" data-id=\"355\">\n        <div class=\"eael-grid-post-holder\">\n            <div class=\"eael-grid-post-holder-inner\"><div class=\"eael-entry-media\"><div class=\"eael-entry-overlay fade-in\"><i class=\"fab fa-yammer\" aria-hidden=\"true\"><\/i><a href=\"http:\/\/corcia.org\/Im2020\/guadeloupe-le-negwe-mawon\/\"><\/a><\/div><div class=\"eael-entry-thumbnail \">\n                <img loading=\"lazy\" decoding=\"async\" width=\"132\" height=\"120\" src=\"http:\/\/corcia.org\/Im2020\/wp-content\/uploads\/2016\/02\/gwad-neg-mawon-1.jpg\" class=\"attachment-futurio-thumbnail size-futurio-thumbnail wp-image-356\" alt=\"\" srcset=\"http:\/\/corcia.org\/Im2020\/wp-content\/uploads\/2016\/02\/gwad-neg-mawon-1.jpg 700w, http:\/\/corcia.org\/Im2020\/wp-content\/uploads\/2016\/02\/gwad-neg-mawon-1-300x273.jpg 300w\" sizes=\"auto, (max-width: 132px) 100vw, 132px\" \/>\n            <\/div>\n        <\/div><div class=\"eael-entry-wrapper\"><header class=\"eael-entry-header\"><h2 class=\"eael-entry-title\"><a\n                        class=\"eael-grid-post-link\"\n                        href=\"http:\/\/corcia.org\/Im2020\/guadeloupe-le-negwe-mawon\/\"\n                        title=\"Guadeloupe &#8211; Le neg mawon\">Guadeloupe &#8211; Le neg mawon<\/a><\/h2><\/header><div class=\"eael-entry-content\">\n                        <div class=\"eael-grid-post-excerpt\"><p>L&rsquo;esclavage a \u00e9t\u00e9 aboli en France en 1794, le chef de brigade Magloire P\u00e9lange, n\u00e9.....<\/p><\/div>\n                    <\/div><\/div><\/div>\n        <\/div>\n    <\/article><article class=\"eael-grid-post eael-post-grid-column\" data-id=\"685\">\n        <div class=\"eael-grid-post-holder\">\n            <div class=\"eael-grid-post-holder-inner\"><div class=\"eael-entry-media\"><div class=\"eael-entry-overlay fade-in\"><i class=\"fab fa-yammer\" aria-hidden=\"true\"><\/i><a href=\"http:\/\/corcia.org\/Im2020\/quadeloupe-monument-au-morts\/\"><\/a><\/div><div class=\"eael-entry-thumbnail \">\n                <img loading=\"lazy\" decoding=\"async\" width=\"119\" height=\"120\" src=\"http:\/\/corcia.org\/Im2020\/wp-content\/uploads\/2016\/02\/qwad-monum-pt-louis-1.jpg\" class=\"attachment-futurio-thumbnail size-futurio-thumbnail wp-image-353\" alt=\"\" srcset=\"http:\/\/corcia.org\/Im2020\/wp-content\/uploads\/2016\/02\/qwad-monum-pt-louis-1.jpg 697w, http:\/\/corcia.org\/Im2020\/wp-content\/uploads\/2016\/02\/qwad-monum-pt-louis-1-300x300.jpg 300w, http:\/\/corcia.org\/Im2020\/wp-content\/uploads\/2016\/02\/qwad-monum-pt-louis-1-150x150.jpg 150w\" sizes=\"auto, (max-width: 119px) 100vw, 119px\" \/>\n            <\/div>\n        <\/div><div class=\"eael-entry-wrapper\"><header class=\"eael-entry-header\"><h2 class=\"eael-entry-title\"><a\n                        class=\"eael-grid-post-link\"\n                        href=\"http:\/\/corcia.org\/Im2020\/quadeloupe-monument-au-morts\/\"\n                        title=\"Guadeloupe &#8211; Monument aux morts\">Guadeloupe &#8211; Monument aux morts<\/a><\/h2><\/header><div class=\"eael-entry-content\">\n                        <div class=\"eael-grid-post-excerpt\"><p>Sur le front de mer de St Louis, commune \u00e9loign\u00e9e du nord de grande Terre,.....<\/p><\/div>\n                    <\/div><\/div><\/div>\n        <\/div>\n    <\/article><article class=\"eael-grid-post eael-post-grid-column\" data-id=\"350\">\n        <div class=\"eael-grid-post-holder\">\n            <div class=\"eael-grid-post-holder-inner\"><div class=\"eael-entry-media\"><div class=\"eael-entry-overlay fade-in\"><i class=\"fab fa-yammer\" aria-hidden=\"true\"><\/i><a href=\"http:\/\/corcia.org\/Im2020\/pointe-a-pietr-tambour-velo\/\"><\/a><\/div><div class=\"eael-entry-thumbnail \">\n                <img loading=\"lazy\" decoding=\"async\" width=\"117\" height=\"120\" src=\"http:\/\/corcia.org\/Im2020\/wp-content\/uploads\/2016\/02\/qwad-pap-tambour-1.jpg\" class=\"attachment-futurio-thumbnail size-futurio-thumbnail wp-image-351\" alt=\"\" srcset=\"http:\/\/corcia.org\/Im2020\/wp-content\/uploads\/2016\/02\/qwad-pap-tambour-1.jpg 683w, http:\/\/corcia.org\/Im2020\/wp-content\/uploads\/2016\/02\/qwad-pap-tambour-1-293x300.jpg 293w\" sizes=\"auto, (max-width: 117px) 100vw, 117px\" \/>\n            <\/div>\n        <\/div><div class=\"eael-entry-wrapper\"><header class=\"eael-entry-header\"><h2 class=\"eael-entry-title\"><a\n                        class=\"eael-grid-post-link\"\n                        href=\"http:\/\/corcia.org\/Im2020\/pointe-a-pietr-tambour-velo\/\"\n                        title=\"Pointe  \u00e0 Pietr &#8211; Tambour V\u00e9lo\">Pointe  \u00e0 Pietr &#8211; Tambour V\u00e9lo<\/a><\/h2><\/header><div class=\"eael-entry-content\">\n                        <div class=\"eael-grid-post-excerpt\"><p>Pietr est un commercant hollandais&nbsp; qui avait install\u00e9 son magasin dans cette baie isol\u00e9e, l&rsquo;endroit.....<\/p><\/div>\n                    <\/div><\/div><\/div>\n        <\/div>\n    <\/article><\/div>\n            <div class=\"clearfix\"><\/div>\n        <\/div>\t\t<\/div>\n\t\t\t\t<\/div>\n\t\t\t\t\t\t<\/div>\n\t\t\t\t\t<\/div>\n\t\t<\/div>\n\t\t\t\t\t\t\t\t<\/div>\n\t\t\t\t\t<\/div>\n\t\t<\/section>\n\t\t\t\t\t\t\t\t\t<\/div>\n\t\t\t<\/div>\n\t\t\t\t\t<\/div>\n\t\t","protected":false},"excerpt":{"rendered":"<p>Un paradis sous les aliz\u00e8s La gwadeloup mon vieux ! Pa ni problem, ya du rhum ici. \u00a0 Guadeloupe &#8211; Le neg mawon L&#8217;esclavage a \u00e9t\u00e9 aboli en France en 1794, le chef de brigade Magloire P\u00e9lange, n\u00e9&#8230;.. Guadeloupe &#8211; Monument aux morts Sur le front de mer de St Louis, commune \u00e9loign\u00e9e du nord&hellip;<\/p>\n","protected":false},"author":1,"featured_media":0,"parent":0,"menu_order":0,"comment_status":"closed","ping_status":"closed","template":"","meta":{"_vp_format_video_url":"","_vp_image_focal_point":[],"footnotes":"","_wp_rev_ctl_limit":""},"class_list":["post-339","page","type-page","status-publish","hentry"],"_links":{"self":[{"href":"http:\/\/corcia.org\/Im2020\/wp-json\/wp\/v2\/pages\/339","targetHints":{"allow":["GET"]}}],"collection":[{"href":"http:\/\/corcia.org\/Im2020\/wp-json\/wp\/v2\/pages"}],"about":[{"href":"http:\/\/corcia.org\/Im2020\/wp-json\/wp\/v2\/types\/page"}],"author":[{"embeddable":true,"href":"http:\/\/corcia.org\/Im2020\/wp-json\/wp\/v2\/users\/1"}],"replies":[{"embeddable":true,"href":"http:\/\/corcia.org\/Im2020\/wp-json\/wp\/v2\/comments?post=339"}],"version-history":[{"count":0,"href":"http:\/\/corcia.org\/Im2020\/wp-json\/wp\/v2\/pages\/339\/revisions"}],"wp:attachment":[{"href":"http:\/\/corcia.org\/Im2020\/wp-json\/wp\/v2\/media?parent=339"}],"curies":[{"name":"wp","href":"https:\/\/api.w.org\/{rel}","templated":true}]}}