{"id":2372,"date":"2024-10-31T11:20:57","date_gmt":"2024-10-31T10:20:57","guid":{"rendered":"https:\/\/corcia.org\/Im2020\/?page_id=2372"},"modified":"2024-11-21T08:36:08","modified_gmt":"2024-11-21T07:36:08","slug":"europe-centrale","status":"publish","type":"page","link":"http:\/\/corcia.org\/Im2020\/europe-centrale\/","title":{"rendered":"Europe centrale"},"content":{"rendered":"\t\t<div data-elementor-type=\"wp-page\" data-elementor-id=\"2372\" class=\"elementor elementor-2372\">\n\t\t\t\t\t\t<div class=\"elementor-inner\">\n\t\t\t\t<div class=\"elementor-section-wrap\">\n\t\t\t\t\t\t\t\t\t<section class=\"elementor-section elementor-top-section elementor-element elementor-element-6f203caf elementor-section-boxed elementor-section-height-default elementor-section-height-default\" data-id=\"6f203caf\" data-element_type=\"section\">\n\t\t\t\t\t\t<div class=\"elementor-container elementor-column-gap-default\">\n\t\t\t\t\t\t\t<div class=\"elementor-row\">\n\t\t\t\t\t<div class=\"elementor-column elementor-col-100 elementor-top-column elementor-element elementor-element-168cf509\" data-id=\"168cf509\" data-element_type=\"column\">\n\t\t\t<div class=\"elementor-column-wrap elementor-element-populated\">\n\t\t\t\t\t\t\t<div class=\"elementor-widget-wrap\">\n\t\t\t\t\t\t<div class=\"elementor-element elementor-element-463c30d5 elementor-widget elementor-widget-text-editor\" data-id=\"463c30d5\" data-element_type=\"widget\" data-widget_type=\"text-editor.default\">\n\t\t\t\t<div class=\"elementor-widget-container\">\n\t\t\t\t\t\t\t\t<div class=\"elementor-text-editor elementor-clearfix\">\n\t\t\t\t<h3>De l&rsquo;oural \u00e0&#8230; un peu avant l&rsquo;Atlantique<\/h3><p>Autrefois derri\u00e8re le rideau de fer, maintenant quelquefois membre de la CEE ou m\u00eame de l&rsquo;OTAN , la recomposition est en route&#8230;<\/p><p>Depuis\u00a0 le Brexit, l UK est rang\u00e9 ici.<\/p>\t\t\t\t\t<\/div>\n\t\t\t\t\t\t<\/div>\n\t\t\t\t<\/div>\n\t\t\t\t\t\t<\/div>\n\t\t\t\t\t<\/div>\n\t\t<\/div>\n\t\t\t\t\t\t\t\t<\/div>\n\t\t\t\t\t<\/div>\n\t\t<\/section>\n\t\t\t\t<section class=\"elementor-section elementor-top-section elementor-element elementor-element-d75a6bf elementor-section-boxed elementor-section-height-default elementor-section-height-default\" data-id=\"d75a6bf\" data-element_type=\"section\">\n\t\t\t\t\t\t<div class=\"elementor-container elementor-column-gap-default\">\n\t\t\t\t\t\t\t<div class=\"elementor-row\">\n\t\t\t\t\t<div class=\"elementor-column elementor-col-100 elementor-top-column elementor-element elementor-element-51f3f1c\" data-id=\"51f3f1c\" data-element_type=\"column\">\n\t\t\t<div class=\"elementor-column-wrap elementor-element-populated\">\n\t\t\t\t\t\t\t<div class=\"elementor-widget-wrap\">\n\t\t\t\t\t\t<div class=\"elementor-element elementor-element-a04cfb7 elementor-grid-eael-col-2 elementor-widget__width-inherit elementor-grid-tablet-eael-col-2 elementor-grid-mobile-eael-col-1 elementor-invisible elementor-widget elementor-widget-eael-post-grid\" data-id=\"a04cfb7\" data-element_type=\"widget\" data-settings=\"{&quot;eael_post_grid_columns&quot;:&quot;eael-col-2&quot;,&quot;_animation&quot;:&quot;fadeIn&quot;,&quot;eael_post_grid_columns_tablet&quot;:&quot;eael-col-2&quot;,&quot;eael_post_grid_columns_mobile&quot;:&quot;eael-col-1&quot;}\" data-widget_type=\"eael-post-grid.default\">\n\t\t\t\t<div class=\"elementor-widget-container\">\n\t\t\t<div id=\"eael-post-grid-a04cfb7\" class=\"eael-post-grid-container\">\n            <div class=\"eael-post-grid eael-post-appender eael-post-appender-a04cfb7 eael-post-grid-style-one\" data-layout-mode=\"masonry\"><article class=\"eael-grid-post eael-post-grid-column\" data-id=\"2369\">\n        <div class=\"eael-grid-post-holder\">\n            <div class=\"eael-grid-post-holder-inner\"><div class=\"eael-entry-media\"><div class=\"eael-entry-overlay fade-in\"><i class=\"fab fa-yammer\" aria-hidden=\"true\"><\/i><a href=\"http:\/\/corcia.org\/Im2020\/bratislava-adelin-et-napoleon\/\"><\/a><\/div><div class=\"eael-entry-thumbnail \">\n                <img loading=\"lazy\" decoding=\"async\" width=\"270\" height=\"300\" src=\"http:\/\/corcia.org\/Im2020\/wp-content\/uploads\/adelin-Bratislava-270x300.jpg\" class=\"attachment-medium size-medium wp-image-2370\" alt=\"\" srcset=\"http:\/\/corcia.org\/Im2020\/wp-content\/uploads\/adelin-Bratislava-270x300.jpg 270w, http:\/\/corcia.org\/Im2020\/wp-content\/uploads\/adelin-Bratislava-500x556.jpg 500w, http:\/\/corcia.org\/Im2020\/wp-content\/uploads\/adelin-Bratislava.jpg 507w\" sizes=\"auto, (max-width: 270px) 100vw, 270px\" \/>\n            <\/div>\n        <\/div><div class=\"eael-entry-wrapper\"><header class=\"eael-entry-header\"><h2 class=\"eael-entry-title\"><a\n                        class=\"eael-grid-post-link\"\n                        href=\"http:\/\/corcia.org\/Im2020\/bratislava-adelin-et-napoleon\/\"\n                        title=\"Bratislava &#8211; Adelin et Napoleon\">Bratislava &#8211; Adelin et Napoleon<\/a><\/h2><\/header><div class=\"eael-entry-content\">\n                        <div class=\"eael-grid-post-excerpt\"><p>Situ\u00e9e sur la place principale du quartier historique de Bratislava, la statue de Napol\u00e9on est.....<\/p><\/div>\n                    <\/div><\/div><\/div>\n        <\/div>\n    <\/article><article class=\"eael-grid-post eael-post-grid-column\" data-id=\"2488\">\n        <div class=\"eael-grid-post-holder\">\n            <div class=\"eael-grid-post-holder-inner\"><div class=\"eael-entry-media\"><div class=\"eael-entry-overlay fade-in\"><i class=\"fab fa-yammer\" aria-hidden=\"true\"><\/i><a href=\"http:\/\/corcia.org\/Im2020\/londres-musee-mm\/\"><\/a><\/div><div class=\"eael-entry-thumbnail \">\n                <img loading=\"lazy\" decoding=\"async\" width=\"300\" height=\"265\" src=\"http:\/\/corcia.org\/Im2020\/wp-content\/uploads\/gaelle-mm-300x265.jpg\" class=\"attachment-medium size-medium wp-image-2475\" alt=\"\" srcset=\"http:\/\/corcia.org\/Im2020\/wp-content\/uploads\/gaelle-mm-300x265.jpg 300w, http:\/\/corcia.org\/Im2020\/wp-content\/uploads\/gaelle-mm-500x441.jpg 500w, http:\/\/corcia.org\/Im2020\/wp-content\/uploads\/gaelle-mm.jpg 700w\" sizes=\"auto, (max-width: 300px) 100vw, 300px\" \/>\n            <\/div>\n        <\/div><div class=\"eael-entry-wrapper\"><header class=\"eael-entry-header\"><h2 class=\"eael-entry-title\"><a\n                        class=\"eael-grid-post-link\"\n                        href=\"http:\/\/corcia.org\/Im2020\/londres-musee-mm\/\"\n                        title=\"Londres &#8211; Mus\u00e9e M&#038;M\">Londres &#8211; Mus\u00e9e M&#038;M<\/a><\/h2><\/header><div class=\"eael-entry-content\">\n                        <div class=\"eael-grid-post-excerpt\"><p>La Pastille g\u00e9ante M&amp;M semble d\u00e9sol\u00e9e , certainement d&#039;avoir provoqu\u00e9 dans le monde tant de.....<\/p><\/div>\n                    <\/div><\/div><\/div>\n        <\/div>\n    <\/article><\/div>\n            <div class=\"clearfix\"><\/div>\n        <\/div>\t\t<\/div>\n\t\t\t\t<\/div>\n\t\t\t\t\t\t<\/div>\n\t\t\t\t\t<\/div>\n\t\t<\/div>\n\t\t\t\t\t\t\t\t<\/div>\n\t\t\t\t\t<\/div>\n\t\t<\/section>\n\t\t\t\t\t\t\t\t\t<\/div>\n\t\t\t<\/div>\n\t\t\t\t\t<\/div>\n\t\t","protected":false},"excerpt":{"rendered":"<p>De l&rsquo;oural \u00e0&#8230; un peu avant l&rsquo;Atlantique Autrefois derri\u00e8re le rideau de fer, maintenant quelquefois membre de la CEE ou m\u00eame de l&rsquo;OTAN , la recomposition est en route&#8230; Depuis\u00a0 le Brexit, l UK est rang\u00e9 ici. Bruxelles- Les Bourgeois de Calais Ce ne sont pas des Bourgeois , ils sont chacun cal\u00e9s dans leur&hellip;<\/p>\n","protected":false},"author":1,"featured_media":0,"parent":0,"menu_order":0,"comment_status":"closed","ping_status":"closed","template":"","meta":{"_vp_format_video_url":"","_vp_image_focal_point":[],"footnotes":"","_wp_rev_ctl_limit":""},"class_list":["post-2372","page","type-page","status-publish","hentry"],"_links":{"self":[{"href":"http:\/\/corcia.org\/Im2020\/wp-json\/wp\/v2\/pages\/2372","targetHints":{"allow":["GET"]}}],"collection":[{"href":"http:\/\/corcia.org\/Im2020\/wp-json\/wp\/v2\/pages"}],"about":[{"href":"http:\/\/corcia.org\/Im2020\/wp-json\/wp\/v2\/types\/page"}],"author":[{"embeddable":true,"href":"http:\/\/corcia.org\/Im2020\/wp-json\/wp\/v2\/users\/1"}],"replies":[{"embeddable":true,"href":"http:\/\/corcia.org\/Im2020\/wp-json\/wp\/v2\/comments?post=2372"}],"version-history":[{"count":3,"href":"http:\/\/corcia.org\/Im2020\/wp-json\/wp\/v2\/pages\/2372\/revisions"}],"predecessor-version":[{"id":2520,"href":"http:\/\/corcia.org\/Im2020\/wp-json\/wp\/v2\/pages\/2372\/revisions\/2520"}],"wp:attachment":[{"href":"http:\/\/corcia.org\/Im2020\/wp-json\/wp\/v2\/media?parent=2372"}],"curies":[{"name":"wp","href":"https:\/\/api.w.org\/{rel}","templated":true}]}}