{"id":2261,"date":"2024-07-25T15:51:48","date_gmt":"2024-07-25T13:51:48","guid":{"rendered":"https:\/\/corcia.org\/Im2020\/?page_id=2261"},"modified":"2024-07-25T16:05:07","modified_gmt":"2024-07-25T14:05:07","slug":"bali-indonesie","status":"publish","type":"page","link":"http:\/\/corcia.org\/Im2020\/bali-indonesie\/","title":{"rendered":"Bali, indon\u00e9sie"},"content":{"rendered":"\t\t<div data-elementor-type=\"wp-page\" data-elementor-id=\"2261\" class=\"elementor elementor-2261\">\n\t\t\t\t\t\t<div class=\"elementor-inner\">\n\t\t\t\t<div class=\"elementor-section-wrap\">\n\t\t\t\t\t\t\t\t\t<section class=\"elementor-section elementor-top-section elementor-element elementor-element-551d19cd elementor-section-boxed elementor-section-height-default elementor-section-height-default\" data-id=\"551d19cd\" data-element_type=\"section\">\n\t\t\t\t\t\t<div class=\"elementor-container elementor-column-gap-default\">\n\t\t\t\t\t\t\t<div class=\"elementor-row\">\n\t\t\t\t\t<div class=\"elementor-column elementor-col-100 elementor-top-column elementor-element elementor-element-686a890a\" data-id=\"686a890a\" data-element_type=\"column\">\n\t\t\t<div class=\"elementor-column-wrap elementor-element-populated\">\n\t\t\t\t\t\t\t<div class=\"elementor-widget-wrap\">\n\t\t\t\t\t\t<div class=\"elementor-element elementor-element-390fcad3 elementor-widget elementor-widget-text-editor\" data-id=\"390fcad3\" data-element_type=\"widget\" data-widget_type=\"text-editor.default\">\n\t\t\t\t<div class=\"elementor-widget-container\">\n\t\t\t\t\t\t\t\t<div class=\"elementor-text-editor elementor-clearfix\">\n\t\t\t\t<h3>Bali une ile singuli\u00e8re en indon\u00e9sie<\/h3>\n<p>Dans un pays majoritairement musulman, une ile de tradition Hindoue, des paysages particuliers une culture et des traditions diff\u00e9rentres&#8230;<\/p>\n<p>Une ile &#8230;. entre le ciel et l&rsquo;eau<\/p>\t\t\t\t\t<\/div>\n\t\t\t\t\t\t<\/div>\n\t\t\t\t<\/div>\n\t\t\t\t\t\t<\/div>\n\t\t\t\t\t<\/div>\n\t\t<\/div>\n\t\t\t\t\t\t\t\t<\/div>\n\t\t\t\t\t<\/div>\n\t\t<\/section>\n\t\t\t\t<section class=\"elementor-section elementor-top-section elementor-element elementor-element-318c74f elementor-section-boxed elementor-section-height-default elementor-section-height-default\" data-id=\"318c74f\" data-element_type=\"section\">\n\t\t\t\t\t\t<div class=\"elementor-container elementor-column-gap-default\">\n\t\t\t\t\t\t\t<div class=\"elementor-row\">\n\t\t\t\t\t<div class=\"elementor-column elementor-col-100 elementor-top-column elementor-element elementor-element-868dca3\" data-id=\"868dca3\" data-element_type=\"column\">\n\t\t\t<div class=\"elementor-column-wrap elementor-element-populated\">\n\t\t\t\t\t\t\t<div class=\"elementor-widget-wrap\">\n\t\t\t\t\t\t<div class=\"elementor-element elementor-element-56f5342 elementor-grid-eael-col-2 elementor-widget__width-inherit elementor-grid-tablet-eael-col-2 elementor-grid-mobile-eael-col-1 elementor-invisible elementor-widget elementor-widget-eael-post-grid\" data-id=\"56f5342\" data-element_type=\"widget\" data-settings=\"{&quot;eael_post_grid_columns&quot;:&quot;eael-col-2&quot;,&quot;_animation&quot;:&quot;fadeIn&quot;,&quot;eael_post_grid_columns_tablet&quot;:&quot;eael-col-2&quot;,&quot;eael_post_grid_columns_mobile&quot;:&quot;eael-col-1&quot;}\" data-widget_type=\"eael-post-grid.default\">\n\t\t\t\t<div class=\"elementor-widget-container\">\n\t\t\t<div id=\"eael-post-grid-56f5342\" class=\"eael-post-grid-container\">\n            <div class=\"eael-post-grid eael-post-appender eael-post-appender-56f5342 eael-post-grid-style-one\" data-layout-mode=\"masonry\"><article class=\"eael-grid-post eael-post-grid-column\" data-id=\"2355\">\n        <div class=\"eael-grid-post-holder\">\n            <div class=\"eael-grid-post-holder-inner\"><div class=\"eael-entry-media\"><div class=\"eael-entry-overlay fade-in\"><i class=\"fab fa-yammer\" aria-hidden=\"true\"><\/i><a href=\"http:\/\/corcia.org\/Im2020\/ubud-von-dutsch\/\"><\/a><\/div><div class=\"eael-entry-thumbnail \">\n                <img loading=\"lazy\" decoding=\"async\" width=\"160\" height=\"120\" src=\"http:\/\/corcia.org\/Im2020\/wp-content\/uploads\/ubud-avac-sasha-160x120.jpg\" class=\"attachment-futurio-thumbnail size-futurio-thumbnail wp-image-2357\" alt=\"\" \/>\n            <\/div>\n        <\/div><div class=\"eael-entry-wrapper\"><header class=\"eael-entry-header\"><h2 class=\"eael-entry-title\"><a\n                        class=\"eael-grid-post-link\"\n                        href=\"http:\/\/corcia.org\/Im2020\/ubud-von-dutsch\/\"\n                        title=\"Ubud &#8211;  Von Dutsch\">Ubud &#8211;  Von Dutsch<\/a><\/h2><\/header><div class=\"eael-entry-content\">\n                        <div class=\"eael-grid-post-excerpt\"><p>Dans une rue comer\u00e7ante de Ubud, nous avons trouv\u00e9 un magasin de v\u00eatements Von Dutch......<\/p><\/div>\n                    <\/div><\/div><\/div>\n        <\/div>\n    <\/article><article class=\"eael-grid-post eael-post-grid-column\" data-id=\"2269\">\n        <div class=\"eael-grid-post-holder\">\n            <div class=\"eael-grid-post-holder-inner\"><div class=\"eael-entry-media\"><div class=\"eael-entry-overlay fade-in\"><i class=\"fab fa-yammer\" aria-hidden=\"true\"><\/i><a href=\"http:\/\/corcia.org\/Im2020\/taman-dedari-ubud-bali\/\"><\/a><\/div><div class=\"eael-entry-thumbnail \">\n                <img loading=\"lazy\" decoding=\"async\" width=\"160\" height=\"120\" src=\"http:\/\/corcia.org\/Im2020\/wp-content\/uploads\/taman-Bali-2-160x120.jpg\" class=\"attachment-futurio-thumbnail size-futurio-thumbnail wp-image-2284\" alt=\"\" \/>\n            <\/div>\n        <\/div><div class=\"eael-entry-wrapper\"><header class=\"eael-entry-header\"><h2 class=\"eael-entry-title\"><a\n                        class=\"eael-grid-post-link\"\n                        href=\"http:\/\/corcia.org\/Im2020\/taman-dedari-ubud-bali\/\"\n                        title=\"Taman Dedari &#8211; Ubud Bali\">Taman Dedari &#8211; Ubud Bali<\/a><\/h2><\/header><div class=\"eael-entry-content\">\n                        <div class=\"eael-grid-post-excerpt\"><p>We were in Bali for the THIRD\u00a0 wedding of David et Cammy,\u00a0 so we had.....<\/p><\/div>\n                    <\/div><\/div><\/div>\n        <\/div>\n    <\/article><article class=\"eael-grid-post eael-post-grid-column\" data-id=\"2473\">\n        <div class=\"eael-grid-post-holder\">\n            <div class=\"eael-grid-post-holder-inner\"><div class=\"eael-entry-media\"><div class=\"eael-entry-overlay fade-in\"><i class=\"fab fa-yammer\" aria-hidden=\"true\"><\/i><a href=\"http:\/\/corcia.org\/Im2020\/ubud-sidemen\/\"><\/a><\/div><div class=\"eael-entry-thumbnail \">\n                <img loading=\"lazy\" decoding=\"async\" width=\"160\" height=\"120\" src=\"http:\/\/corcia.org\/Im2020\/wp-content\/uploads\/milieu-bali-gaelle--160x120.jpg\" class=\"attachment-futurio-thumbnail size-futurio-thumbnail wp-image-2476\" alt=\"\" \/>\n            <\/div>\n        <\/div><div class=\"eael-entry-wrapper\"><header class=\"eael-entry-header\"><h2 class=\"eael-entry-title\"><a\n                        class=\"eael-grid-post-link\"\n                        href=\"http:\/\/corcia.org\/Im2020\/ubud-sidemen\/\"\n                        title=\"Ubud &#8211;  Sidemen\">Ubud &#8211;  Sidemen<\/a><\/h2><\/header><div class=\"eael-entry-content\">\n                        <div class=\"eael-grid-post-excerpt\"><p>Quelque part entre Ubud et Sidemen, notre chauffeur nous a arr\u00eat\u00e9s dans un mus\u00e9e&nbsp; des.....<\/p><\/div>\n                    <\/div><\/div><\/div>\n        <\/div>\n    <\/article><article class=\"eael-grid-post eael-post-grid-column\" data-id=\"2482\">\n        <div class=\"eael-grid-post-holder\">\n            <div class=\"eael-grid-post-holder-inner\"><div class=\"eael-entry-media\"><div class=\"eael-entry-overlay fade-in\"><i class=\"fab fa-yammer\" aria-hidden=\"true\"><\/i><a href=\"http:\/\/corcia.org\/Im2020\/bali-deesse\/\"><\/a><\/div><div class=\"eael-entry-thumbnail \">\n                <img loading=\"lazy\" decoding=\"async\" width=\"160\" height=\"120\" src=\"http:\/\/corcia.org\/Im2020\/wp-content\/uploads\/shiva-ubud-160x120.jpg\" class=\"attachment-futurio-thumbnail size-futurio-thumbnail wp-image-2477\" alt=\"\" \/>\n            <\/div>\n        <\/div><div class=\"eael-entry-wrapper\"><header class=\"eael-entry-header\"><h2 class=\"eael-entry-title\"><a\n                        class=\"eael-grid-post-link\"\n                        href=\"http:\/\/corcia.org\/Im2020\/bali-deesse\/\"\n                        title=\"Bali &#8211; D\u00e9esse\">Bali &#8211; D\u00e9esse<\/a><\/h2><\/header><div class=\"eael-entry-content\">\n                        <div class=\"eael-grid-post-excerpt\"><p>La mythologie Balinaise est tr\u00e8s riche&nbsp; et b\u00e9n\u00e9ficie des apports de plusieurs cultures avec une.....<\/p><\/div>\n                    <\/div><\/div><\/div>\n        <\/div>\n    <\/article><\/div>\n            <div class=\"clearfix\"><\/div>\n        <\/div>\t\t<\/div>\n\t\t\t\t<\/div>\n\t\t\t\t\t\t<\/div>\n\t\t\t\t\t<\/div>\n\t\t<\/div>\n\t\t\t\t\t\t\t\t<\/div>\n\t\t\t\t\t<\/div>\n\t\t<\/section>\n\t\t\t\t\t\t\t\t\t<\/div>\n\t\t\t<\/div>\n\t\t\t\t\t<\/div>\n\t\t","protected":false},"excerpt":{"rendered":"<p>Bali une ile singuli\u00e8re en indon\u00e9sie Dans un pays majoritairement musulman, une ile de tradition Hindoue, des paysages particuliers une culture et des traditions diff\u00e9rentres&#8230; Une ile &#8230;. entre le ciel et l&rsquo;eau No posts found!<\/p>\n","protected":false},"author":1,"featured_media":0,"parent":0,"menu_order":0,"comment_status":"closed","ping_status":"closed","template":"","meta":{"_vp_format_video_url":"","_vp_image_focal_point":[],"footnotes":"","_wp_rev_ctl_limit":""},"class_list":["post-2261","page","type-page","status-publish","hentry"],"_links":{"self":[{"href":"http:\/\/corcia.org\/Im2020\/wp-json\/wp\/v2\/pages\/2261","targetHints":{"allow":["GET"]}}],"collection":[{"href":"http:\/\/corcia.org\/Im2020\/wp-json\/wp\/v2\/pages"}],"about":[{"href":"http:\/\/corcia.org\/Im2020\/wp-json\/wp\/v2\/types\/page"}],"author":[{"embeddable":true,"href":"http:\/\/corcia.org\/Im2020\/wp-json\/wp\/v2\/users\/1"}],"replies":[{"embeddable":true,"href":"http:\/\/corcia.org\/Im2020\/wp-json\/wp\/v2\/comments?post=2261"}],"version-history":[{"count":4,"href":"http:\/\/corcia.org\/Im2020\/wp-json\/wp\/v2\/pages\/2261\/revisions"}],"predecessor-version":[{"id":2297,"href":"http:\/\/corcia.org\/Im2020\/wp-json\/wp\/v2\/pages\/2261\/revisions\/2297"}],"wp:attachment":[{"href":"http:\/\/corcia.org\/Im2020\/wp-json\/wp\/v2\/media?parent=2261"}],"curies":[{"name":"wp","href":"https:\/\/api.w.org\/{rel}","templated":true}]}}