{"id":218,"date":"2015-12-28T17:21:58","date_gmt":"2015-12-28T17:21:58","guid":{"rendered":"http:\/\/corcia.org\/Imitations\/?page_id=218"},"modified":"2020-03-01T14:05:23","modified_gmt":"2020-03-01T13:05:23","slug":"nyc-le-moma","status":"publish","type":"page","link":"http:\/\/corcia.org\/Im2020\/nyc-le-moma\/","title":{"rendered":"NYC &#8211; Le MOMA"},"content":{"rendered":"\t\t<div data-elementor-type=\"wp-page\" data-elementor-id=\"218\" class=\"elementor elementor-218\">\n\t\t\t\t\t\t<div class=\"elementor-inner\">\n\t\t\t\t<div class=\"elementor-section-wrap\">\n\t\t\t\t\t\t\t\t\t<section class=\"elementor-section elementor-top-section elementor-element elementor-element-689542bf elementor-section-boxed elementor-section-height-default elementor-section-height-default\" data-id=\"689542bf\" data-element_type=\"section\">\n\t\t\t\t\t\t<div class=\"elementor-container elementor-column-gap-default\">\n\t\t\t\t\t\t\t<div class=\"elementor-row\">\n\t\t\t\t\t<div class=\"elementor-column elementor-col-100 elementor-top-column elementor-element elementor-element-594f70bf\" data-id=\"594f70bf\" data-element_type=\"column\">\n\t\t\t<div class=\"elementor-column-wrap elementor-element-populated\">\n\t\t\t\t\t\t\t<div class=\"elementor-widget-wrap\">\n\t\t\t\t\t\t<div class=\"elementor-element elementor-element-3bf63a7e elementor-widget elementor-widget-text-editor\" data-id=\"3bf63a7e\" data-element_type=\"widget\" data-widget_type=\"text-editor.default\">\n\t\t\t\t<div class=\"elementor-widget-container\">\n\t\t\t\t\t\t\t\t<div class=\"elementor-text-editor elementor-clearfix\">\n\t\t\t\t<h3>A New York, Bien sur il y a le MOMA\u00a0 !<\/h3><p>(Museum Of Modern Art)<\/p><p>Il est situ\u00e9 au centre du Manhattan le plus select entre 5 eme et 6 eme avenue au niveau de la 53 eme rue.<\/p><p><em>C&rsquo;est un mus\u00e9e d&rsquo;art moderne et contemporain inaugur\u00e9 en 1929 . Abby Aldrich Rockefeller (\u00e9pouse de John D. Rockefeller, Jr.) et deux de ses amies\u00a0m\u00e9c\u00e8nes influentes et progressistes <\/em>(toutes trois certainement d\u00e9s\u0153uvr\u00e9es et d\u00e9sargent\u00e9es<em>), sont illumin\u00e9es par l&rsquo;absolue n\u00e9cessit\u00e9 de\u00a0 contester les politiques conservatrices des mus\u00e9es traditionnels aux \u00c9tats-Unis. Elles d\u00e9cident de cr\u00e9er une institution vou\u00e9e exclusivement \u00e0 l&rsquo;art moderne qui aura pour r\u00f4le de conserver des \u0153uvres connues mais d&rsquo;ouvrir \u00e9galement ses portes \u00e0 de jeunes artistes.\u00a0 <\/em>( Merci Wikip\u00e9dia)<\/p><p>\u00a0<\/p>\t\t\t\t\t<\/div>\n\t\t\t\t\t\t<\/div>\n\t\t\t\t<\/div>\n\t\t\t\t\t\t<\/div>\n\t\t\t\t\t<\/div>\n\t\t<\/div>\n\t\t\t\t\t\t\t\t<\/div>\n\t\t\t\t\t<\/div>\n\t\t<\/section>\n\t\t\t\t<section class=\"elementor-section elementor-top-section elementor-element elementor-element-69d1744 elementor-section-boxed elementor-section-height-default elementor-section-height-default\" data-id=\"69d1744\" data-element_type=\"section\">\n\t\t\t\t\t\t<div class=\"elementor-container elementor-column-gap-default\">\n\t\t\t\t\t\t\t<div class=\"elementor-row\">\n\t\t\t\t\t<div class=\"elementor-column elementor-col-100 elementor-top-column elementor-element elementor-element-fb9e5a6\" data-id=\"fb9e5a6\" data-element_type=\"column\">\n\t\t\t<div class=\"elementor-column-wrap elementor-element-populated\">\n\t\t\t\t\t\t\t<div class=\"elementor-widget-wrap\">\n\t\t\t\t\t\t<div class=\"elementor-element elementor-element-ae1e349 elementor-grid-eael-col-2 elementor-widget__width-inherit elementor-grid-tablet-eael-col-2 elementor-grid-mobile-eael-col-1 elementor-invisible elementor-widget elementor-widget-eael-post-grid\" data-id=\"ae1e349\" data-element_type=\"widget\" data-settings=\"{&quot;eael_post_grid_columns&quot;:&quot;eael-col-2&quot;,&quot;_animation&quot;:&quot;fadeIn&quot;,&quot;eael_post_grid_columns_tablet&quot;:&quot;eael-col-2&quot;,&quot;eael_post_grid_columns_mobile&quot;:&quot;eael-col-1&quot;}\" data-widget_type=\"eael-post-grid.default\">\n\t\t\t\t<div class=\"elementor-widget-container\">\n\t\t\t<div id=\"eael-post-grid-ae1e349\" class=\"eael-post-grid-container\">\n            <div class=\"eael-post-grid eael-post-appender eael-post-appender-ae1e349 eael-post-grid-style-one\" data-layout-mode=\"masonry\"><article class=\"eael-grid-post eael-post-grid-column\" data-id=\"75\">\n        <div class=\"eael-grid-post-holder\">\n            <div class=\"eael-grid-post-holder-inner\"><div class=\"eael-entry-media\"><div class=\"eael-entry-overlay fade-in\"><i class=\"fab fa-yammer\" aria-hidden=\"true\"><\/i><a href=\"http:\/\/corcia.org\/Im2020\/la-riviere-de-mailloles\/\"><\/a><\/div><div class=\"eael-entry-thumbnail \">\n                <img loading=\"lazy\" decoding=\"async\" width=\"144\" height=\"120\" src=\"http:\/\/corcia.org\/Im2020\/wp-content\/uploads\/2015\/05\/MOMA-NYC-MAILLOLLES-La-rivie\u0301re-1.jpg\" class=\"attachment-futurio-thumbnail size-futurio-thumbnail wp-image-86\" alt=\"\" srcset=\"http:\/\/corcia.org\/Im2020\/wp-content\/uploads\/2015\/05\/MOMA-NYC-MAILLOLLES-La-rivie\u0301re-1.jpg 558w, http:\/\/corcia.org\/Im2020\/wp-content\/uploads\/2015\/05\/MOMA-NYC-MAILLOLLES-La-rivie\u0301re-1-300x251.jpg 300w\" sizes=\"auto, (max-width: 144px) 100vw, 144px\" \/>\n            <\/div>\n        <\/div><div class=\"eael-entry-wrapper\"><header class=\"eael-entry-header\"><h2 class=\"eael-entry-title\"><a\n                        class=\"eael-grid-post-link\"\n                        href=\"http:\/\/corcia.org\/Im2020\/la-riviere-de-mailloles\/\"\n                        title=\"New York  &#8211; \u00ab\u00a0La rivi\u00e8re\u00a0\u00bb de Mailloles\">New York  &#8211; \u00ab\u00a0La rivi\u00e8re\u00a0\u00bb de Mailloles<\/a><\/h2><\/header><div class=\"eael-entry-content\">\n                        <div class=\"eael-grid-post-excerpt\"><p>Mailloles comme Rubens aime les femmes bien en chair voire surr\u00e9alistement bien en chair. Cette.....<\/p><\/div>\n                    <\/div><\/div><\/div>\n        <\/div>\n    <\/article><article class=\"eael-grid-post eael-post-grid-column\" data-id=\"71\">\n        <div class=\"eael-grid-post-holder\">\n            <div class=\"eael-grid-post-holder-inner\"><div class=\"eael-entry-media\"><div class=\"eael-entry-overlay fade-in\"><i class=\"fab fa-yammer\" aria-hidden=\"true\"><\/i><a href=\"http:\/\/corcia.org\/Im2020\/le-balzac-de-rodin\/\"><\/a><\/div><div class=\"eael-entry-thumbnail \">\n                <img loading=\"lazy\" decoding=\"async\" width=\"145\" height=\"120\" src=\"http:\/\/corcia.org\/Im2020\/wp-content\/uploads\/2015\/05\/MOMA-NYC-RODIN-BalZAC-e1431978313449-1.jpg\" class=\"attachment-futurio-thumbnail size-futurio-thumbnail wp-image-29\" alt=\"\" srcset=\"http:\/\/corcia.org\/Im2020\/wp-content\/uploads\/2015\/05\/MOMA-NYC-RODIN-BalZAC-e1431978313449-1.jpg 381w, http:\/\/corcia.org\/Im2020\/wp-content\/uploads\/2015\/05\/MOMA-NYC-RODIN-BalZAC-e1431978313449-1-300x249.jpg 300w\" sizes=\"auto, (max-width: 145px) 100vw, 145px\" \/>\n            <\/div>\n        <\/div><div class=\"eael-entry-wrapper\"><header class=\"eael-entry-header\"><h2 class=\"eael-entry-title\"><a\n                        class=\"eael-grid-post-link\"\n                        href=\"http:\/\/corcia.org\/Im2020\/le-balzac-de-rodin\/\"\n                        title=\"New York &#8211; Le Balzac de Rodin\">New York &#8211; Le Balzac de Rodin<\/a><\/h2><\/header><div class=\"eael-entry-content\">\n                        <div class=\"eael-grid-post-excerpt\"><p>Lorsque Rodin a produit cette statue de BALZAC , c\u2019\u00e9tait une commande de..la Soci\u00e9t\u00e9 des.....<\/p><\/div>\n                    <\/div><\/div><\/div>\n        <\/div>\n    <\/article><article class=\"eael-grid-post eael-post-grid-column\" data-id=\"73\">\n        <div class=\"eael-grid-post-holder\">\n            <div class=\"eael-grid-post-holder-inner\"><div class=\"eael-entry-media\"><div class=\"eael-entry-overlay fade-in\"><i class=\"fab fa-yammer\" aria-hidden=\"true\"><\/i><a href=\"http:\/\/corcia.org\/Im2020\/double-elvis-de-andy-warhol\/\"><\/a><\/div><div class=\"eael-entry-thumbnail \">\n                <img loading=\"lazy\" decoding=\"async\" width=\"68\" height=\"120\" src=\"http:\/\/corcia.org\/Im2020\/wp-content\/uploads\/2015\/05\/Moma-NYC-elvis-copie-1.jpg\" class=\"attachment-futurio-thumbnail size-futurio-thumbnail wp-image-38\" alt=\"\" srcset=\"http:\/\/corcia.org\/Im2020\/wp-content\/uploads\/2015\/05\/Moma-NYC-elvis-copie-1.jpg 394w, http:\/\/corcia.org\/Im2020\/wp-content\/uploads\/2015\/05\/Moma-NYC-elvis-copie-1-169x300.jpg 169w\" sizes=\"auto, (max-width: 68px) 100vw, 68px\" \/>\n            <\/div>\n        <\/div><div class=\"eael-entry-wrapper\"><header class=\"eael-entry-header\"><h2 class=\"eael-entry-title\"><a\n                        class=\"eael-grid-post-link\"\n                        href=\"http:\/\/corcia.org\/Im2020\/double-elvis-de-andy-warhol\/\"\n                        title=\"New York &#8211; \u00ab\u00a0Double Elvis\u00a0\u00bb de Andy Warhol\">New York &#8211; \u00ab\u00a0Double Elvis\u00a0\u00bb de Andy Warhol<\/a><\/h2><\/header><div class=\"eael-entry-content\">\n                        <div class=\"eael-grid-post-excerpt\"><p>Warhol, un excellent marketteur de l\u2019art, repr\u00e9sentait beaucoup les icones de son \u00e9poque: Marylin bien.....<\/p><\/div>\n                    <\/div><\/div><\/div>\n        <\/div>\n    <\/article><\/div>\n            <div class=\"clearfix\"><\/div>\n        <\/div>\t\t<\/div>\n\t\t\t\t<\/div>\n\t\t\t\t\t\t<\/div>\n\t\t\t\t\t<\/div>\n\t\t<\/div>\n\t\t\t\t\t\t\t\t<\/div>\n\t\t\t\t\t<\/div>\n\t\t<\/section>\n\t\t\t\t\t\t\t\t\t<\/div>\n\t\t\t<\/div>\n\t\t\t\t\t<\/div>\n\t\t","protected":false},"excerpt":{"rendered":"<p>A New York, Bien sur il y a le MOMA\u00a0 ! (Museum Of Modern Art) Il est situ\u00e9 au centre du Manhattan le plus select entre 5 eme et 6 eme avenue au niveau de la 53 eme rue. C&rsquo;est un mus\u00e9e d&rsquo;art moderne et contemporain inaugur\u00e9 en 1929 . Abby Aldrich Rockefeller (\u00e9pouse de&hellip;<\/p>\n","protected":false},"author":1,"featured_media":0,"parent":0,"menu_order":0,"comment_status":"open","ping_status":"open","template":"","meta":{"_vp_format_video_url":"","_vp_image_focal_point":[],"footnotes":"","_wp_rev_ctl_limit":""},"class_list":["post-218","page","type-page","status-publish","hentry"],"_links":{"self":[{"href":"http:\/\/corcia.org\/Im2020\/wp-json\/wp\/v2\/pages\/218","targetHints":{"allow":["GET"]}}],"collection":[{"href":"http:\/\/corcia.org\/Im2020\/wp-json\/wp\/v2\/pages"}],"about":[{"href":"http:\/\/corcia.org\/Im2020\/wp-json\/wp\/v2\/types\/page"}],"author":[{"embeddable":true,"href":"http:\/\/corcia.org\/Im2020\/wp-json\/wp\/v2\/users\/1"}],"replies":[{"embeddable":true,"href":"http:\/\/corcia.org\/Im2020\/wp-json\/wp\/v2\/comments?post=218"}],"version-history":[{"count":0,"href":"http:\/\/corcia.org\/Im2020\/wp-json\/wp\/v2\/pages\/218\/revisions"}],"wp:attachment":[{"href":"http:\/\/corcia.org\/Im2020\/wp-json\/wp\/v2\/media?parent=218"}],"curies":[{"name":"wp","href":"https:\/\/api.w.org\/{rel}","templated":true}]}}