{"id":209,"date":"2015-12-28T15:20:04","date_gmt":"2015-12-28T15:20:04","guid":{"rendered":"http:\/\/corcia.org\/Imitations\/?page_id=209"},"modified":"2020-03-01T08:44:52","modified_gmt":"2020-03-01T07:44:52","slug":"seattle","status":"publish","type":"page","link":"http:\/\/corcia.org\/Im2020\/seattle\/","title":{"rendered":"Seattle"},"content":{"rendered":"\t\t<div data-elementor-type=\"wp-page\" data-elementor-id=\"209\" class=\"elementor elementor-209\">\n\t\t\t\t\t\t<div class=\"elementor-inner\">\n\t\t\t\t<div class=\"elementor-section-wrap\">\n\t\t\t\t\t\t\t\t\t<section class=\"elementor-section elementor-top-section elementor-element elementor-element-110709d7 elementor-section-boxed elementor-section-height-default elementor-section-height-default\" data-id=\"110709d7\" data-element_type=\"section\">\n\t\t\t\t\t\t<div class=\"elementor-container elementor-column-gap-default\">\n\t\t\t\t\t\t\t<div class=\"elementor-row\">\n\t\t\t\t\t<div class=\"elementor-column elementor-col-100 elementor-top-column elementor-element elementor-element-2d079538\" data-id=\"2d079538\" data-element_type=\"column\">\n\t\t\t<div class=\"elementor-column-wrap elementor-element-populated\">\n\t\t\t\t\t\t\t<div class=\"elementor-widget-wrap\">\n\t\t\t\t\t\t<div class=\"elementor-element elementor-element-668d7575 elementor-widget elementor-widget-text-editor\" data-id=\"668d7575\" data-element_type=\"widget\" data-widget_type=\"text-editor.default\">\n\t\t\t\t<div class=\"elementor-widget-container\">\n\t\t\t\t\t\t\t\t<div class=\"elementor-text-editor elementor-clearfix\">\n\t\t\t\t<h3>Des chercheurs d&rsquo;or&#8230; vers la high tech.<\/h3><p>Si c\u2019est une ville connue pour ses nuits blanches (Meg Ryan et Tom Hanks) elle devrait aussi \u00eatre connue pour son humidit\u00e9. Situ\u00e9e comme la Normandie au nord ouest du continent, Seattle b\u00e9n\u00e9ficie d\u2019un r\u00e9gime de vent de Nord Ouest qui assure des gazons et des pins de l\u2019Or\u00e9gon toujours verts.<\/p><p>Le site au milieu de lacs marins \u00e9tait occup\u00e9 par des Indiens\u00a0 (Seath est le nom d\u2019un chef indien) depuis plus de 6000 ans lorsque les aventuriers de la conqu\u00eate de l\u2019ouest ont d\u00e9barqu\u00e9. La ville a d\u2019abord\u00a0 \u00e9t\u00e9 un lieu mar\u00e9cageux et r\u00e9guli\u00e8rement inond\u00e9 \u00e0 mar\u00e9e haute. Au moment de la ru\u00e9e vers l\u2019or vers le Klondike en Alaska, Seattle est devenue un port important de d\u00e9part vers ces contr\u00e9es.<\/p><h3>Un debut aventurier&#8230;<\/h3><p>Pour s\u2019affranchir des mar\u00e9es, le niveau des rues a \u00e9t\u00e9 remont\u00e9 de trois m\u00e8tres. Des commerces florissants de fournisseurs de pelles, pioches et mat\u00e9riel des prospection se sont mont\u00e9s dans le vieux port comme de fabricants de v\u00eatements \u00e0 partir de toiles de tente import\u00e9es de N\u00eemes (la toile \u00ab\u00a0Denim\u00a0\u00bb) dont le fameux Levi Strauss.<\/p><p>Un recensement \u00e0 la fin du 19 si\u00e8cle fait appara\u00eetre \u00e9galement une industrie locale importante, ce sont les femmes dont le m\u00e9tier \u00e9tait d\u2019\u00eatre \u00ab\u00a0couturi\u00e8res\u00a0\u00bb. M\u00e9tier qui se pratique plus dans les \u00ab\u00a0saloons\u00a0\u00bb que dans des ateliers avec machine \u00e0 coudre.<\/p><p>A partir\u00a0 du d\u00e9but du 20eme si\u00e8cle la ville s\u2019est d\u00e9velopp\u00e9e suivant un sch\u00e9ma finalement assez proche de San Francisco. Elle comporte\u00a0 une \u00ab\u00a0downtown\u00a0\u00bb avec des entrep\u00f4ts pr\u00e8s du port. Ici il n\u2019y a pas eu d\u2019influence espagnole donc pas de \u00ab\u00a0Mission\u00a0\u00bb \u00e9vang\u00e9lique mais plut\u00f4t des bastringues.<\/p><h3>Puis une industrie forte<\/h3><p>Un constructeur local r\u00e9put\u00e9 des meubles\u00a0 d\u00e9cide au d\u00e9but du XX si\u00e8cle de se lancer dans la construction en bois de ces nouveaux objets volants. C\u2019est le d\u00e9but de l\u2019histoire de Boeing qui deviendra le premier constructeur mondial d\u2019avions civils et militaires.<\/p><p>Un enfant du pays, Bill, originaire de Redmond dans la banlieue de Seattle, d\u00e9cide avec quelques copains barbus \u00e0 lunettes de d\u00e9velopper un compilateur pour le langage \u00ab\u00a0Basic\u00a0\u00bb. Ce sera le d\u00e9but de l\u2019aventure de Microsoft qui sera pendant plusieurs d\u00e9cennies le leader mondial des logiciels pour micro ordinateurs.<\/p><p>\u00a0<\/p>\t\t\t\t\t<\/div>\n\t\t\t\t\t\t<\/div>\n\t\t\t\t<\/div>\n\t\t\t\t\t\t<\/div>\n\t\t\t\t\t<\/div>\n\t\t<\/div>\n\t\t\t\t\t\t\t\t<\/div>\n\t\t\t\t\t<\/div>\n\t\t<\/section>\n\t\t\t\t<section class=\"elementor-section elementor-top-section elementor-element elementor-element-919929e elementor-section-boxed elementor-section-height-default elementor-section-height-default\" data-id=\"919929e\" data-element_type=\"section\">\n\t\t\t\t\t\t<div class=\"elementor-container elementor-column-gap-default\">\n\t\t\t\t\t\t\t<div class=\"elementor-row\">\n\t\t\t\t\t<div class=\"elementor-column elementor-col-100 elementor-top-column elementor-element elementor-element-adcd047\" data-id=\"adcd047\" data-element_type=\"column\">\n\t\t\t<div class=\"elementor-column-wrap elementor-element-populated\">\n\t\t\t\t\t\t\t<div class=\"elementor-widget-wrap\">\n\t\t\t\t\t\t<div class=\"elementor-element elementor-element-aab4f6b elementor-grid-eael-col-2 elementor-widget__width-inherit elementor-grid-tablet-eael-col-2 elementor-grid-mobile-eael-col-1 elementor-invisible elementor-widget elementor-widget-eael-post-grid\" data-id=\"aab4f6b\" data-element_type=\"widget\" data-settings=\"{&quot;eael_post_grid_columns&quot;:&quot;eael-col-2&quot;,&quot;_animation&quot;:&quot;fadeIn&quot;,&quot;eael_post_grid_columns_tablet&quot;:&quot;eael-col-2&quot;,&quot;eael_post_grid_columns_mobile&quot;:&quot;eael-col-1&quot;}\" data-widget_type=\"eael-post-grid.default\">\n\t\t\t\t<div class=\"elementor-widget-container\">\n\t\t\t<div id=\"eael-post-grid-aab4f6b\" class=\"eael-post-grid-container\">\n            <div class=\"eael-post-grid eael-post-appender eael-post-appender-aab4f6b eael-post-grid-style-one\" data-layout-mode=\"masonry\"><article class=\"eael-grid-post eael-post-grid-column\" data-id=\"215\">\n        <div class=\"eael-grid-post-holder\">\n            <div class=\"eael-grid-post-holder-inner\"><div class=\"eael-entry-media\"><div class=\"eael-entry-overlay fade-in\"><i class=\"fab fa-yammer\" aria-hidden=\"true\"><\/i><a href=\"http:\/\/corcia.org\/Im2020\/215-2\/\"><\/a><\/div><div class=\"eael-entry-thumbnail \">\n                <img loading=\"lazy\" decoding=\"async\" width=\"151\" height=\"120\" src=\"http:\/\/corcia.org\/Im2020\/wp-content\/uploads\/2015\/12\/pompiers-2-1.jpg\" class=\"attachment-futurio-thumbnail size-futurio-thumbnail wp-image-216\" alt=\"\" srcset=\"http:\/\/corcia.org\/Im2020\/wp-content\/uploads\/2015\/12\/pompiers-2-1.jpg 700w, http:\/\/corcia.org\/Im2020\/wp-content\/uploads\/2015\/12\/pompiers-2-1-300x238.jpg 300w\" sizes=\"auto, (max-width: 151px) 100vw, 151px\" \/>\n            <\/div>\n        <\/div><div class=\"eael-entry-wrapper\"><header class=\"eael-entry-header\"><h2 class=\"eael-entry-title\"><a\n                        class=\"eael-grid-post-link\"\n                        href=\"http:\/\/corcia.org\/Im2020\/215-2\/\"\n                        title=\"Seattle &#8211; La lance des pompiers\">Seattle &#8211; La lance des pompiers<\/a><\/h2><\/header><div class=\"eael-entry-content\">\n                        <div class=\"eael-grid-post-excerpt\"><p>Sur cette place du centre ville, un monument pour rendre hommage aux pompiers. Comme beaucoup.....<\/p><\/div>\n                    <\/div><\/div><\/div>\n        <\/div>\n    <\/article><article class=\"eael-grid-post eael-post-grid-column\" data-id=\"684\">\n        <div class=\"eael-grid-post-holder\">\n            <div class=\"eael-grid-post-holder-inner\"><div class=\"eael-entry-media\"><div class=\"eael-entry-overlay fade-in\"><i class=\"fab fa-yammer\" aria-hidden=\"true\"><\/i><a href=\"http:\/\/corcia.org\/Im2020\/seattle-hommage-pompiers\/\"><\/a><\/div><div class=\"eael-entry-thumbnail \">\n                <img loading=\"lazy\" decoding=\"async\" width=\"160\" height=\"118\" src=\"http:\/\/corcia.org\/Im2020\/wp-content\/uploads\/2015\/12\/Seattle-Pompiers-1-1.jpg\" class=\"attachment-futurio-thumbnail size-futurio-thumbnail wp-image-208\" alt=\"\" srcset=\"http:\/\/corcia.org\/Im2020\/wp-content\/uploads\/2015\/12\/Seattle-Pompiers-1-1.jpg 799w, http:\/\/corcia.org\/Im2020\/wp-content\/uploads\/2015\/12\/Seattle-Pompiers-1-1-300x220.jpg 300w, http:\/\/corcia.org\/Im2020\/wp-content\/uploads\/2015\/12\/Seattle-Pompiers-1-1-768x564.jpg 768w\" sizes=\"auto, (max-width: 160px) 100vw, 160px\" \/>\n            <\/div>\n        <\/div><div class=\"eael-entry-wrapper\"><header class=\"eael-entry-header\"><h2 class=\"eael-entry-title\"><a\n                        class=\"eael-grid-post-link\"\n                        href=\"http:\/\/corcia.org\/Im2020\/seattle-hommage-pompiers\/\"\n                        title=\"Seattle &#8211; Hommage Pompiers\">Seattle &#8211; Hommage Pompiers<\/a><\/h2><\/header><div class=\"eael-entry-content\">\n                        <div class=\"eael-grid-post-excerpt\"><p><\/p><\/div>\n                    <\/div><\/div><\/div>\n        <\/div>\n    <\/article><\/div>\n            <div class=\"clearfix\"><\/div>\n        <\/div>\t\t<\/div>\n\t\t\t\t<\/div>\n\t\t\t\t\t\t<\/div>\n\t\t\t\t\t<\/div>\n\t\t<\/div>\n\t\t\t\t\t\t\t\t<\/div>\n\t\t\t\t\t<\/div>\n\t\t<\/section>\n\t\t\t\t\t\t\t\t\t<\/div>\n\t\t\t<\/div>\n\t\t\t\t\t<\/div>\n\t\t","protected":false},"excerpt":{"rendered":"<p>Des chercheurs d&rsquo;or&#8230; vers la high tech. Si c\u2019est une ville connue pour ses nuits blanches (Meg Ryan et Tom Hanks) elle devrait aussi \u00eatre connue pour son humidit\u00e9. Situ\u00e9e comme la Normandie au nord ouest du continent, Seattle b\u00e9n\u00e9ficie d\u2019un r\u00e9gime de vent de Nord Ouest qui assure des gazons et des pins de&hellip;<\/p>\n","protected":false},"author":1,"featured_media":0,"parent":0,"menu_order":0,"comment_status":"open","ping_status":"open","template":"","meta":{"_vp_format_video_url":"","_vp_image_focal_point":[],"footnotes":"","_wp_rev_ctl_limit":""},"class_list":["post-209","page","type-page","status-publish","hentry"],"_links":{"self":[{"href":"http:\/\/corcia.org\/Im2020\/wp-json\/wp\/v2\/pages\/209","targetHints":{"allow":["GET"]}}],"collection":[{"href":"http:\/\/corcia.org\/Im2020\/wp-json\/wp\/v2\/pages"}],"about":[{"href":"http:\/\/corcia.org\/Im2020\/wp-json\/wp\/v2\/types\/page"}],"author":[{"embeddable":true,"href":"http:\/\/corcia.org\/Im2020\/wp-json\/wp\/v2\/users\/1"}],"replies":[{"embeddable":true,"href":"http:\/\/corcia.org\/Im2020\/wp-json\/wp\/v2\/comments?post=209"}],"version-history":[{"count":0,"href":"http:\/\/corcia.org\/Im2020\/wp-json\/wp\/v2\/pages\/209\/revisions"}],"wp:attachment":[{"href":"http:\/\/corcia.org\/Im2020\/wp-json\/wp\/v2\/media?parent=209"}],"curies":[{"name":"wp","href":"https:\/\/api.w.org\/{rel}","templated":true}]}}