{"id":1694,"date":"2020-08-01T15:27:25","date_gmt":"2020-08-01T13:27:25","guid":{"rendered":"http:\/\/corcia.org\/Im2020\/?page_id=1694"},"modified":"2024-10-31T22:09:45","modified_gmt":"2024-10-31T21:09:45","slug":"orleans","status":"publish","type":"page","link":"http:\/\/corcia.org\/Im2020\/orleans\/","title":{"rendered":"Orl\u00e9ans"},"content":{"rendered":"\t\t<div data-elementor-type=\"wp-page\" data-elementor-id=\"1694\" class=\"elementor elementor-1694\">\n\t\t\t\t\t\t<div class=\"elementor-inner\">\n\t\t\t\t<div class=\"elementor-section-wrap\">\n\t\t\t\t\t\t\t\t\t<section class=\"elementor-section elementor-top-section elementor-element elementor-element-68f5f8e7 elementor-section-boxed elementor-section-height-default elementor-section-height-default\" data-id=\"68f5f8e7\" data-element_type=\"section\">\n\t\t\t\t\t\t<div class=\"elementor-container elementor-column-gap-default\">\n\t\t\t\t\t\t\t<div class=\"elementor-row\">\n\t\t\t\t\t<div class=\"elementor-column elementor-col-100 elementor-top-column elementor-element elementor-element-3c4d0b13\" data-id=\"3c4d0b13\" data-element_type=\"column\">\n\t\t\t<div class=\"elementor-column-wrap elementor-element-populated\">\n\t\t\t\t\t\t\t<div class=\"elementor-widget-wrap\">\n\t\t\t\t\t\t<div class=\"elementor-element elementor-element-3a476e2a elementor-widget elementor-widget-text-editor\" data-id=\"3a476e2a\" data-element_type=\"widget\" data-widget_type=\"text-editor.default\">\n\t\t\t\t<div class=\"elementor-widget-container\">\n\t\t\t\t\t\t\t\t<div class=\"elementor-text-editor elementor-clearfix\">\n\t\t\t\t<h3>Orl\u00e9ans,<\/h3><p>La Pucelle, La cath\u00e9drale , La loire, les ducs&#8230;<\/p><p>\u00a0<\/p>\t\t\t\t\t<\/div>\n\t\t\t\t\t\t<\/div>\n\t\t\t\t<\/div>\n\t\t\t\t\t\t<\/div>\n\t\t\t\t\t<\/div>\n\t\t<\/div>\n\t\t\t\t\t\t\t\t<\/div>\n\t\t\t\t\t<\/div>\n\t\t<\/section>\n\t\t\t\t<section class=\"elementor-section elementor-top-section elementor-element elementor-element-e0f6eea elementor-section-boxed elementor-section-height-default elementor-section-height-default\" data-id=\"e0f6eea\" data-element_type=\"section\">\n\t\t\t\t\t\t<div class=\"elementor-container elementor-column-gap-default\">\n\t\t\t\t\t\t\t<div class=\"elementor-row\">\n\t\t\t\t\t<div class=\"elementor-column elementor-col-100 elementor-top-column elementor-element elementor-element-49d90d3\" data-id=\"49d90d3\" data-element_type=\"column\">\n\t\t\t<div class=\"elementor-column-wrap elementor-element-populated\">\n\t\t\t\t\t\t\t<div class=\"elementor-widget-wrap\">\n\t\t\t\t\t\t<div class=\"elementor-element elementor-element-7862697 elementor-grid-eael-col-2 elementor-widget__width-inherit elementor-grid-tablet-eael-col-2 elementor-grid-mobile-eael-col-1 elementor-invisible elementor-widget elementor-widget-eael-post-grid\" data-id=\"7862697\" data-element_type=\"widget\" data-settings=\"{&quot;eael_post_grid_columns&quot;:&quot;eael-col-2&quot;,&quot;_animation&quot;:&quot;fadeIn&quot;,&quot;eael_post_grid_columns_tablet&quot;:&quot;eael-col-2&quot;,&quot;eael_post_grid_columns_mobile&quot;:&quot;eael-col-1&quot;}\" data-widget_type=\"eael-post-grid.default\">\n\t\t\t\t<div class=\"elementor-widget-container\">\n\t\t\t<div id=\"eael-post-grid-7862697\" class=\"eael-post-grid-container\">\n            <div class=\"eael-post-grid eael-post-appender eael-post-appender-7862697 eael-post-grid-style-one\" data-layout-mode=\"masonry\"><article class=\"eael-grid-post eael-post-grid-column\" data-id=\"1723\">\n        <div class=\"eael-grid-post-holder\">\n            <div class=\"eael-grid-post-holder-inner\"><div class=\"eael-entry-media\"><div class=\"eael-entry-overlay fade-in\"><i class=\"fab fa-yammer\" aria-hidden=\"true\"><\/i><a href=\"http:\/\/corcia.org\/Im2020\/orleans-st-jean\/\"><\/a><\/div><div class=\"eael-entry-thumbnail \">\n                <img loading=\"lazy\" decoding=\"async\" width=\"190\" height=\"300\" src=\"http:\/\/corcia.org\/Im2020\/wp-content\/uploads\/orleans-st-jean-190x300.jpg\" class=\"attachment-medium size-medium wp-image-1729\" alt=\"\" srcset=\"http:\/\/corcia.org\/Im2020\/wp-content\/uploads\/orleans-st-jean-190x300.jpg 190w, http:\/\/corcia.org\/Im2020\/wp-content\/uploads\/orleans-st-jean-316x500.jpg 316w, http:\/\/corcia.org\/Im2020\/wp-content\/uploads\/orleans-st-jean.jpg 443w\" sizes=\"auto, (max-width: 190px) 100vw, 190px\" \/>\n            <\/div>\n        <\/div><div class=\"eael-entry-wrapper\"><header class=\"eael-entry-header\"><h2 class=\"eael-entry-title\"><a\n                        class=\"eael-grid-post-link\"\n                        href=\"http:\/\/corcia.org\/Im2020\/orleans-st-jean\/\"\n                        title=\"Orl\u00e9ans- St Jean\">Orl\u00e9ans- St Jean<\/a><\/h2><\/header><div class=\"eael-entry-content\">\n                        <div class=\"eael-grid-post-excerpt\"><p>La cath\u00e9drale&nbsp; Sainte Croix d&rsquo;Orl\u00e9ans est Magnifique A Gauche du choeur, Une statue de St.....<\/p><\/div>\n                    <\/div><\/div><\/div>\n        <\/div>\n    <\/article><article class=\"eael-grid-post eael-post-grid-column\" data-id=\"1714\">\n        <div class=\"eael-grid-post-holder\">\n            <div class=\"eael-grid-post-holder-inner\"><div class=\"eael-entry-media\"><div class=\"eael-entry-overlay fade-in\"><i class=\"fab fa-yammer\" aria-hidden=\"true\"><\/i><a href=\"http:\/\/corcia.org\/Im2020\/orleans-la-loire\/\"><\/a><\/div><div class=\"eael-entry-thumbnail \">\n                <img loading=\"lazy\" decoding=\"async\" width=\"195\" height=\"300\" src=\"http:\/\/corcia.org\/Im2020\/wp-content\/uploads\/Orleans-loire-195x300.jpg\" class=\"attachment-medium size-medium wp-image-1716\" alt=\"\" srcset=\"http:\/\/corcia.org\/Im2020\/wp-content\/uploads\/Orleans-loire-195x300.jpg 195w, http:\/\/corcia.org\/Im2020\/wp-content\/uploads\/Orleans-loire-324x500.jpg 324w, http:\/\/corcia.org\/Im2020\/wp-content\/uploads\/Orleans-loire.jpg 519w\" sizes=\"auto, (max-width: 195px) 100vw, 195px\" \/>\n            <\/div>\n        <\/div><div class=\"eael-entry-wrapper\"><header class=\"eael-entry-header\"><h2 class=\"eael-entry-title\"><a\n                        class=\"eael-grid-post-link\"\n                        href=\"http:\/\/corcia.org\/Im2020\/orleans-la-loire\/\"\n                        title=\"Orl\u00e9ans- La Loire\">Orl\u00e9ans- La Loire<\/a><\/h2><\/header><div class=\"eael-entry-content\">\n                        <div class=\"eael-grid-post-excerpt\"><p>A Orl\u00e9ans coule la Loire. Fleuve mythique repr\u00e9sent\u00e9 ici par une femme car la Loire.....<\/p><\/div>\n                    <\/div><\/div><\/div>\n        <\/div>\n    <\/article><article class=\"eael-grid-post eael-post-grid-column\" data-id=\"1697\">\n        <div class=\"eael-grid-post-holder\">\n            <div class=\"eael-grid-post-holder-inner\"><div class=\"eael-entry-media\"><div class=\"eael-entry-overlay fade-in\"><i class=\"fab fa-yammer\" aria-hidden=\"true\"><\/i><a href=\"http:\/\/corcia.org\/Im2020\/orleans-seveur-du-memphis\/\"><\/a><\/div><div class=\"eael-entry-thumbnail \">\n                <img loading=\"lazy\" decoding=\"async\" width=\"169\" height=\"300\" src=\"http:\/\/corcia.org\/Im2020\/wp-content\/uploads\/orleans-memphis--169x300.jpg\" class=\"attachment-medium size-medium wp-image-1701\" alt=\"\" srcset=\"http:\/\/corcia.org\/Im2020\/wp-content\/uploads\/orleans-memphis--169x300.jpg 169w, http:\/\/corcia.org\/Im2020\/wp-content\/uploads\/orleans-memphis--281x500.jpg 281w, http:\/\/corcia.org\/Im2020\/wp-content\/uploads\/orleans-memphis-.jpg 450w\" sizes=\"auto, (max-width: 169px) 100vw, 169px\" \/>\n            <\/div>\n        <\/div><div class=\"eael-entry-wrapper\"><header class=\"eael-entry-header\"><h2 class=\"eael-entry-title\"><a\n                        class=\"eael-grid-post-link\"\n                        href=\"http:\/\/corcia.org\/Im2020\/orleans-seveur-du-memphis\/\"\n                        title=\"Orl\u00e9ans- Serveur du Memphis\">Orl\u00e9ans- Serveur du Memphis<\/a><\/h2><\/header><div class=\"eael-entry-content\">\n                        <div class=\"eael-grid-post-excerpt\"><p>Le centre ville d&rsquo;Orl\u00e9ans est particuli\u00e8rement bien r\u00e9nov\u00e9. On y trouve de nombreux restaurants et.....<\/p><\/div>\n                    <\/div><\/div><\/div>\n        <\/div>\n    <\/article><\/div>\n            <div class=\"clearfix\"><\/div>\n        <\/div>\t\t<\/div>\n\t\t\t\t<\/div>\n\t\t\t\t\t\t<\/div>\n\t\t\t\t\t<\/div>\n\t\t<\/div>\n\t\t\t\t\t\t\t\t<\/div>\n\t\t\t\t\t<\/div>\n\t\t<\/section>\n\t\t\t\t\t\t\t\t\t<\/div>\n\t\t\t<\/div>\n\t\t\t\t\t<\/div>\n\t\t","protected":false},"excerpt":{"rendered":"<p>Orl\u00e9ans, La Pucelle, La cath\u00e9drale , La loire, les ducs&#8230; \u00a0 Orl\u00e9ans- St Jean La cath\u00e9drale&nbsp; Sainte Croix d&#8217;Orl\u00e9ans est Magnifique A Gauche du choeur, Une statue de St&#8230;.. Orl\u00e9ans- La Loire A Orl\u00e9ans coule la Loire. Fleuve mythique repr\u00e9sent\u00e9 ici par une femme car la Loire&#8230;.. Orl\u00e9ans- Serveur du Memphis Le centre ville d&#8217;Orl\u00e9ans&hellip;<\/p>\n","protected":false},"author":1,"featured_media":0,"parent":0,"menu_order":0,"comment_status":"closed","ping_status":"closed","template":"","meta":{"_vp_format_video_url":"","_vp_image_focal_point":[],"footnotes":"","_wp_rev_ctl_limit":""},"class_list":["post-1694","page","type-page","status-publish","hentry"],"_links":{"self":[{"href":"http:\/\/corcia.org\/Im2020\/wp-json\/wp\/v2\/pages\/1694","targetHints":{"allow":["GET"]}}],"collection":[{"href":"http:\/\/corcia.org\/Im2020\/wp-json\/wp\/v2\/pages"}],"about":[{"href":"http:\/\/corcia.org\/Im2020\/wp-json\/wp\/v2\/types\/page"}],"author":[{"embeddable":true,"href":"http:\/\/corcia.org\/Im2020\/wp-json\/wp\/v2\/users\/1"}],"replies":[{"embeddable":true,"href":"http:\/\/corcia.org\/Im2020\/wp-json\/wp\/v2\/comments?post=1694"}],"version-history":[{"count":3,"href":"http:\/\/corcia.org\/Im2020\/wp-json\/wp\/v2\/pages\/1694\/revisions"}],"predecessor-version":[{"id":2409,"href":"http:\/\/corcia.org\/Im2020\/wp-json\/wp\/v2\/pages\/1694\/revisions\/2409"}],"wp:attachment":[{"href":"http:\/\/corcia.org\/Im2020\/wp-json\/wp\/v2\/media?parent=1694"}],"curies":[{"name":"wp","href":"https:\/\/api.w.org\/{rel}","templated":true}]}}