{"id":169,"date":"2015-12-27T19:50:50","date_gmt":"2015-12-27T19:50:50","guid":{"rendered":"http:\/\/corcia.org\/Imitations\/?page_id=169"},"modified":"2024-10-31T22:24:16","modified_gmt":"2024-10-31T21:24:16","slug":"cote-ouest-us","status":"publish","type":"page","link":"http:\/\/corcia.org\/Im2020\/cote-ouest-us\/","title":{"rendered":"Cote Ouest Us"},"content":{"rendered":"\t\t<div data-elementor-type=\"wp-page\" data-elementor-id=\"169\" class=\"elementor elementor-169\">\n\t\t\t\t\t\t<div class=\"elementor-inner\">\n\t\t\t\t<div class=\"elementor-section-wrap\">\n\t\t\t\t\t\t\t\t\t<section class=\"elementor-section elementor-top-section elementor-element elementor-element-1c5b18eb elementor-section-boxed elementor-section-height-default elementor-section-height-default\" data-id=\"1c5b18eb\" data-element_type=\"section\">\n\t\t\t\t\t\t<div class=\"elementor-container elementor-column-gap-default\">\n\t\t\t\t\t\t\t<div class=\"elementor-row\">\n\t\t\t\t\t<div class=\"elementor-column elementor-col-100 elementor-top-column elementor-element elementor-element-7574052c\" data-id=\"7574052c\" data-element_type=\"column\">\n\t\t\t<div class=\"elementor-column-wrap elementor-element-populated\">\n\t\t\t\t\t\t\t<div class=\"elementor-widget-wrap\">\n\t\t\t\t\t\t<div class=\"elementor-element elementor-element-7cbb5d4d elementor-widget elementor-widget-text-editor\" data-id=\"7cbb5d4d\" data-element_type=\"widget\" data-widget_type=\"text-editor.default\">\n\t\t\t\t<div class=\"elementor-widget-container\">\n\t\t\t\t\t\t\t\t<div class=\"elementor-text-editor elementor-clearfix\">\n\t\t\t\t<h3>Les Pionniers<\/h3>\n<p>La cote Ouest c&rsquo;est le pays des pionniers; au XIX si\u00e8cle les immigrants dans le chariots b\u00e2ch\u00e9s allaient conqu\u00e9rir les plaines sauvages et faire progresser le pays vers les terres inconnues jusqu&rsquo;\u00e0 rencontrer le pacifique, puis le chemin de fer a permis d&rsquo;apporter la civilisation, les banques et les hors la loi.<\/p>\n<p>Au XX si\u00e8cle c&rsquo;est la d\u00e9couverte de l&rsquo;or noir, l\u2019\u00e9nergie qui assurera le d\u00e9veloppement. La Silicon Valley c&rsquo;est le terrain des nouveau explorateurs, la technologie c&rsquo;est l&rsquo;\u00e9nergie qui repousse les limites du d\u00e9veloppement des ann\u00e9es futures.<\/p>\n<p>L&rsquo;ouest c&rsquo;est aussi Hollywood et les paysages de western, les Casinos de las Vegas, le grand Canyon&#8230;<\/p>\t\t\t\t\t<\/div>\n\t\t\t\t\t\t<\/div>\n\t\t\t\t<\/div>\n\t\t\t\t\t\t<\/div>\n\t\t\t\t\t<\/div>\n\t\t<\/div>\n\t\t\t\t\t\t\t\t<\/div>\n\t\t\t\t\t<\/div>\n\t\t<\/section>\n\t\t\t\t<section class=\"elementor-section elementor-top-section elementor-element elementor-element-9ca43d6 elementor-section-boxed elementor-section-height-default elementor-section-height-default\" data-id=\"9ca43d6\" data-element_type=\"section\">\n\t\t\t\t\t\t<div class=\"elementor-container elementor-column-gap-default\">\n\t\t\t\t\t\t\t<div class=\"elementor-row\">\n\t\t\t\t\t<div class=\"elementor-column elementor-col-100 elementor-top-column elementor-element elementor-element-c2d4bf5\" data-id=\"c2d4bf5\" data-element_type=\"column\">\n\t\t\t<div class=\"elementor-column-wrap elementor-element-populated\">\n\t\t\t\t\t\t\t<div class=\"elementor-widget-wrap\">\n\t\t\t\t\t\t<div class=\"elementor-element elementor-element-c9076fd elementor-grid-eael-col-2 elementor-widget__width-inherit elementor-grid-tablet-eael-col-2 elementor-grid-mobile-eael-col-1 elementor-invisible elementor-widget elementor-widget-eael-post-grid\" data-id=\"c9076fd\" data-element_type=\"widget\" data-settings=\"{&quot;eael_post_grid_columns&quot;:&quot;eael-col-2&quot;,&quot;_animation&quot;:&quot;fadeIn&quot;,&quot;eael_post_grid_columns_tablet&quot;:&quot;eael-col-2&quot;,&quot;eael_post_grid_columns_mobile&quot;:&quot;eael-col-1&quot;}\" data-widget_type=\"eael-post-grid.default\">\n\t\t\t\t<div class=\"elementor-widget-container\">\n\t\t\t<div id=\"eael-post-grid-c9076fd\" class=\"eael-post-grid-container\">\n            <div class=\"eael-post-grid eael-post-appender eael-post-appender-c9076fd eael-post-grid-style-one\" data-layout-mode=\"masonry\"><article class=\"eael-grid-post eael-post-grid-column\" data-id=\"1950\">\n        <div class=\"eael-grid-post-holder\">\n            <div class=\"eael-grid-post-holder-inner\"><div class=\"eael-entry-media\"><div class=\"eael-entry-overlay fade-in\"><i class=\"fab fa-yammer\" aria-hidden=\"true\"><\/i><a href=\"http:\/\/corcia.org\/Im2020\/picton-statue-mahori\/\"><\/a><\/div><div class=\"eael-entry-thumbnail \">\n                <img loading=\"lazy\" decoding=\"async\" width=\"225\" height=\"300\" src=\"http:\/\/corcia.org\/Im2020\/wp-content\/uploads\/Picton-statue-Mahori-225x300.jpg\" class=\"attachment-medium size-medium wp-image-1952\" alt=\"\" srcset=\"http:\/\/corcia.org\/Im2020\/wp-content\/uploads\/Picton-statue-Mahori-225x300.jpg 225w, http:\/\/corcia.org\/Im2020\/wp-content\/uploads\/Picton-statue-Mahori-375x500.jpg 375w, http:\/\/corcia.org\/Im2020\/wp-content\/uploads\/Picton-statue-Mahori-600x800.jpg 600w, http:\/\/corcia.org\/Im2020\/wp-content\/uploads\/Picton-statue-Mahori.jpg 700w\" sizes=\"auto, (max-width: 225px) 100vw, 225px\" \/>\n            <\/div>\n        <\/div><div class=\"eael-entry-wrapper\"><header class=\"eael-entry-header\"><h2 class=\"eael-entry-title\"><a\n                        class=\"eael-grid-post-link\"\n                        href=\"http:\/\/corcia.org\/Im2020\/picton-statue-mahori\/\"\n                        title=\"Picton &#8211; Statue Maori\">Picton &#8211; Statue Maori<\/a><\/h2><\/header><div class=\"eael-entry-content\">\n                        <div class=\"eael-grid-post-excerpt\"><p>Picton est le port d&#039;embarquement de ferrries pour l&#039;ile nord\u00a0 de la nouvelle Z\u00e9lande. Toute.....<\/p><\/div>\n                    <\/div><\/div><\/div>\n        <\/div>\n    <\/article><article class=\"eael-grid-post eael-post-grid-column\" data-id=\"202\">\n        <div class=\"eael-grid-post-holder\">\n            <div class=\"eael-grid-post-holder-inner\"><div class=\"eael-entry-media\"><div class=\"eael-entry-overlay fade-in\"><i class=\"fab fa-yammer\" aria-hidden=\"true\"><\/i><a href=\"http:\/\/corcia.org\/Im2020\/sfo-singes-sur-un-banc\/\"><\/a><\/div><div class=\"eael-entry-thumbnail \">\n                <img loading=\"lazy\" decoding=\"async\" width=\"300\" height=\"229\" src=\"http:\/\/corcia.org\/Im2020\/wp-content\/uploads\/2015\/12\/singes-SFO-1-300x229.jpg\" class=\"attachment-medium size-medium wp-image-206\" alt=\"\" srcset=\"http:\/\/corcia.org\/Im2020\/wp-content\/uploads\/2015\/12\/singes-SFO-1-300x229.jpg 300w, http:\/\/corcia.org\/Im2020\/wp-content\/uploads\/2015\/12\/singes-SFO-1.jpg 700w\" sizes=\"auto, (max-width: 300px) 100vw, 300px\" \/>\n            <\/div>\n        <\/div><div class=\"eael-entry-wrapper\"><header class=\"eael-entry-header\"><h2 class=\"eael-entry-title\"><a\n                        class=\"eael-grid-post-link\"\n                        href=\"http:\/\/corcia.org\/Im2020\/sfo-singes-sur-un-banc\/\"\n                        title=\"SFO -Singes sur un banc\">SFO -Singes sur un banc<\/a><\/h2><\/header><div class=\"eael-entry-content\">\n                        <div class=\"eael-grid-post-excerpt\"><p>Pourquoi il y a t-il des singes sur ce banc a San Francisco ? je.....<\/p><\/div>\n                    <\/div><\/div><\/div>\n        <\/div>\n    <\/article><article class=\"eael-grid-post eael-post-grid-column\" data-id=\"188\">\n        <div class=\"eael-grid-post-holder\">\n            <div class=\"eael-grid-post-holder-inner\"><div class=\"eael-entry-media\"><div class=\"eael-entry-overlay fade-in\"><i class=\"fab fa-yammer\" aria-hidden=\"true\"><\/i><a href=\"http:\/\/corcia.org\/Im2020\/bryce-canyon-chercheur-or\/\"><\/a><\/div><div class=\"eael-entry-thumbnail \">\n                <img loading=\"lazy\" decoding=\"async\" width=\"250\" height=\"300\" src=\"http:\/\/corcia.org\/Im2020\/wp-content\/uploads\/2015\/12\/Chercheur-OR-1-250x300.jpg\" class=\"attachment-medium size-medium wp-image-189\" alt=\"\" srcset=\"http:\/\/corcia.org\/Im2020\/wp-content\/uploads\/2015\/12\/Chercheur-OR-1-250x300.jpg 250w, http:\/\/corcia.org\/Im2020\/wp-content\/uploads\/2015\/12\/Chercheur-OR-1.jpg 566w\" sizes=\"auto, (max-width: 250px) 100vw, 250px\" \/>\n            <\/div>\n        <\/div><div class=\"eael-entry-wrapper\"><header class=\"eael-entry-header\"><h2 class=\"eael-entry-title\"><a\n                        class=\"eael-grid-post-link\"\n                        href=\"http:\/\/corcia.org\/Im2020\/bryce-canyon-chercheur-or\/\"\n                        title=\"Bryce canyon- Chercheur Or\">Bryce canyon- Chercheur Or<\/a><\/h2><\/header><div class=\"eael-entry-content\">\n                        <div class=\"eael-grid-post-excerpt\"><p>En 1875, le charpentier mormon Ebenezer Bryce et sa famille s&rsquo;installent dans la localit\u00e9 et.....<\/p><\/div>\n                    <\/div><\/div><\/div>\n        <\/div>\n    <\/article><article class=\"eael-grid-post eael-post-grid-column\" data-id=\"683\">\n        <div class=\"eael-grid-post-holder\">\n            <div class=\"eael-grid-post-holder-inner\"><div class=\"eael-entry-media\"><div class=\"eael-entry-overlay fade-in\"><i class=\"fab fa-yammer\" aria-hidden=\"true\"><\/i><a href=\"http:\/\/corcia.org\/Im2020\/la-vegas-cesar-au-palace\/\"><\/a><\/div><div class=\"eael-entry-thumbnail \">\n                <img loading=\"lazy\" decoding=\"async\" width=\"171\" height=\"300\" src=\"http:\/\/corcia.org\/Im2020\/wp-content\/uploads\/2015\/12\/cesar-au-palace-1-171x300.jpg\" class=\"attachment-medium size-medium wp-image-167\" alt=\"\" srcset=\"http:\/\/corcia.org\/Im2020\/wp-content\/uploads\/2015\/12\/cesar-au-palace-1-171x300.jpg 171w, http:\/\/corcia.org\/Im2020\/wp-content\/uploads\/2015\/12\/cesar-au-palace-1.jpg 399w\" sizes=\"auto, (max-width: 171px) 100vw, 171px\" \/>\n            <\/div>\n        <\/div><div class=\"eael-entry-wrapper\"><header class=\"eael-entry-header\"><h2 class=\"eael-entry-title\"><a\n                        class=\"eael-grid-post-link\"\n                        href=\"http:\/\/corcia.org\/Im2020\/la-vegas-cesar-au-palace\/\"\n                        title=\"Las Vegas- C\u00e9sar au palace\">Las Vegas- C\u00e9sar au palace<\/a><\/h2><\/header><div class=\"eael-entry-content\">\n                        <div class=\"eael-grid-post-excerpt\"><p>Las Vegas est un mirage du d\u00e9sert du Nevada&#8230; qui est devenu r\u00e9alit\u00e9. Avant il.....<\/p><\/div>\n                    <\/div><\/div><\/div>\n        <\/div>\n    <\/article><article class=\"eael-grid-post eael-post-grid-column\" data-id=\"164\">\n        <div class=\"eael-grid-post-holder\">\n            <div class=\"eael-grid-post-holder-inner\"><div class=\"eael-entry-media\"><div class=\"eael-entry-overlay fade-in\"><i class=\"fab fa-yammer\" aria-hidden=\"true\"><\/i><a href=\"http:\/\/corcia.org\/Im2020\/lours-de-kanab\/\"><\/a><\/div><div class=\"eael-entry-thumbnail \">\n                <img loading=\"lazy\" decoding=\"async\" width=\"174\" height=\"300\" src=\"http:\/\/corcia.org\/Im2020\/wp-content\/uploads\/2015\/12\/ours-cite-cinema-1-174x300.jpg\" class=\"attachment-medium size-medium wp-image-165\" alt=\"\" srcset=\"http:\/\/corcia.org\/Im2020\/wp-content\/uploads\/2015\/12\/ours-cite-cinema-1-174x300.jpg 174w, http:\/\/corcia.org\/Im2020\/wp-content\/uploads\/2015\/12\/ours-cite-cinema-1.jpg 405w\" sizes=\"auto, (max-width: 174px) 100vw, 174px\" \/>\n            <\/div>\n        <\/div><div class=\"eael-entry-wrapper\"><header class=\"eael-entry-header\"><h2 class=\"eael-entry-title\"><a\n                        class=\"eael-grid-post-link\"\n                        href=\"http:\/\/corcia.org\/Im2020\/lours-de-kanab\/\"\n                        title=\"Kanab (US) &#8211; L&rsquo;Ours\">Kanab (US) &#8211; L&rsquo;Ours<\/a><\/h2><\/header><div class=\"eael-entry-content\">\n                        <div class=\"eael-grid-post-excerpt\"><p>!&#8211; wp:image {\u00ab\u00a0id\u00a0\u00bb:663,\u00a0\u00bbsizeSlug\u00a0\u00bb:\u00a0\u00bblarge\u00a0\u00bb} &#8211;&gt; Pr\u00e8s du parc Naturel de Bryce Canyon, on rencontre\u00a0 la ville\u00a0.....<\/p><\/div>\n                    <\/div><\/div><\/div>\n        <\/div>\n    <\/article><article class=\"eael-grid-post eael-post-grid-column\" data-id=\"185\">\n        <div class=\"eael-grid-post-holder\">\n            <div class=\"eael-grid-post-holder-inner\"><div class=\"eael-entry-media\"><div class=\"eael-entry-overlay fade-in\"><i class=\"fab fa-yammer\" aria-hidden=\"true\"><\/i><a href=\"http:\/\/corcia.org\/Im2020\/sausalito-un-marine\/\"><\/a><\/div><div class=\"eael-entry-thumbnail \">\n                <img loading=\"lazy\" decoding=\"async\" width=\"262\" height=\"300\" src=\"http:\/\/corcia.org\/Im2020\/wp-content\/uploads\/2015\/12\/Sausalito-1-262x300.jpg\" class=\"attachment-medium size-medium wp-image-186\" alt=\"\" srcset=\"http:\/\/corcia.org\/Im2020\/wp-content\/uploads\/2015\/12\/Sausalito-1-262x300.jpg 262w, http:\/\/corcia.org\/Im2020\/wp-content\/uploads\/2015\/12\/Sausalito-1.jpg 612w\" sizes=\"auto, (max-width: 262px) 100vw, 262px\" \/>\n            <\/div>\n        <\/div><div class=\"eael-entry-wrapper\"><header class=\"eael-entry-header\"><h2 class=\"eael-entry-title\"><a\n                        class=\"eael-grid-post-link\"\n                        href=\"http:\/\/corcia.org\/Im2020\/sausalito-un-marine\/\"\n                        title=\"Sausalito &#8211; un Marine\">Sausalito &#8211; un Marine<\/a><\/h2><\/header><div class=\"eael-entry-content\">\n                        <div class=\"eael-grid-post-excerpt\"><p>. Juste de l&rsquo;autre cot\u00e9 du Golden Gate, en face d&rsquo;Alcatraz, Sausalito \u00e9tait autrefois une.....<\/p><\/div>\n                    <\/div><\/div><\/div>\n        <\/div>\n    <\/article><\/div>\n            <div class=\"clearfix\"><\/div>\n        <\/div>\t\t<\/div>\n\t\t\t\t<\/div>\n\t\t\t\t\t\t<\/div>\n\t\t\t\t\t<\/div>\n\t\t<\/div>\n\t\t\t\t\t\t\t\t<\/div>\n\t\t\t\t\t<\/div>\n\t\t<\/section>\n\t\t\t\t\t\t\t\t\t<\/div>\n\t\t\t<\/div>\n\t\t\t\t\t<\/div>\n\t\t","protected":false},"excerpt":{"rendered":"<p>Les Pionniers La cote Ouest c&rsquo;est le pays des pionniers; au XIX si\u00e8cle les immigrants dans le chariots b\u00e2ch\u00e9s allaient conqu\u00e9rir les plaines sauvages et faire progresser le pays vers les terres inconnues jusqu&rsquo;\u00e0 rencontrer le pacifique, puis le chemin de fer a permis d&rsquo;apporter la civilisation, les banques et les hors la loi. Au&hellip;<\/p>\n","protected":false},"author":1,"featured_media":0,"parent":0,"menu_order":0,"comment_status":"open","ping_status":"open","template":"","meta":{"_vp_format_video_url":"","_vp_image_focal_point":[],"footnotes":"","_wp_rev_ctl_limit":""},"class_list":["post-169","page","type-page","status-publish","hentry"],"_links":{"self":[{"href":"http:\/\/corcia.org\/Im2020\/wp-json\/wp\/v2\/pages\/169","targetHints":{"allow":["GET"]}}],"collection":[{"href":"http:\/\/corcia.org\/Im2020\/wp-json\/wp\/v2\/pages"}],"about":[{"href":"http:\/\/corcia.org\/Im2020\/wp-json\/wp\/v2\/types\/page"}],"author":[{"embeddable":true,"href":"http:\/\/corcia.org\/Im2020\/wp-json\/wp\/v2\/users\/1"}],"replies":[{"embeddable":true,"href":"http:\/\/corcia.org\/Im2020\/wp-json\/wp\/v2\/comments?post=169"}],"version-history":[{"count":3,"href":"http:\/\/corcia.org\/Im2020\/wp-json\/wp\/v2\/pages\/169\/revisions"}],"predecessor-version":[{"id":2427,"href":"http:\/\/corcia.org\/Im2020\/wp-json\/wp\/v2\/pages\/169\/revisions\/2427"}],"wp:attachment":[{"href":"http:\/\/corcia.org\/Im2020\/wp-json\/wp\/v2\/media?parent=169"}],"curies":[{"name":"wp","href":"https:\/\/api.w.org\/{rel}","templated":true}]}}